{"id":9547,"date":"2022-02-01T20:18:12","date_gmt":"2022-02-01T19:18:12","guid":{"rendered":"https:\/\/meeplendice.net\/?page_id=9547"},"modified":"2022-02-01T20:41:30","modified_gmt":"2022-02-01T19:41:30","slug":"harry-potter-bataille-a-poudlard-defense-contre-les-forces-du-mal-2","status":"publish","type":"page","link":"https:\/\/meeplendice.net\/?page_id=9547","title":{"rendered":"Harry Potter &#8211; Bataille \u00e0 Poudlard : D\u00e9fense contre les Forces du Mal"},"content":{"rendered":"<div id=\"pl-9547\"  class=\"panel-layout\" ><div id=\"pg-9547-0\"  class=\"panel-grid panel-no-style\" ><div id=\"pgc-9547-0-0\"  class=\"panel-grid-cell\" ><div id=\"panel-9547-0-0-0\" class=\"so-panel widget widget_sow-editor panel-first-child panel-last-child\" data-index=\"0\" ><div\n\t\t\t\n\t\t\tclass=\"so-widget-sow-editor so-widget-sow-editor-base\"\n\t\t\t\n\t\t>\n<div class=\"siteorigin-widget-tinymce textwidget\">\n\t<p style=\"text-align: center;\"><strong>Nombre de joueurs :<\/strong><br \/>\n2 - 2<\/p>\n<\/div>\n<\/div><\/div><\/div><div id=\"pgc-9547-0-1\"  class=\"panel-grid-cell\" ><div id=\"panel-9547-0-1-0\" class=\"so-panel widget widget_sow-editor panel-first-child panel-last-child\" data-index=\"1\" ><div\n\t\t\t\n\t\t\tclass=\"so-widget-sow-editor so-widget-sow-editor-base\"\n\t\t\t\n\t\t>\n<div class=\"siteorigin-widget-tinymce textwidget\">\n\t<p style=\"text-align: center;\"><strong>Dur\u00e9e moyenne :<\/strong><br \/>\n60 min<\/p>\n<\/div>\n<\/div><\/div><\/div><div id=\"pgc-9547-0-2\"  class=\"panel-grid-cell\" ><div id=\"panel-9547-0-2-0\" class=\"so-panel widget widget_sow-editor panel-first-child panel-last-child\" data-index=\"2\" ><div\n\t\t\t\n\t\t\tclass=\"so-widget-sow-editor so-widget-sow-editor-base\"\n\t\t\t\n\t\t>\n<div class=\"siteorigin-widget-tinymce textwidget\">\n\t<p style=\"text-align: center;\"><strong>Age :<\/strong><br \/>\n11 ans et plus<\/p>\n<\/div>\n<\/div><\/div><\/div><\/div><div id=\"pg-9547-1\"  class=\"panel-grid panel-no-style\" ><div id=\"pgc-9547-1-0\"  class=\"panel-grid-cell\" ><div id=\"panel-9547-1-0-0\" class=\"so-panel widget widget_sow-editor panel-first-child panel-last-child\" data-index=\"3\" ><div\n\t\t\t\n\t\t\tclass=\"so-widget-sow-editor so-widget-sow-editor-base\"\n\t\t\t\n\t\t>\n<div class=\"siteorigin-widget-tinymce textwidget\">\n\t<p style=\"text-align: center;\"><strong>Auteur(s) :<br \/>\n<\/strong>Kami Mandell<br \/>\nAndrew Wolf<\/p>\n<\/div>\n<\/div><\/div><\/div><div id=\"pgc-9547-1-1\"  class=\"panel-grid-cell\" ><div id=\"panel-9547-1-1-0\" class=\"so-panel widget widget_sow-editor panel-first-child panel-last-child\" data-index=\"4\" ><div\n\t\t\t\n\t\t\tclass=\"so-widget-sow-editor so-widget-sow-editor-base\"\n\t\t\t\n\t\t>\n<div class=\"siteorigin-widget-tinymce textwidget\">\n\t<p style=\"text-align: center;\"><strong>Illustrations :<\/strong><br \/>\n<span class=\"data-siloing\" title=\"D\u00e9couvrez tous ces jeux\" data-siloing=\"https:\/\/www.philibertnet.com\/fr\/recherche?feature=41&amp;feature_value=Joe Van Wetering\">Joe Van Wetering<\/span><\/p>\n<\/div>\n<\/div><\/div><\/div><div id=\"pgc-9547-1-2\"  class=\"panel-grid-cell\" ><div id=\"panel-9547-1-2-0\" class=\"so-panel widget widget_sow-editor panel-first-child panel-last-child\" data-index=\"5\" ><div\n\t\t\t\n\t\t\tclass=\"so-widget-sow-editor so-widget-sow-editor-base\"\n\t\t\t\n\t\t>\n<div class=\"siteorigin-widget-tinymce textwidget\">\n\t<p style=\"text-align: center;\"><strong>\u00c9dition :<\/strong><br \/>\n<span class=\"data-siloing\" data-siloing=\"\n\n                                                            https:\/\/www.philibertnet.com\/fr\/1604_usaopoly\n\n                            \">USAopoly<br \/>\n2020<\/span><\/p>\n<\/div>\n<\/div><\/div><\/div><div id=\"pgc-9547-1-3\"  class=\"panel-grid-cell\" ><div id=\"panel-9547-1-3-0\" class=\"so-panel widget widget_sow-editor panel-first-child panel-last-child\" data-index=\"6\" ><div\n\t\t\t\n\t\t\tclass=\"so-widget-sow-editor so-widget-sow-editor-base\"\n\t\t\t\n\t\t>\n<div class=\"siteorigin-widget-tinymce textwidget\">\n\t<p style=\"text-align: center;\"><strong>Version :<\/strong><br \/>\nFran\u00e7aise<\/p>\n<\/div>\n<\/div><\/div><\/div><\/div><div id=\"pg-9547-2\"  class=\"panel-grid panel-no-style\" ><div id=\"pgc-9547-2-0\"  class=\"panel-grid-cell\" ><div id=\"panel-9547-2-0-0\" class=\"so-panel widget widget_sow-editor panel-first-child panel-last-child\" data-index=\"7\" ><div\n\t\t\t\n\t\t\tclass=\"so-widget-sow-editor so-widget-sow-editor-base\"\n\t\t\t\n\t\t>\n<div class=\"siteorigin-widget-tinymce textwidget\">\n\t<hr \/>\n<p><em>Face \u00e0 la recrudescence des manifestations de magie noire, le directeur Albus Dumbledore a autoris\u00e9 les \u00e9tudiants \u00e0 suivre des cours pratiques de D\u00e9fense contre les Forces du Mal afin de s\u2019assurer qu\u2019ils sachent se prot\u00e9ger. Sous la supervision des professeurs de Poudlard, les \u00e9l\u00e8ves lanceront des Sorts et des Mal\u00e9fices, utiliseront des Objets et gagneront des Alli\u00e9s dans le but d\u2019\u00e9tourdir leurs adversaires et d\u2019apprendre \u00e0 se d\u00e9fendre contre le mal.<\/em><\/p>\n<p><em>Harry Potter : Bataille \u00e0 Poudlard - D\u00e9fense contre les Forces du Mal<\/em> est un jeu de deckbuilding comp\u00e9titif pour 2 joueurs. L\u2019objectif de chaque round est d\u2019\u00e9tourdir votre adversaire. Pour remporter la partie, vous devrez y parvenir trois fois en tout.<\/p>\n<\/div>\n<\/div><\/div><\/div><\/div><div id=\"pg-9547-3\"  class=\"panel-grid panel-no-style\" ><div id=\"pgc-9547-3-0\"  class=\"panel-grid-cell\" ><div id=\"panel-9547-3-0-0\" class=\"so-panel widget widget_sow-editor panel-first-child panel-last-child\" data-index=\"8\" ><div\n\t\t\t\n\t\t\tclass=\"so-widget-sow-editor so-widget-sow-editor-base\"\n\t\t\t\n\t\t>\n<div class=\"siteorigin-widget-tinymce textwidget\">\n\t<hr \/>\n<h3 style=\"text-align: center;\">En vid\u00e9o<\/h3>\n<\/div>\n<\/div><\/div><\/div><\/div><div id=\"pg-9547-4\"  class=\"panel-grid panel-no-style\" ><div id=\"pgc-9547-4-0\"  class=\"panel-grid-cell\" ><div id=\"panel-9547-4-0-0\" class=\"so-panel widget widget_sow-editor panel-first-child panel-last-child\" data-index=\"9\" ><div\n\t\t\t\n\t\t\tclass=\"so-widget-sow-editor so-widget-sow-editor-base\"\n\t\t\t\n\t\t>\n<div class=\"siteorigin-widget-tinymce textwidget\">\n\t<hr \/>\n<h3 style=\"text-align: center;\">Pour aller plus loin<\/h3>\n<\/div>\n<\/div><\/div><\/div><\/div><\/div>","protected":false},"excerpt":{"rendered":"<p>Nombre de joueurs : 2 &#8211; 2 Dur\u00e9e moyenne : 60 min Age : 11 ans et plus Auteur(s) : Kami Mandell Andrew Wolf Illustrations : Joe Van Wetering \u00c9dition : USAopoly 2020 Version : Fran\u00e7aise<\/p>\n","protected":false},"author":2,"featured_media":8989,"parent":0,"menu_order":0,"comment_status":"closed","ping_status":"closed","template":"","meta":{"footnotes":""},"class_list":["post-9547","page","type-page","status-publish","has-post-thumbnail","hentry"],"acf":[],"rttpg_featured_image_url":{"full":["https:\/\/meeplendice.net\/wp-content\/uploads\/2022\/01\/HP_Defenceforcedumal.png",350,350,false],"landscape":["https:\/\/meeplendice.net\/wp-content\/uploads\/2022\/01\/HP_Defenceforcedumal.png",350,350,false],"portraits":["https:\/\/meeplendice.net\/wp-content\/uploads\/2022\/01\/HP_Defenceforcedumal.png",350,350,false],"thumbnail":["https:\/\/meeplendice.net\/wp-content\/uploads\/2022\/01\/HP_Defenceforcedumal-150x150.png",150,150,true],"medium":["https:\/\/meeplendice.net\/wp-content\/uploads\/2022\/01\/HP_Defenceforcedumal-300x300.png",300,300,true],"large":["https:\/\/meeplendice.net\/wp-content\/uploads\/2022\/01\/HP_Defenceforcedumal.png",350,350,false],"ug_big":["https:\/\/meeplendice.net\/wp-content\/uploads\/2022\/01\/HP_Defenceforcedumal.png",350,350,false],"1536x1536":["https:\/\/meeplendice.net\/wp-content\/uploads\/2022\/01\/HP_Defenceforcedumal.png",350,350,false],"2048x2048":["https:\/\/meeplendice.net\/wp-content\/uploads\/2022\/01\/HP_Defenceforcedumal.png",350,350,false],"ashe-slider-grid-thumbnail":["https:\/\/meeplendice.net\/wp-content\/uploads\/2022\/01\/HP_Defenceforcedumal.png",350,350,false],"ashe-full-thumbnail":["https:\/\/meeplendice.net\/wp-content\/uploads\/2022\/01\/HP_Defenceforcedumal.png",350,350,false],"ashe-grid-thumbnail":["https:\/\/meeplendice.net\/wp-content\/uploads\/2022\/01\/HP_Defenceforcedumal-350x330.png",350,330,true],"ashe-list-thumbnail":["https:\/\/meeplendice.net\/wp-content\/uploads\/2022\/01\/HP_Defenceforcedumal-300x300.png",300,300,true],"ashe-single-navigation":["https:\/\/meeplendice.net\/wp-content\/uploads\/2022\/01\/HP_Defenceforcedumal-75x75.png",75,75,true],"mailpoet_newsletter_max":["https:\/\/meeplendice.net\/wp-content\/uploads\/2022\/01\/HP_Defenceforcedumal.png",350,350,false],"rpwe-thumbnail":["https:\/\/meeplendice.net\/wp-content\/uploads\/2022\/01\/HP_Defenceforcedumal-45x45.png",45,45,true],"sow-carousel-default":["https:\/\/meeplendice.net\/wp-content\/uploads\/2022\/01\/HP_Defenceforcedumal-272x182.png",272,182,true],"rt_custom":["https:\/\/meeplendice.net\/wp-content\/uploads\/2022\/01\/HP_Defenceforcedumal.png",350,350,false]},"rttpg_author":{"display_name":"Karnby","author_link":"https:\/\/meeplendice.net\/?author=2"},"rttpg_comment":0,"rttpg_category":null,"rttpg_excerpt":"Nombre de joueurs : 2 - 2 Dur\u00e9e moyenne : 60 min Age : 11 ans et plus Auteur(s) : Kami Mandell Andrew Wolf Illustrations : Joe Van Wetering \u00c9dition : USAopoly 2020 Version : Fran\u00e7aise","_links":{"self":[{"href":"https:\/\/meeplendice.net\/index.php?rest_route=\/wp\/v2\/pages\/9547","targetHints":{"allow":["GET"]}}],"collection":[{"href":"https:\/\/meeplendice.net\/index.php?rest_route=\/wp\/v2\/pages"}],"about":[{"href":"https:\/\/meeplendice.net\/index.php?rest_route=\/wp\/v2\/types\/page"}],"author":[{"embeddable":true,"href":"https:\/\/meeplendice.net\/index.php?rest_route=\/wp\/v2\/users\/2"}],"replies":[{"embeddable":true,"href":"https:\/\/meeplendice.net\/index.php?rest_route=%2Fwp%2Fv2%2Fcomments&post=9547"}],"version-history":[{"count":6,"href":"https:\/\/meeplendice.net\/index.php?rest_route=\/wp\/v2\/pages\/9547\/revisions"}],"predecessor-version":[{"id":9560,"href":"https:\/\/meeplendice.net\/index.php?rest_route=\/wp\/v2\/pages\/9547\/revisions\/9560"}],"wp:featuredmedia":[{"embeddable":true,"href":"https:\/\/meeplendice.net\/index.php?rest_route=\/wp\/v2\/media\/8989"}],"wp:attachment":[{"href":"https:\/\/meeplendice.net\/index.php?rest_route=%2Fwp%2Fv2%2Fmedia&parent=9547"}],"curies":[{"name":"wp","href":"https:\/\/api.w.org\/{rel}","templated":true}]}}