{"id":9567,"date":"2022-02-02T23:25:06","date_gmt":"2022-02-02T22:25:06","guid":{"rendered":"https:\/\/meeplendice.net\/?page_id=9567"},"modified":"2022-05-23T15:34:25","modified_gmt":"2022-05-23T14:34:25","slug":"tajuto","status":"publish","type":"page","link":"https:\/\/meeplendice.net\/?page_id=9567","title":{"rendered":"Tajuto"},"content":{"rendered":"<div id=\"pl-9567\"  class=\"panel-layout\" ><div id=\"pg-9567-0\"  class=\"panel-grid panel-no-style\" ><div id=\"pgc-9567-0-0\"  class=\"panel-grid-cell\" ><div id=\"panel-9567-0-0-0\" class=\"so-panel widget widget_sow-editor panel-first-child panel-last-child\" data-index=\"0\" ><div\n\t\t\t\n\t\t\tclass=\"so-widget-sow-editor so-widget-sow-editor-base\"\n\t\t\t\n\t\t>\n<div class=\"siteorigin-widget-tinymce textwidget\">\n\t<p style=\"text-align: center;\"><strong>Nombre de joueurs :<\/strong><br \/>\n2 - 4<\/p>\n<\/div>\n<\/div><\/div><\/div><div id=\"pgc-9567-0-1\"  class=\"panel-grid-cell\" ><div id=\"panel-9567-0-1-0\" class=\"so-panel widget widget_sow-editor panel-first-child panel-last-child\" data-index=\"1\" ><div\n\t\t\t\n\t\t\tclass=\"so-widget-sow-editor so-widget-sow-editor-base\"\n\t\t\t\n\t\t>\n<div class=\"siteorigin-widget-tinymce textwidget\">\n\t<p style=\"text-align: center;\"><strong>Dur\u00e9e moyenne :<\/strong><br \/>\n60 min<\/p>\n<\/div>\n<\/div><\/div><\/div><div id=\"pgc-9567-0-2\"  class=\"panel-grid-cell\" ><div id=\"panel-9567-0-2-0\" class=\"so-panel widget widget_sow-editor panel-first-child panel-last-child\" data-index=\"2\" ><div\n\t\t\t\n\t\t\tclass=\"so-widget-sow-editor so-widget-sow-editor-base\"\n\t\t\t\n\t\t>\n<div class=\"siteorigin-widget-tinymce textwidget\">\n\t<p style=\"text-align: center;\"><strong>Age :<\/strong><br \/>\n10 ans et plus<\/p>\n<\/div>\n<\/div><\/div><\/div><\/div><div id=\"pg-9567-1\"  class=\"panel-grid panel-no-style\" ><div id=\"pgc-9567-1-0\"  class=\"panel-grid-cell\" ><div id=\"panel-9567-1-0-0\" class=\"so-panel widget widget_sow-editor panel-first-child panel-last-child\" data-index=\"3\" ><div\n\t\t\t\n\t\t\tclass=\"so-widget-sow-editor so-widget-sow-editor-base\"\n\t\t\t\n\t\t>\n<div class=\"siteorigin-widget-tinymce textwidget\">\n\t<p style=\"text-align: center;\"><strong>Auteur(s) :<br \/>\n<\/strong>Reiner Knizia<\/p>\n<\/div>\n<\/div><\/div><\/div><div id=\"pgc-9567-1-1\"  class=\"panel-grid-cell\" ><div id=\"panel-9567-1-1-0\" class=\"so-panel widget widget_sow-editor panel-first-child panel-last-child\" data-index=\"4\" ><div\n\t\t\t\n\t\t\tclass=\"so-widget-sow-editor so-widget-sow-editor-base\"\n\t\t\t\n\t\t>\n<div class=\"siteorigin-widget-tinymce textwidget\">\n\t<p style=\"text-align: center;\"><strong>Illustrations :<\/strong><br \/>\nDamien Colboc<br \/>\nMaxence Burgel<\/p>\n<\/div>\n<\/div><\/div><\/div><div id=\"pgc-9567-1-2\"  class=\"panel-grid-cell\" ><div id=\"panel-9567-1-2-0\" class=\"so-panel widget widget_sow-editor panel-first-child panel-last-child\" data-index=\"5\" ><div\n\t\t\t\n\t\t\tclass=\"so-widget-sow-editor so-widget-sow-editor-base\"\n\t\t\t\n\t\t>\n<div class=\"siteorigin-widget-tinymce textwidget\">\n\t<p style=\"text-align: center;\"><strong>\u00c9dition :<\/strong><br \/>\nSuper Meeple<br \/>\n2019<\/p>\n<\/div>\n<\/div><\/div><\/div><div id=\"pgc-9567-1-3\"  class=\"panel-grid-cell\" ><div id=\"panel-9567-1-3-0\" class=\"so-panel widget widget_sow-editor panel-first-child panel-last-child\" data-index=\"6\" ><div\n\t\t\t\n\t\t\tclass=\"so-widget-sow-editor so-widget-sow-editor-base\"\n\t\t\t\n\t\t>\n<div class=\"siteorigin-widget-tinymce textwidget\">\n\t<p style=\"text-align: center;\"><strong>Version :<\/strong><br \/>\nFran\u00e7aise<\/p>\n<\/div>\n<\/div><\/div><\/div><\/div><div id=\"pg-9567-2\"  class=\"panel-grid panel-no-style\" ><div id=\"pgc-9567-2-0\"  class=\"panel-grid-cell\" ><div id=\"panel-9567-2-0-0\" class=\"so-panel widget widget_sow-editor panel-first-child panel-last-child\" data-index=\"7\" ><div\n\t\t\t\n\t\t\tclass=\"so-widget-sow-editor so-widget-sow-editor-base\"\n\t\t\t\n\t\t>\n<div class=\"siteorigin-widget-tinymce textwidget\">\n\t<hr \/>\n<p><em>En 532, le Bouddhisme arrive au Japon et prend peu \u00e0 peu sa place aux c\u00f4t\u00e9s du Shinto\u00efsme. Le prince Shotoku, s\u00e9duit par cette nouvelle religion, charge quelques moines bouddhistes \u00e0 \u00e9riger 8 pagodes (Tajuto) pour cr\u00e9er un lieu de p\u00e8lerinage. \u00a0Il a annonc\u00e9 qu\u2019une fois le 4\u00e8me tajuto termin\u00e9, ce lieu deviendrait une destination de p\u00e8lerinage importante. Le moine bouddhiste qui aura atteint le plus haut niveau de spiritualit\u00e9, gr\u00e2ce \u00e0 une profonde m\u00e9ditation sera alors r\u00e9compens\u00e9.<\/em><\/p>\n<p>Dans\u00a0<em>Tajuto <\/em>, les joueurs incarnent ces moines bouddhistes. Gr\u00e2ce \u00e0\u00a0l\u2019activation de leurs tuiles d\u2019actions, ils pourront b\u00e2tir les \u00e9tages des Tajuto, y faire des offrandes ou encore am\u00e9liorer leurs capacit\u00e9s.<\/p>\n<p>Pour cela, ils consacrent des points de m\u00e9ditation qu\u2019ils auront, justement, accumul\u00e9s gr\u00e2ce \u00e0 leurs constructions. Ceci leur permettra alors d\u2019acqu\u00e9rir de la sagesse, de pr\u00e9dire la fin des construction,\u00a0 et des accomplissements (objectifs) qui seront sources de spiritualit\u00e9. A l\u2019issue de la partie, le moine ayant acquis le plus de points de spiritualit\u00e9 sera d\u00e9clar\u00e9 vainqueur !<\/p>\n<\/div>\n<\/div><\/div><\/div><\/div><div id=\"pg-9567-3\"  class=\"panel-grid panel-no-style\" ><div id=\"pgc-9567-3-0\"  class=\"panel-grid-cell\" ><div id=\"panel-9567-3-0-0\" class=\"so-panel widget widget_sow-editor panel-first-child panel-last-child\" data-index=\"8\" ><div\n\t\t\t\n\t\t\tclass=\"so-widget-sow-editor so-widget-sow-editor-base\"\n\t\t\t\n\t\t>\n<div class=\"siteorigin-widget-tinymce textwidget\">\n\t<hr \/>\n<h3 style=\"text-align: center;\">En vid\u00e9o<\/h3>\n<p><a href=\"https:\/\/www.youtube.com\/watch?v=GLSJ-PVPH-o\" target=\"_blank\" rel=\"noopener\"><img loading=\"lazy\" decoding=\"async\" class=\"alignnone size-full wp-image-9090\" src=\"https:\/\/meeplendice.net\/wp-content\/uploads\/2022\/01\/Link_CJ_v2.png\" alt=\"\" width=\"200\" height=\"170\" \/><\/a><\/p>\n<\/div>\n<\/div><\/div><\/div><\/div><div id=\"pg-9567-4\"  class=\"panel-grid panel-no-style\" ><div id=\"pgc-9567-4-0\"  class=\"panel-grid-cell\" ><div id=\"panel-9567-4-0-0\" class=\"so-panel widget widget_sow-editor panel-first-child panel-last-child\" data-index=\"9\" ><div\n\t\t\t\n\t\t\tclass=\"so-widget-sow-editor so-widget-sow-editor-base\"\n\t\t\t\n\t\t>\n<div class=\"siteorigin-widget-tinymce textwidget\">\n\t<hr \/>\n<h3 style=\"text-align: center;\">Pour aller plus loin<\/h3>\n<\/div>\n<\/div><\/div><\/div><\/div><\/div>","protected":false},"excerpt":{"rendered":"<p>Nombre de joueurs : 2 &#8211; 4 Dur\u00e9e moyenne : 60 min Age : 10 ans et plus Auteur(s) : Reiner Knizia Illustrations : Damien Colboc Maxence Burgel \u00c9dition : Super Meeple 2019 Version : Fran\u00e7aise<\/p>\n","protected":false},"author":2,"featured_media":9568,"parent":0,"menu_order":0,"comment_status":"closed","ping_status":"closed","template":"","meta":{"footnotes":""},"class_list":["post-9567","page","type-page","status-publish","has-post-thumbnail","hentry"],"acf":[],"rttpg_featured_image_url":{"full":["https:\/\/meeplendice.net\/wp-content\/uploads\/2022\/02\/Tajuto.png",350,350,false],"landscape":["https:\/\/meeplendice.net\/wp-content\/uploads\/2022\/02\/Tajuto.png",350,350,false],"portraits":["https:\/\/meeplendice.net\/wp-content\/uploads\/2022\/02\/Tajuto.png",350,350,false],"thumbnail":["https:\/\/meeplendice.net\/wp-content\/uploads\/2022\/02\/Tajuto-150x150.png",150,150,true],"medium":["https:\/\/meeplendice.net\/wp-content\/uploads\/2022\/02\/Tajuto-300x300.png",300,300,true],"large":["https:\/\/meeplendice.net\/wp-content\/uploads\/2022\/02\/Tajuto.png",350,350,false],"ug_big":["https:\/\/meeplendice.net\/wp-content\/uploads\/2022\/02\/Tajuto.png",350,350,false],"1536x1536":["https:\/\/meeplendice.net\/wp-content\/uploads\/2022\/02\/Tajuto.png",350,350,false],"2048x2048":["https:\/\/meeplendice.net\/wp-content\/uploads\/2022\/02\/Tajuto.png",350,350,false],"ashe-slider-grid-thumbnail":["https:\/\/meeplendice.net\/wp-content\/uploads\/2022\/02\/Tajuto.png",350,350,false],"ashe-full-thumbnail":["https:\/\/meeplendice.net\/wp-content\/uploads\/2022\/02\/Tajuto.png",350,350,false],"ashe-grid-thumbnail":["https:\/\/meeplendice.net\/wp-content\/uploads\/2022\/02\/Tajuto-350x330.png",350,330,true],"ashe-list-thumbnail":["https:\/\/meeplendice.net\/wp-content\/uploads\/2022\/02\/Tajuto-300x300.png",300,300,true],"ashe-single-navigation":["https:\/\/meeplendice.net\/wp-content\/uploads\/2022\/02\/Tajuto-75x75.png",75,75,true],"mailpoet_newsletter_max":["https:\/\/meeplendice.net\/wp-content\/uploads\/2022\/02\/Tajuto.png",350,350,false],"rpwe-thumbnail":["https:\/\/meeplendice.net\/wp-content\/uploads\/2022\/02\/Tajuto-45x45.png",45,45,true],"sow-carousel-default":["https:\/\/meeplendice.net\/wp-content\/uploads\/2022\/02\/Tajuto-272x182.png",272,182,true],"rt_custom":["https:\/\/meeplendice.net\/wp-content\/uploads\/2022\/02\/Tajuto.png",350,350,false]},"rttpg_author":{"display_name":"Karnby","author_link":"https:\/\/meeplendice.net\/?author=2"},"rttpg_comment":0,"rttpg_category":null,"rttpg_excerpt":"Nombre de joueurs : 2 - 4 Dur\u00e9e moyenne : 60 min Age : 10 ans et plus Auteur(s) : Reiner Knizia Illustrations : Damien Colboc Maxence Burgel \u00c9dition : Super Meeple 2019 Version : Fran\u00e7aise","_links":{"self":[{"href":"https:\/\/meeplendice.net\/index.php?rest_route=\/wp\/v2\/pages\/9567","targetHints":{"allow":["GET"]}}],"collection":[{"href":"https:\/\/meeplendice.net\/index.php?rest_route=\/wp\/v2\/pages"}],"about":[{"href":"https:\/\/meeplendice.net\/index.php?rest_route=\/wp\/v2\/types\/page"}],"author":[{"embeddable":true,"href":"https:\/\/meeplendice.net\/index.php?rest_route=\/wp\/v2\/users\/2"}],"replies":[{"embeddable":true,"href":"https:\/\/meeplendice.net\/index.php?rest_route=%2Fwp%2Fv2%2Fcomments&post=9567"}],"version-history":[{"count":7,"href":"https:\/\/meeplendice.net\/index.php?rest_route=\/wp\/v2\/pages\/9567\/revisions"}],"predecessor-version":[{"id":9728,"href":"https:\/\/meeplendice.net\/index.php?rest_route=\/wp\/v2\/pages\/9567\/revisions\/9728"}],"wp:featuredmedia":[{"embeddable":true,"href":"https:\/\/meeplendice.net\/index.php?rest_route=\/wp\/v2\/media\/9568"}],"wp:attachment":[{"href":"https:\/\/meeplendice.net\/index.php?rest_route=%2Fwp%2Fv2%2Fmedia&parent=9567"}],"curies":[{"name":"wp","href":"https:\/\/api.w.org\/{rel}","templated":true}]}}