{"id":9644,"date":"2022-02-26T22:29:00","date_gmt":"2022-02-26T21:29:00","guid":{"rendered":"https:\/\/meeplendice.net\/?page_id=9644"},"modified":"2025-11-30T13:02:03","modified_gmt":"2025-11-30T11:02:03","slug":"unmatched-le-petit-chaperon-rouge-vs-beowulf","status":"publish","type":"page","link":"https:\/\/meeplendice.net\/?page_id=9644","title":{"rendered":"Unmatched : Petit Chaperon Rouge VS Beowulf"},"content":{"rendered":"<div id=\"pl-9644\"  class=\"panel-layout\" ><div id=\"pg-9644-0\"  class=\"panel-grid panel-no-style\" ><div id=\"pgc-9644-0-0\"  class=\"panel-grid-cell\" ><div id=\"panel-9644-0-0-0\" class=\"so-panel widget widget_sow-editor panel-first-child panel-last-child\" data-index=\"0\" ><div\n\t\t\t\n\t\t\tclass=\"so-widget-sow-editor so-widget-sow-editor-base\"\n\t\t\t\n\t\t>\n<div class=\"siteorigin-widget-tinymce textwidget\">\n\t<p style=\"text-align: center;\"><strong>Nombre de joueurs :<\/strong><br \/>\n2 - 2<\/p>\n<\/div>\n<\/div><\/div><\/div><div id=\"pgc-9644-0-1\"  class=\"panel-grid-cell\" ><div id=\"panel-9644-0-1-0\" class=\"so-panel widget widget_sow-editor panel-first-child panel-last-child\" data-index=\"1\" ><div\n\t\t\t\n\t\t\tclass=\"so-widget-sow-editor so-widget-sow-editor-base\"\n\t\t\t\n\t\t>\n<div class=\"siteorigin-widget-tinymce textwidget\">\n\t<p style=\"text-align: center;\"><strong>Auteur(s) :<br \/>\n<\/strong><span class=\"data-siloing\" title=\"D\u00e9couvrez tous ces jeux\" data-siloing=\"https:\/\/www.philibertnet.com\/fr\/recherche?feature=31&amp;feature_value=Brian Neff\">Brian Neff<\/span><br \/>\n<span class=\"data-siloing\" title=\"Voir tous les jeux\" data-siloing=\"https:\/\/www.philibertnet.com\/fr\/recherche?feature=31&amp;feature_value=Rob Daviau\">Rob Daviau<br \/>\n<\/span><span class=\"data-siloing\" title=\"Voir tous les jeux\" data-siloing=\"https:\/\/www.philibertnet.com\/fr\/recherche?feature=31&amp;feature_value=Noah Cohen\">Noah Cohen<br \/>\n<\/span><span class=\"data-siloing\" title=\"Voir tous les jeux\" data-siloing=\"https:\/\/www.philibertnet.com\/fr\/recherche?feature=31&amp;feature_value=Justin D. Jacobson\">Justin D. Jacobson<\/span><\/p>\n<\/div>\n<\/div><\/div><\/div><div id=\"pgc-9644-0-2\"  class=\"panel-grid-cell\" ><div id=\"panel-9644-0-2-0\" class=\"so-panel widget widget_sow-editor panel-first-child panel-last-child\" data-index=\"2\" ><div\n\t\t\t\n\t\t\tclass=\"so-widget-sow-editor so-widget-sow-editor-base\"\n\t\t\t\n\t\t>\n<div class=\"siteorigin-widget-tinymce textwidget\">\n\t<p style=\"text-align: center;\"><strong>Illustrations :<br \/>\n<\/strong><span class=\"data-siloing\" title=\"D\u00e9couvrez tous ces jeux\" data-siloing=\"https:\/\/www.philibertnet.com\/fr\/recherche?feature=41&amp;feature_value=Ian O'Toole\">Ian O'Toole<br \/>\n<\/span><span class=\"data-siloing\" title=\"Voir tous les jeux\" data-siloing=\"https:\/\/www.philibertnet.com\/fr\/recherche?feature=41&amp;feature_value=Marc Aspinall\">Marc Aspinall<br \/>\n<\/span><span class=\"data-siloing\" title=\"Voir tous les jeux\" data-siloing=\"https:\/\/www.philibertnet.com\/fr\/recherche?feature=41&amp;feature_value=Rob Daviau\">Rob Daviau<\/span><\/p>\n<\/div>\n<\/div><\/div><\/div><div id=\"pgc-9644-0-3\"  class=\"panel-grid-cell\" ><div id=\"panel-9644-0-3-0\" class=\"so-panel widget widget_sow-editor panel-first-child panel-last-child\" data-index=\"3\" ><div\n\t\t\t\n\t\t\tclass=\"so-widget-sow-editor so-widget-sow-editor-base\"\n\t\t\t\n\t\t>\n<div class=\"siteorigin-widget-tinymce textwidget\">\n\t<p style=\"text-align: center;\"><strong>\u00c9dition :<\/strong><br \/>\nIello<br \/>\n2022<\/p>\n<\/div>\n<\/div><\/div><\/div><div id=\"pgc-9644-0-4\"  class=\"panel-grid-cell\" ><div id=\"panel-9644-0-4-0\" class=\"so-panel widget widget_sow-editor panel-first-child panel-last-child\" data-index=\"4\" ><div\n\t\t\t\n\t\t\tclass=\"so-widget-sow-editor so-widget-sow-editor-base\"\n\t\t\t\n\t\t>\n<div class=\"siteorigin-widget-tinymce textwidget\">\n\t<p style=\"text-align: center;\"><strong>Version :<\/strong><br \/>\nFran\u00e7aise<\/p>\n<\/div>\n<\/div><\/div><\/div><\/div><div id=\"pg-9644-1\"  class=\"panel-grid panel-no-style\" ><div id=\"pgc-9644-1-0\"  class=\"panel-grid-cell\" ><div id=\"panel-9644-1-0-0\" class=\"so-panel widget widget_sow-editor panel-first-child panel-last-child\" data-index=\"5\" ><div\n\t\t\t\n\t\t\tclass=\"so-widget-sow-editor so-widget-sow-editor-base\"\n\t\t\t\n\t\t>\n<div class=\"siteorigin-widget-tinymce textwidget\">\n\t<hr \/>\n<p><em>Unmatched : Petit Chaperon Rouge VS Beowulf<\/em> vous permet d\u2019incarner le Petit Chaperon Rouge ou encore le Beowulf.<\/p>\n<ul>\n<li>Petit Chaperon Rouge - Acolyte Chasseur<br \/>\n<em>Il \u00e9tait une fois un Petit Chaperon Rouge qui avait s\u00e9journ\u00e9 dans le vendre d'un loup et qui, apr\u00e8s s'en \u00eatre \u00e9chapp\u00e9e, contait \u00e0 tout va sa sinistre m\u00e9saventure. Avec l'aide de son ami le Chasseur, elle est d\u00e9sormais pr\u00eate \u00e0 retourner dans les bois, mais non sans avoir quelques tours pendables cach\u00e9s au fond de son panier.<\/em><em><br \/>\n<\/em><\/li>\n<\/ul>\n<p>&nbsp;<\/p>\n<ul>\n<li>Beowulf - Acolyte Wiglaf<br \/>\n<em>Chaque blessure ne fait qu'accro\u00eetre la rage du roi guerrier. Vous d\u00e9couvrirez bien assez vite pourquoi i est l'\u00e9gale de Grendel. Avec le fid\u00e8le Wiglaf marchant \u00e0 ses c\u00f4t\u00e9s, il est certain de remporte cette lutte \u00e0 mort.<\/em><\/li>\n<\/ul>\n<\/div>\n<\/div><\/div><\/div><\/div><\/div>","protected":false},"excerpt":{"rendered":"<p>Nombre de joueurs : 2 &#8211; 2 Auteur(s) : Brian Neff Rob Daviau Noah Cohen Justin D. Jacobson Illustrations : Ian O&rsquo;Toole Marc Aspinall Rob Daviau \u00c9dition : Iello 2022 Version : Fran\u00e7aise Unmatched : Petit Chaperon Rouge VS Beowulf vous permet d\u2019incarner le Petit Chaperon Rouge ou encore le Beowulf. Petit Chaperon Rouge &#8211; Acolyte Chasseur Il \u00e9tait une fois un Petit Chaperon Rouge qui avait s\u00e9journ\u00e9 dans le vendre d&rsquo;un loup et qui, apr\u00e8s s&rsquo;en \u00eatre \u00e9chapp\u00e9e, contait \u00e0 tout va sa sinistre m\u00e9saventure. Avec l&rsquo;aide de son ami le Chasseur, elle est d\u00e9sormais pr\u00eate \u00e0 retourner dans les bois, mais non sans avoir quelques tours pendables cach\u00e9s au fond de son panier. &nbsp; Beowulf &#8211; Acolyte Wiglaf Chaque blessure ne fait qu&rsquo;accro\u00eetre la rage du roi guerrier. Vous d\u00e9couvrirez bien assez vite pourquoi i est l&rsquo;\u00e9gale de Grendel. Avec le fid\u00e8le Wiglaf marchant \u00e0 ses c\u00f4t\u00e9s, il est certain de remporte cette lutte \u00e0 mort.<\/p>\n","protected":false},"author":2,"featured_media":12909,"parent":12879,"menu_order":2,"comment_status":"closed","ping_status":"closed","template":"","meta":{"footnotes":""},"class_list":["post-9644","page","type-page","status-publish","has-post-thumbnail","hentry"],"acf":[],"rttpg_featured_image_url":{"full":["https:\/\/meeplendice.net\/wp-content\/uploads\/2024\/11\/Unmatched_ChapVs_Beo_ex.png",350,350,false],"landscape":["https:\/\/meeplendice.net\/wp-content\/uploads\/2024\/11\/Unmatched_ChapVs_Beo_ex.png",350,350,false],"portraits":["https:\/\/meeplendice.net\/wp-content\/uploads\/2024\/11\/Unmatched_ChapVs_Beo_ex.png",350,350,false],"thumbnail":["https:\/\/meeplendice.net\/wp-content\/uploads\/2024\/11\/Unmatched_ChapVs_Beo_ex-150x150.png",150,150,true],"medium":["https:\/\/meeplendice.net\/wp-content\/uploads\/2024\/11\/Unmatched_ChapVs_Beo_ex-300x300.png",300,300,true],"large":["https:\/\/meeplendice.net\/wp-content\/uploads\/2024\/11\/Unmatched_ChapVs_Beo_ex.png",350,350,false],"ug_big":["https:\/\/meeplendice.net\/wp-content\/uploads\/2024\/11\/Unmatched_ChapVs_Beo_ex.png",350,350,false],"1536x1536":["https:\/\/meeplendice.net\/wp-content\/uploads\/2024\/11\/Unmatched_ChapVs_Beo_ex.png",350,350,false],"2048x2048":["https:\/\/meeplendice.net\/wp-content\/uploads\/2024\/11\/Unmatched_ChapVs_Beo_ex.png",350,350,false],"ashe-slider-grid-thumbnail":["https:\/\/meeplendice.net\/wp-content\/uploads\/2024\/11\/Unmatched_ChapVs_Beo_ex.png",350,350,false],"ashe-full-thumbnail":["https:\/\/meeplendice.net\/wp-content\/uploads\/2024\/11\/Unmatched_ChapVs_Beo_ex.png",350,350,false],"ashe-grid-thumbnail":["https:\/\/meeplendice.net\/wp-content\/uploads\/2024\/11\/Unmatched_ChapVs_Beo_ex-350x330.png",350,330,true],"ashe-list-thumbnail":["https:\/\/meeplendice.net\/wp-content\/uploads\/2024\/11\/Unmatched_ChapVs_Beo_ex-300x300.png",300,300,true],"ashe-single-navigation":["https:\/\/meeplendice.net\/wp-content\/uploads\/2024\/11\/Unmatched_ChapVs_Beo_ex-75x75.png",75,75,true],"mailpoet_newsletter_max":["https:\/\/meeplendice.net\/wp-content\/uploads\/2024\/11\/Unmatched_ChapVs_Beo_ex.png",350,350,false],"rpwe-thumbnail":["https:\/\/meeplendice.net\/wp-content\/uploads\/2024\/11\/Unmatched_ChapVs_Beo_ex-45x45.png",45,45,true],"sow-carousel-default":["https:\/\/meeplendice.net\/wp-content\/uploads\/2024\/11\/Unmatched_ChapVs_Beo_ex-272x182.png",272,182,true],"rt_custom":["https:\/\/meeplendice.net\/wp-content\/uploads\/2024\/11\/Unmatched_ChapVs_Beo_ex.png",350,350,false]},"rttpg_author":{"display_name":"Karnby","author_link":"https:\/\/meeplendice.net\/?author=2"},"rttpg_comment":0,"rttpg_category":null,"rttpg_excerpt":"Nombre de joueurs : 2 - 2 Auteur(s) : Brian Neff Rob Daviau Noah Cohen Justin D. Jacobson Illustrations : Ian O'Toole Marc Aspinall Rob Daviau \u00c9dition : Iello 2022 Version : Fran\u00e7aise Unmatched : Petit Chaperon Rouge VS Beowulf vous permet d\u2019incarner le Petit Chaperon Rouge ou encore le Beowulf. Petit Chaperon Rouge -\u2026","_links":{"self":[{"href":"https:\/\/meeplendice.net\/index.php?rest_route=\/wp\/v2\/pages\/9644","targetHints":{"allow":["GET"]}}],"collection":[{"href":"https:\/\/meeplendice.net\/index.php?rest_route=\/wp\/v2\/pages"}],"about":[{"href":"https:\/\/meeplendice.net\/index.php?rest_route=\/wp\/v2\/types\/page"}],"author":[{"embeddable":true,"href":"https:\/\/meeplendice.net\/index.php?rest_route=\/wp\/v2\/users\/2"}],"replies":[{"embeddable":true,"href":"https:\/\/meeplendice.net\/index.php?rest_route=%2Fwp%2Fv2%2Fcomments&post=9644"}],"version-history":[{"count":9,"href":"https:\/\/meeplendice.net\/index.php?rest_route=\/wp\/v2\/pages\/9644\/revisions"}],"predecessor-version":[{"id":13511,"href":"https:\/\/meeplendice.net\/index.php?rest_route=\/wp\/v2\/pages\/9644\/revisions\/13511"}],"up":[{"embeddable":true,"href":"https:\/\/meeplendice.net\/index.php?rest_route=\/wp\/v2\/pages\/12879"}],"wp:featuredmedia":[{"embeddable":true,"href":"https:\/\/meeplendice.net\/index.php?rest_route=\/wp\/v2\/media\/12909"}],"wp:attachment":[{"href":"https:\/\/meeplendice.net\/index.php?rest_route=%2Fwp%2Fv2%2Fmedia&parent=9644"}],"curies":[{"name":"wp","href":"https:\/\/api.w.org\/{rel}","templated":true}]}}