{"id":9763,"date":"2022-05-24T15:51:25","date_gmt":"2022-05-24T14:51:25","guid":{"rendered":"https:\/\/meeplendice.net\/?page_id=9763"},"modified":"2022-05-30T22:49:43","modified_gmt":"2022-05-30T21:49:43","slug":"spirecrest","status":"publish","type":"page","link":"https:\/\/meeplendice.net\/?page_id=9763","title":{"rendered":"Spirecrest"},"content":{"rendered":"<div>\n<p><em>Au-del\u00e0 des fronti\u00e8res de la Vall\u00e9e d\u2019Everdell, au c\u0153ur de contr\u00e9es myst\u00e9rieuses et non cartographi\u00e9es, l\u2019aventure vous attend.Des ruines anciennes ? Des cr\u00e9atures \u00e9tranges ? Des g\u00e9ants ? <\/em><\/p>\n<\/div>\n<div><em>Rassemblez des provisions, armez-vous de courage et osez partir \u00e0 la d\u00e9couverte des montagnes de Spirecrest !<\/em><\/div>\n<div><\/div>\n<p>Vous commencez la partie avec un lapin voyageur sur le plateau montagne. La m\u00e9t\u00e9o \u00e9volue avec les saisons, modifiant vos possibilit\u00e9s de jeu. Au fil des saisons, d\u00e9placez votre voyageur sur le chemin et rassemblez des cartes pour pr\u00e9parer l\u2019exp\u00e9dition finale et faire d\u2019\u00e9tonnantes d\u00e9couvertes. Utilisez intelligemment les comp\u00e9tences uniques de vos cartes d\u00e9couvertes et planifiez soigneusement votre exp\u00e9dition de fin de partie afin que l\u2019histoire de votre ville et votre voyage \u00e9pique entrent dans les annales d\u2019Everdell.<\/p>\n","protected":false},"excerpt":{"rendered":"<p>Au-del\u00e0 des fronti\u00e8res de la Vall\u00e9e d\u2019Everdell, au c\u0153ur de contr\u00e9es myst\u00e9rieuses et non cartographi\u00e9es, l\u2019aventure vous attend.Des ruines anciennes ? Des cr\u00e9atures \u00e9tranges ? Des g\u00e9ants ? Rassemblez des provisions, armez-vous de courage et osez partir \u00e0 la d\u00e9couverte des montagnes de Spirecrest ! Vous commencez la partie avec un lapin voyageur sur le plateau montagne. La m\u00e9t\u00e9o \u00e9volue avec les saisons, modifiant vos possibilit\u00e9s de jeu. Au fil des saisons, d\u00e9placez votre voyageur sur le chemin et rassemblez des cartes pour pr\u00e9parer l\u2019exp\u00e9dition finale et faire d\u2019\u00e9tonnantes d\u00e9couvertes. Utilisez intelligemment les comp\u00e9tences uniques de vos cartes d\u00e9couvertes et planifiez soigneusement votre exp\u00e9dition de fin de partie afin que l\u2019histoire de votre ville et votre voyage \u00e9pique entrent dans les annales d\u2019Everdell.<\/p>\n","protected":false},"author":2,"featured_media":9730,"parent":8568,"menu_order":3,"comment_status":"closed","ping_status":"closed","template":"","meta":{"footnotes":""},"class_list":["post-9763","page","type-page","status-publish","has-post-thumbnail","hentry"],"acf":[],"rttpg_featured_image_url":{"full":["https:\/\/meeplendice.net\/wp-content\/uploads\/2022\/05\/Everdell_Spirecrest.png",350,350,false],"landscape":["https:\/\/meeplendice.net\/wp-content\/uploads\/2022\/05\/Everdell_Spirecrest.png",350,350,false],"portraits":["https:\/\/meeplendice.net\/wp-content\/uploads\/2022\/05\/Everdell_Spirecrest.png",350,350,false],"thumbnail":["https:\/\/meeplendice.net\/wp-content\/uploads\/2022\/05\/Everdell_Spirecrest-150x150.png",150,150,true],"medium":["https:\/\/meeplendice.net\/wp-content\/uploads\/2022\/05\/Everdell_Spirecrest-300x300.png",300,300,true],"large":["https:\/\/meeplendice.net\/wp-content\/uploads\/2022\/05\/Everdell_Spirecrest.png",350,350,false],"ug_big":["https:\/\/meeplendice.net\/wp-content\/uploads\/2022\/05\/Everdell_Spirecrest.png",350,350,false],"1536x1536":["https:\/\/meeplendice.net\/wp-content\/uploads\/2022\/05\/Everdell_Spirecrest.png",350,350,false],"2048x2048":["https:\/\/meeplendice.net\/wp-content\/uploads\/2022\/05\/Everdell_Spirecrest.png",350,350,false],"ashe-slider-grid-thumbnail":["https:\/\/meeplendice.net\/wp-content\/uploads\/2022\/05\/Everdell_Spirecrest.png",350,350,false],"ashe-full-thumbnail":["https:\/\/meeplendice.net\/wp-content\/uploads\/2022\/05\/Everdell_Spirecrest.png",350,350,false],"ashe-grid-thumbnail":["https:\/\/meeplendice.net\/wp-content\/uploads\/2022\/05\/Everdell_Spirecrest-350x330.png",350,330,true],"ashe-list-thumbnail":["https:\/\/meeplendice.net\/wp-content\/uploads\/2022\/05\/Everdell_Spirecrest-300x300.png",300,300,true],"ashe-single-navigation":["https:\/\/meeplendice.net\/wp-content\/uploads\/2022\/05\/Everdell_Spirecrest-75x75.png",75,75,true],"mailpoet_newsletter_max":["https:\/\/meeplendice.net\/wp-content\/uploads\/2022\/05\/Everdell_Spirecrest.png",350,350,false],"rpwe-thumbnail":["https:\/\/meeplendice.net\/wp-content\/uploads\/2022\/05\/Everdell_Spirecrest-45x45.png",45,45,true],"sow-carousel-default":["https:\/\/meeplendice.net\/wp-content\/uploads\/2022\/05\/Everdell_Spirecrest-272x182.png",272,182,true],"rt_custom":["https:\/\/meeplendice.net\/wp-content\/uploads\/2022\/05\/Everdell_Spirecrest.png",350,350,false]},"rttpg_author":{"display_name":"Karnby","author_link":"https:\/\/meeplendice.net\/?author=2"},"rttpg_comment":0,"rttpg_category":null,"rttpg_excerpt":"Au-del\u00e0 des fronti\u00e8res de la Vall\u00e9e d\u2019Everdell, au c\u0153ur de contr\u00e9es myst\u00e9rieuses et non cartographi\u00e9es, l\u2019aventure vous attend.Des ruines anciennes ? Des cr\u00e9atures \u00e9tranges ? Des g\u00e9ants ? Rassemblez des provisions, armez-vous de courage et osez partir \u00e0 la d\u00e9couverte des montagnes de Spirecrest ! Vous commencez la partie avec un lapin voyageur sur le\u2026","_links":{"self":[{"href":"https:\/\/meeplendice.net\/index.php?rest_route=\/wp\/v2\/pages\/9763","targetHints":{"allow":["GET"]}}],"collection":[{"href":"https:\/\/meeplendice.net\/index.php?rest_route=\/wp\/v2\/pages"}],"about":[{"href":"https:\/\/meeplendice.net\/index.php?rest_route=\/wp\/v2\/types\/page"}],"author":[{"embeddable":true,"href":"https:\/\/meeplendice.net\/index.php?rest_route=\/wp\/v2\/users\/2"}],"replies":[{"embeddable":true,"href":"https:\/\/meeplendice.net\/index.php?rest_route=%2Fwp%2Fv2%2Fcomments&post=9763"}],"version-history":[{"count":3,"href":"https:\/\/meeplendice.net\/index.php?rest_route=\/wp\/v2\/pages\/9763\/revisions"}],"predecessor-version":[{"id":9911,"href":"https:\/\/meeplendice.net\/index.php?rest_route=\/wp\/v2\/pages\/9763\/revisions\/9911"}],"up":[{"embeddable":true,"href":"https:\/\/meeplendice.net\/index.php?rest_route=\/wp\/v2\/pages\/8568"}],"wp:featuredmedia":[{"embeddable":true,"href":"https:\/\/meeplendice.net\/index.php?rest_route=\/wp\/v2\/media\/9730"}],"wp:attachment":[{"href":"https:\/\/meeplendice.net\/index.php?rest_route=%2Fwp%2Fv2%2Fmedia&parent=9763"}],"curies":[{"name":"wp","href":"https:\/\/api.w.org\/{rel}","templated":true}]}}