{"id":9775,"date":"2022-05-25T08:36:15","date_gmt":"2022-05-25T07:36:15","guid":{"rendered":"https:\/\/meeplendice.net\/?page_id=9775"},"modified":"2022-05-30T22:56:13","modified_gmt":"2022-05-30T21:56:13","slug":"une-nouvelle-ere","status":"publish","type":"page","link":"https:\/\/meeplendice.net\/?page_id=9775","title":{"rendered":"Une Nouvelle Ere"},"content":{"rendered":"<p>Au cours des derniers mill\u00e9naires, votre tribu a \u00e9t\u00e9 capable de s&rsquo;adapter \u00e0 son environnement. Le Pal\u00e9olithique est d\u00e9sormais un lointain souvenir. Vous allez pouvoir cr\u00e9er de nouvelles inventions et d\u00e9couvrir d&rsquo;autres faons de vivre.<\/p>\n<p>Mais vos journ\u00e9es resterons parsem\u00e9es de redoutables d\u00e9fis \u00e0 relever : explorer de profondes jungles et des massifs montagneux enneig\u00e9s, parcourir l&rsquo;\u00e9trange monde des r\u00eaves, \u00e9chapper \u00e0 la col\u00e8re d&rsquo;un terrible volcan&#8230;<\/p>\n<p><em>Une nouvelle Ere<\/em>, la premier boite d&rsquo;extension pour <em>Paleo<\/em>, vous permettra de vous s\u00e9dentariser et de d\u00e9velopper une petite colonie. Gr\u00e2ce \u00e0 l&rsquo;agriculture et \u00e0 l&rsquo;\u00e9levage, vous ne serez plus d\u00e9pendant de la cueillette et de la chasse !<br \/>\nCette extension contient un nouveau paquet de cartes de base, ainsi qu&rsquo;un paquet de personnages am\u00e9lior\u00e9s. Les 6 modules in\u00e9dits, qui peuvent \u00eatre associ\u00e9s avec tous les autres modules d\u00e9j\u00e0 existants, vous permettront de vivre de passionnantes aventures pr\u00e9historiques !<\/p>\n<p>&nbsp;<\/p>\n","protected":false},"excerpt":{"rendered":"<p>Au cours des derniers mill\u00e9naires, votre tribu a \u00e9t\u00e9 capable de s&rsquo;adapter \u00e0 son environnement. Le Pal\u00e9olithique est d\u00e9sormais un lointain souvenir. Vous allez pouvoir cr\u00e9er de nouvelles inventions et d\u00e9couvrir d&rsquo;autres faons de vivre. Mais vos journ\u00e9es resterons parsem\u00e9es de redoutables d\u00e9fis \u00e0 relever : explorer de profondes jungles et des massifs montagneux enneig\u00e9s, parcourir l&rsquo;\u00e9trange monde des r\u00eaves, \u00e9chapper \u00e0 la col\u00e8re d&rsquo;un terrible volcan&#8230; Une nouvelle Ere, la premier boite d&rsquo;extension pour Paleo, vous permettra de vous s\u00e9dentariser et de d\u00e9velopper une petite colonie. Gr\u00e2ce \u00e0 l&rsquo;agriculture et \u00e0 l&rsquo;\u00e9levage, vous ne serez plus d\u00e9pendant de la cueillette et de la chasse ! Cette extension contient un nouveau paquet de cartes de base, ainsi qu&rsquo;un paquet de personnages am\u00e9lior\u00e9s. Les 6 modules in\u00e9dits, qui peuvent \u00eatre associ\u00e9s avec tous les autres modules d\u00e9j\u00e0 existants, vous permettront de vivre de passionnantes aventures pr\u00e9historiques ! &nbsp;<\/p>\n","protected":false},"author":2,"featured_media":9733,"parent":7851,"menu_order":1,"comment_status":"closed","ping_status":"closed","template":"","meta":{"footnotes":""},"class_list":["post-9775","page","type-page","status-publish","has-post-thumbnail","hentry"],"acf":[],"rttpg_featured_image_url":{"full":["https:\/\/meeplendice.net\/wp-content\/uploads\/2022\/05\/Paleo_Nouvelleere.png",350,350,false],"landscape":["https:\/\/meeplendice.net\/wp-content\/uploads\/2022\/05\/Paleo_Nouvelleere.png",350,350,false],"portraits":["https:\/\/meeplendice.net\/wp-content\/uploads\/2022\/05\/Paleo_Nouvelleere.png",350,350,false],"thumbnail":["https:\/\/meeplendice.net\/wp-content\/uploads\/2022\/05\/Paleo_Nouvelleere-150x150.png",150,150,true],"medium":["https:\/\/meeplendice.net\/wp-content\/uploads\/2022\/05\/Paleo_Nouvelleere-300x300.png",300,300,true],"large":["https:\/\/meeplendice.net\/wp-content\/uploads\/2022\/05\/Paleo_Nouvelleere.png",350,350,false],"ug_big":["https:\/\/meeplendice.net\/wp-content\/uploads\/2022\/05\/Paleo_Nouvelleere.png",350,350,false],"1536x1536":["https:\/\/meeplendice.net\/wp-content\/uploads\/2022\/05\/Paleo_Nouvelleere.png",350,350,false],"2048x2048":["https:\/\/meeplendice.net\/wp-content\/uploads\/2022\/05\/Paleo_Nouvelleere.png",350,350,false],"ashe-slider-grid-thumbnail":["https:\/\/meeplendice.net\/wp-content\/uploads\/2022\/05\/Paleo_Nouvelleere.png",350,350,false],"ashe-full-thumbnail":["https:\/\/meeplendice.net\/wp-content\/uploads\/2022\/05\/Paleo_Nouvelleere.png",350,350,false],"ashe-grid-thumbnail":["https:\/\/meeplendice.net\/wp-content\/uploads\/2022\/05\/Paleo_Nouvelleere-350x330.png",350,330,true],"ashe-list-thumbnail":["https:\/\/meeplendice.net\/wp-content\/uploads\/2022\/05\/Paleo_Nouvelleere-300x300.png",300,300,true],"ashe-single-navigation":["https:\/\/meeplendice.net\/wp-content\/uploads\/2022\/05\/Paleo_Nouvelleere-75x75.png",75,75,true],"mailpoet_newsletter_max":["https:\/\/meeplendice.net\/wp-content\/uploads\/2022\/05\/Paleo_Nouvelleere.png",350,350,false],"rpwe-thumbnail":["https:\/\/meeplendice.net\/wp-content\/uploads\/2022\/05\/Paleo_Nouvelleere-45x45.png",45,45,true],"sow-carousel-default":["https:\/\/meeplendice.net\/wp-content\/uploads\/2022\/05\/Paleo_Nouvelleere-272x182.png",272,182,true],"rt_custom":["https:\/\/meeplendice.net\/wp-content\/uploads\/2022\/05\/Paleo_Nouvelleere.png",350,350,false]},"rttpg_author":{"display_name":"Karnby","author_link":"https:\/\/meeplendice.net\/?author=2"},"rttpg_comment":0,"rttpg_category":null,"rttpg_excerpt":"Au cours des derniers mill\u00e9naires, votre tribu a \u00e9t\u00e9 capable de s&rsquo;adapter \u00e0 son environnement. Le Pal\u00e9olithique est d\u00e9sormais un lointain souvenir. Vous allez pouvoir cr\u00e9er de nouvelles inventions et d\u00e9couvrir d&rsquo;autres faons de vivre. Mais vos journ\u00e9es resterons parsem\u00e9es de redoutables d\u00e9fis \u00e0 relever : explorer de profondes jungles et des massifs montagneux enneig\u00e9s,\u2026","_links":{"self":[{"href":"https:\/\/meeplendice.net\/index.php?rest_route=\/wp\/v2\/pages\/9775","targetHints":{"allow":["GET"]}}],"collection":[{"href":"https:\/\/meeplendice.net\/index.php?rest_route=\/wp\/v2\/pages"}],"about":[{"href":"https:\/\/meeplendice.net\/index.php?rest_route=\/wp\/v2\/types\/page"}],"author":[{"embeddable":true,"href":"https:\/\/meeplendice.net\/index.php?rest_route=\/wp\/v2\/users\/2"}],"replies":[{"embeddable":true,"href":"https:\/\/meeplendice.net\/index.php?rest_route=%2Fwp%2Fv2%2Fcomments&post=9775"}],"version-history":[{"count":3,"href":"https:\/\/meeplendice.net\/index.php?rest_route=\/wp\/v2\/pages\/9775\/revisions"}],"predecessor-version":[{"id":9913,"href":"https:\/\/meeplendice.net\/index.php?rest_route=\/wp\/v2\/pages\/9775\/revisions\/9913"}],"up":[{"embeddable":true,"href":"https:\/\/meeplendice.net\/index.php?rest_route=\/wp\/v2\/pages\/7851"}],"wp:featuredmedia":[{"embeddable":true,"href":"https:\/\/meeplendice.net\/index.php?rest_route=\/wp\/v2\/media\/9733"}],"wp:attachment":[{"href":"https:\/\/meeplendice.net\/index.php?rest_route=%2Fwp%2Fv2%2Fmedia&parent=9775"}],"curies":[{"name":"wp","href":"https:\/\/api.w.org\/{rel}","templated":true}]}}