{"id":9777,"date":"2022-05-25T08:37:07","date_gmt":"2022-05-25T07:37:07","guid":{"rendered":"https:\/\/meeplendice.net\/?page_id=9777"},"modified":"2022-05-30T22:59:59","modified_gmt":"2022-05-30T21:59:59","slug":"rites-dinitiations","status":"publish","type":"page","link":"https:\/\/meeplendice.net\/?page_id=9777","title":{"rendered":"Rites d&rsquo;Initiations"},"content":{"rendered":"<div>\n<p><em>La nouvelle g\u00e9n\u00e9ration a grandi.<\/em><\/p>\n<\/div>\n<p><em>Aujourd&rsquo;hui c&rsquo;est le grand jour : les quatre aspirants doivent chacun passer une \u00e9preuve pour devenir un membre \u00e0 part enti\u00e8re de la tribu !<\/em><\/p>\n<p>Ce module ( L ) met en sc\u00e8ne l&rsquo;\u00e9preuve que doivent passer les 4 jeunes membres de la tribu. Les 4 cartes de personnage sont distribu\u00e9es entre les joueurs et ils tentent de passer les \u00e9preuves ensemble.<\/p>\n","protected":false},"excerpt":{"rendered":"<p>La nouvelle g\u00e9n\u00e9ration a grandi. Aujourd&rsquo;hui c&rsquo;est le grand jour : les quatre aspirants doivent chacun passer une \u00e9preuve pour devenir un membre \u00e0 part enti\u00e8re de la tribu ! Ce module ( L ) met en sc\u00e8ne l&rsquo;\u00e9preuve que doivent passer les 4 jeunes membres de la tribu. Les 4 cartes de personnage sont distribu\u00e9es entre les joueurs et ils tentent de passer les \u00e9preuves ensemble.<\/p>\n","protected":false},"author":2,"featured_media":9734,"parent":7851,"menu_order":2,"comment_status":"closed","ping_status":"closed","template":"","meta":{"footnotes":""},"class_list":["post-9777","page","type-page","status-publish","has-post-thumbnail","hentry"],"acf":[],"rttpg_featured_image_url":{"full":["https:\/\/meeplendice.net\/wp-content\/uploads\/2022\/05\/Paleo_Rites.png",350,350,false],"landscape":["https:\/\/meeplendice.net\/wp-content\/uploads\/2022\/05\/Paleo_Rites.png",350,350,false],"portraits":["https:\/\/meeplendice.net\/wp-content\/uploads\/2022\/05\/Paleo_Rites.png",350,350,false],"thumbnail":["https:\/\/meeplendice.net\/wp-content\/uploads\/2022\/05\/Paleo_Rites-150x150.png",150,150,true],"medium":["https:\/\/meeplendice.net\/wp-content\/uploads\/2022\/05\/Paleo_Rites-300x300.png",300,300,true],"large":["https:\/\/meeplendice.net\/wp-content\/uploads\/2022\/05\/Paleo_Rites.png",350,350,false],"ug_big":["https:\/\/meeplendice.net\/wp-content\/uploads\/2022\/05\/Paleo_Rites.png",350,350,false],"1536x1536":["https:\/\/meeplendice.net\/wp-content\/uploads\/2022\/05\/Paleo_Rites.png",350,350,false],"2048x2048":["https:\/\/meeplendice.net\/wp-content\/uploads\/2022\/05\/Paleo_Rites.png",350,350,false],"ashe-slider-grid-thumbnail":["https:\/\/meeplendice.net\/wp-content\/uploads\/2022\/05\/Paleo_Rites.png",350,350,false],"ashe-full-thumbnail":["https:\/\/meeplendice.net\/wp-content\/uploads\/2022\/05\/Paleo_Rites.png",350,350,false],"ashe-grid-thumbnail":["https:\/\/meeplendice.net\/wp-content\/uploads\/2022\/05\/Paleo_Rites-350x330.png",350,330,true],"ashe-list-thumbnail":["https:\/\/meeplendice.net\/wp-content\/uploads\/2022\/05\/Paleo_Rites-300x300.png",300,300,true],"ashe-single-navigation":["https:\/\/meeplendice.net\/wp-content\/uploads\/2022\/05\/Paleo_Rites-75x75.png",75,75,true],"mailpoet_newsletter_max":["https:\/\/meeplendice.net\/wp-content\/uploads\/2022\/05\/Paleo_Rites.png",350,350,false],"rpwe-thumbnail":["https:\/\/meeplendice.net\/wp-content\/uploads\/2022\/05\/Paleo_Rites-45x45.png",45,45,true],"sow-carousel-default":["https:\/\/meeplendice.net\/wp-content\/uploads\/2022\/05\/Paleo_Rites-272x182.png",272,182,true],"rt_custom":["https:\/\/meeplendice.net\/wp-content\/uploads\/2022\/05\/Paleo_Rites.png",350,350,false]},"rttpg_author":{"display_name":"Karnby","author_link":"https:\/\/meeplendice.net\/?author=2"},"rttpg_comment":0,"rttpg_category":null,"rttpg_excerpt":"La nouvelle g\u00e9n\u00e9ration a grandi. Aujourd&rsquo;hui c&rsquo;est le grand jour : les quatre aspirants doivent chacun passer une \u00e9preuve pour devenir un membre \u00e0 part enti\u00e8re de la tribu ! Ce module ( L ) met en sc\u00e8ne l&rsquo;\u00e9preuve que doivent passer les 4 jeunes membres de la tribu. Les 4 cartes de personnage sont\u2026","_links":{"self":[{"href":"https:\/\/meeplendice.net\/index.php?rest_route=\/wp\/v2\/pages\/9777","targetHints":{"allow":["GET"]}}],"collection":[{"href":"https:\/\/meeplendice.net\/index.php?rest_route=\/wp\/v2\/pages"}],"about":[{"href":"https:\/\/meeplendice.net\/index.php?rest_route=\/wp\/v2\/types\/page"}],"author":[{"embeddable":true,"href":"https:\/\/meeplendice.net\/index.php?rest_route=\/wp\/v2\/users\/2"}],"replies":[{"embeddable":true,"href":"https:\/\/meeplendice.net\/index.php?rest_route=%2Fwp%2Fv2%2Fcomments&post=9777"}],"version-history":[{"count":2,"href":"https:\/\/meeplendice.net\/index.php?rest_route=\/wp\/v2\/pages\/9777\/revisions"}],"predecessor-version":[{"id":9916,"href":"https:\/\/meeplendice.net\/index.php?rest_route=\/wp\/v2\/pages\/9777\/revisions\/9916"}],"up":[{"embeddable":true,"href":"https:\/\/meeplendice.net\/index.php?rest_route=\/wp\/v2\/pages\/7851"}],"wp:featuredmedia":[{"embeddable":true,"href":"https:\/\/meeplendice.net\/index.php?rest_route=\/wp\/v2\/media\/9734"}],"wp:attachment":[{"href":"https:\/\/meeplendice.net\/index.php?rest_route=%2Fwp%2Fv2%2Fmedia&parent=9777"}],"curies":[{"name":"wp","href":"https:\/\/api.w.org\/{rel}","templated":true}]}}