{"id":9779,"date":"2022-05-25T08:37:48","date_gmt":"2022-05-25T07:37:48","guid":{"rendered":"https:\/\/meeplendice.net\/?page_id=9779"},"modified":"2022-05-30T23:00:56","modified_gmt":"2022-05-30T22:00:56","slug":"les-oiseaux-terreur","status":"publish","type":"page","link":"https:\/\/meeplendice.net\/?page_id=9779","title":{"rendered":"Les Oiseaux-Terreur"},"content":{"rendered":"<div>\n<p><em>Vous d\u00e9couvrez une nouvelle zone et tombez sur d&rsquo;\u00e9tranges gros \u0153ufs !<\/em><\/p>\n<\/div>\n<div><em>Votre mission est de trouver ces \u0153ufs avant qu&rsquo;ils n&rsquo;\u00e9closent et que les oiseaux ne fassent des ravages&#8230;<\/em><\/div>\n","protected":false},"excerpt":{"rendered":"<p>Vous d\u00e9couvrez une nouvelle zone et tombez sur d&rsquo;\u00e9tranges gros \u0153ufs ! Votre mission est de trouver ces \u0153ufs avant qu&rsquo;ils n&rsquo;\u00e9closent et que les oiseaux ne fassent des ravages&#8230;<\/p>\n","protected":false},"author":2,"featured_media":9735,"parent":7851,"menu_order":3,"comment_status":"closed","ping_status":"closed","template":"","meta":{"footnotes":""},"class_list":["post-9779","page","type-page","status-publish","has-post-thumbnail","hentry"],"acf":[],"rttpg_featured_image_url":{"full":["https:\/\/meeplendice.net\/wp-content\/uploads\/2022\/05\/Paleo_Oiseaux.png",350,350,false],"landscape":["https:\/\/meeplendice.net\/wp-content\/uploads\/2022\/05\/Paleo_Oiseaux.png",350,350,false],"portraits":["https:\/\/meeplendice.net\/wp-content\/uploads\/2022\/05\/Paleo_Oiseaux.png",350,350,false],"thumbnail":["https:\/\/meeplendice.net\/wp-content\/uploads\/2022\/05\/Paleo_Oiseaux-150x150.png",150,150,true],"medium":["https:\/\/meeplendice.net\/wp-content\/uploads\/2022\/05\/Paleo_Oiseaux-300x300.png",300,300,true],"large":["https:\/\/meeplendice.net\/wp-content\/uploads\/2022\/05\/Paleo_Oiseaux.png",350,350,false],"ug_big":["https:\/\/meeplendice.net\/wp-content\/uploads\/2022\/05\/Paleo_Oiseaux.png",350,350,false],"1536x1536":["https:\/\/meeplendice.net\/wp-content\/uploads\/2022\/05\/Paleo_Oiseaux.png",350,350,false],"2048x2048":["https:\/\/meeplendice.net\/wp-content\/uploads\/2022\/05\/Paleo_Oiseaux.png",350,350,false],"ashe-slider-grid-thumbnail":["https:\/\/meeplendice.net\/wp-content\/uploads\/2022\/05\/Paleo_Oiseaux.png",350,350,false],"ashe-full-thumbnail":["https:\/\/meeplendice.net\/wp-content\/uploads\/2022\/05\/Paleo_Oiseaux.png",350,350,false],"ashe-grid-thumbnail":["https:\/\/meeplendice.net\/wp-content\/uploads\/2022\/05\/Paleo_Oiseaux-350x330.png",350,330,true],"ashe-list-thumbnail":["https:\/\/meeplendice.net\/wp-content\/uploads\/2022\/05\/Paleo_Oiseaux-300x300.png",300,300,true],"ashe-single-navigation":["https:\/\/meeplendice.net\/wp-content\/uploads\/2022\/05\/Paleo_Oiseaux-75x75.png",75,75,true],"mailpoet_newsletter_max":["https:\/\/meeplendice.net\/wp-content\/uploads\/2022\/05\/Paleo_Oiseaux.png",350,350,false],"rpwe-thumbnail":["https:\/\/meeplendice.net\/wp-content\/uploads\/2022\/05\/Paleo_Oiseaux-45x45.png",45,45,true],"sow-carousel-default":["https:\/\/meeplendice.net\/wp-content\/uploads\/2022\/05\/Paleo_Oiseaux-272x182.png",272,182,true],"rt_custom":["https:\/\/meeplendice.net\/wp-content\/uploads\/2022\/05\/Paleo_Oiseaux.png",350,350,false]},"rttpg_author":{"display_name":"Karnby","author_link":"https:\/\/meeplendice.net\/?author=2"},"rttpg_comment":0,"rttpg_category":null,"rttpg_excerpt":"Vous d\u00e9couvrez une nouvelle zone et tombez sur d&rsquo;\u00e9tranges gros \u0153ufs ! Votre mission est de trouver ces \u0153ufs avant qu&rsquo;ils n&rsquo;\u00e9closent et que les oiseaux ne fassent des ravages&#8230;","_links":{"self":[{"href":"https:\/\/meeplendice.net\/index.php?rest_route=\/wp\/v2\/pages\/9779","targetHints":{"allow":["GET"]}}],"collection":[{"href":"https:\/\/meeplendice.net\/index.php?rest_route=\/wp\/v2\/pages"}],"about":[{"href":"https:\/\/meeplendice.net\/index.php?rest_route=\/wp\/v2\/types\/page"}],"author":[{"embeddable":true,"href":"https:\/\/meeplendice.net\/index.php?rest_route=\/wp\/v2\/users\/2"}],"replies":[{"embeddable":true,"href":"https:\/\/meeplendice.net\/index.php?rest_route=%2Fwp%2Fv2%2Fcomments&post=9779"}],"version-history":[{"count":3,"href":"https:\/\/meeplendice.net\/index.php?rest_route=\/wp\/v2\/pages\/9779\/revisions"}],"predecessor-version":[{"id":9918,"href":"https:\/\/meeplendice.net\/index.php?rest_route=\/wp\/v2\/pages\/9779\/revisions\/9918"}],"up":[{"embeddable":true,"href":"https:\/\/meeplendice.net\/index.php?rest_route=\/wp\/v2\/pages\/7851"}],"wp:featuredmedia":[{"embeddable":true,"href":"https:\/\/meeplendice.net\/index.php?rest_route=\/wp\/v2\/media\/9735"}],"wp:attachment":[{"href":"https:\/\/meeplendice.net\/index.php?rest_route=%2Fwp%2Fv2%2Fmedia&parent=9779"}],"curies":[{"name":"wp","href":"https:\/\/api.w.org\/{rel}","templated":true}]}}