{"id":9798,"date":"2022-05-27T13:28:48","date_gmt":"2022-05-27T12:28:48","guid":{"rendered":"https:\/\/meeplendice.net\/?page_id=9798"},"modified":"2023-12-24T16:25:53","modified_gmt":"2023-12-24T15:25:53","slug":"ark-nova","status":"publish","type":"page","link":"https:\/\/meeplendice.net\/?page_id=9798","title":{"rendered":"Ark Nova"},"content":{"rendered":"<div id=\"pl-9798\"  class=\"panel-layout\" ><div id=\"pg-9798-0\"  class=\"panel-grid panel-no-style\" ><div id=\"pgc-9798-0-0\"  class=\"panel-grid-cell\" ><div id=\"panel-9798-0-0-0\" class=\"so-panel widget widget_sow-editor panel-first-child panel-last-child\" data-index=\"0\" ><div\n\t\t\t\n\t\t\tclass=\"so-widget-sow-editor so-widget-sow-editor-base\"\n\t\t\t\n\t\t>\n<div class=\"siteorigin-widget-tinymce textwidget\">\n\t<p style=\"text-align: center;\"><strong>Nombre de joueurs :<\/strong><br \/>\n1 - 4<\/p>\n<\/div>\n<\/div><\/div><\/div><div id=\"pgc-9798-0-1\"  class=\"panel-grid-cell\" ><div id=\"panel-9798-0-1-0\" class=\"so-panel widget widget_sow-editor panel-first-child panel-last-child\" data-index=\"1\" ><div\n\t\t\t\n\t\t\tclass=\"so-widget-sow-editor so-widget-sow-editor-base\"\n\t\t\t\n\t\t>\n<div class=\"siteorigin-widget-tinymce textwidget\">\n\t<p style=\"text-align: center;\"><strong>Dur\u00e9e moyenne :<\/strong><br \/>\n120 min<\/p>\n<\/div>\n<\/div><\/div><\/div><div id=\"pgc-9798-0-2\"  class=\"panel-grid-cell\" ><div id=\"panel-9798-0-2-0\" class=\"so-panel widget widget_sow-editor panel-first-child panel-last-child\" data-index=\"2\" ><div\n\t\t\t\n\t\t\tclass=\"so-widget-sow-editor so-widget-sow-editor-base\"\n\t\t\t\n\t\t>\n<div class=\"siteorigin-widget-tinymce textwidget\">\n\t<p style=\"text-align: center;\"><strong>Age :<\/strong><br \/>\n14 ans et plus<\/p>\n<\/div>\n<\/div><\/div><\/div><\/div><div id=\"pg-9798-1\"  class=\"panel-grid panel-no-style\" ><div id=\"pgc-9798-1-0\"  class=\"panel-grid-cell\" ><div id=\"panel-9798-1-0-0\" class=\"so-panel widget widget_sow-editor panel-first-child panel-last-child\" data-index=\"3\" ><div\n\t\t\t\n\t\t\tclass=\"so-widget-sow-editor so-widget-sow-editor-base\"\n\t\t\t\n\t\t>\n<div class=\"siteorigin-widget-tinymce textwidget\">\n\t<p style=\"text-align: center;\"><strong>Auteur(s) :<br \/>\n<\/strong><span class=\"data-siloing\" title=\"D\u00e9couvrez tous ces jeux\" data-siloing=\"https:\/\/www.philibertnet.com\/fr\/recherche?feature=31&amp;feature_value=Mathias Wigge\">Mathias Wigge<\/span><\/p>\n<\/div>\n<\/div><\/div><\/div><div id=\"pgc-9798-1-1\"  class=\"panel-grid-cell\" ><div id=\"panel-9798-1-1-0\" class=\"so-panel widget widget_sow-editor panel-first-child panel-last-child\" data-index=\"4\" ><div\n\t\t\t\n\t\t\tclass=\"so-widget-sow-editor so-widget-sow-editor-base\"\n\t\t\t\n\t\t>\n<div class=\"siteorigin-widget-tinymce textwidget\">\n\t<p style=\"text-align: center;\"><strong>Illustrations :<\/strong><br \/>\n<span class=\"data-siloing\" title=\"D\u00e9couvrez tous ces jeux\" data-siloing=\"https:\/\/www.philibertnet.com\/fr\/recherche?feature=41&amp;feature_value=Dennis Lohausen\">Dennis Lohausen<br \/>\n<\/span><span class=\"data-siloing\" title=\"Voir tous les jeux\" data-siloing=\"https:\/\/www.philibertnet.com\/fr\/recherche?feature=41&amp;feature_value=Loic Billiau\">Loic Billiau<br \/>\n<\/span><span class=\"data-siloing\" title=\"Voir tous les jeux\" data-siloing=\"https:\/\/www.philibertnet.com\/fr\/recherche?feature=41&amp;feature_value=Steffen Bieker\">Steffen Bieker<\/span><\/p>\n<\/div>\n<\/div><\/div><\/div><div id=\"pgc-9798-1-2\"  class=\"panel-grid-cell\" ><div id=\"panel-9798-1-2-0\" class=\"so-panel widget widget_sow-editor panel-first-child panel-last-child\" data-index=\"5\" ><div\n\t\t\t\n\t\t\tclass=\"so-widget-sow-editor so-widget-sow-editor-base\"\n\t\t\t\n\t\t>\n<div class=\"siteorigin-widget-tinymce textwidget\">\n\t<p style=\"text-align: center;\"><strong>\u00c9dition :<\/strong><br \/>\n<span class=\"data-siloing\" data-siloing=\"\n\n                                                            https:\/\/www.philibertnet.com\/fr\/1198_super-meeple\n\n                            \">Super Meeple<br \/>\n2021<\/span><\/p>\n<\/div>\n<\/div><\/div><\/div><div id=\"pgc-9798-1-3\"  class=\"panel-grid-cell\" ><div id=\"panel-9798-1-3-0\" class=\"so-panel widget widget_sow-editor panel-first-child panel-last-child\" data-index=\"6\" ><div\n\t\t\t\n\t\t\tclass=\"so-widget-sow-editor so-widget-sow-editor-base\"\n\t\t\t\n\t\t>\n<div class=\"siteorigin-widget-tinymce textwidget\">\n\t<p style=\"text-align: center;\"><strong>Version :<\/strong><br \/>\nFran\u00e7aise<\/p>\n<\/div>\n<\/div><\/div><\/div><\/div><div id=\"pg-9798-2\"  class=\"panel-grid panel-no-style\" ><div id=\"pgc-9798-2-0\"  class=\"panel-grid-cell\" ><div id=\"panel-9798-2-0-0\" class=\"so-panel widget widget_sow-editor panel-first-child panel-last-child\" data-index=\"7\" ><div\n\t\t\t\n\t\t\tclass=\"so-widget-sow-editor so-widget-sow-editor-base\"\n\t\t\t\n\t\t>\n<div class=\"siteorigin-widget-tinymce textwidget\">\n\t<hr \/>\n<p><em>Dans Ark Nova<\/em>, vous pr\u00e9parez et d\u00e9veloppez un zoo moderne \u00e0 vis\u00e9e scientifique. Pour diriger l'\u00e9tablissement le plus efficace, vous construisez des enclos pour abriter vos animaux et soutenez des projets de conservation pour assurer la pr\u00e9servation des diff\u00e9rentes esp\u00e8ces. Des sp\u00e9cialistes et des b\u00e2timents uniques vous apportent une aide pr\u00e9cieuse.<\/p>\n<p><em>Ark Nova<\/em> s'articule atour de 255 cartes d'animaux, de sp\u00e9cialistes, d'enclos uniques et de projets de conservation, chacune disposant de capacit\u00e9s sp\u00e9cifiques. Utilisez ces cartes pour augmenter l'attrait et la r\u00e9putation scientifique de votre zoo et pour gagner des points de conservation. Vos cartes Actions vous permettent de pr\u00e9parer et ex\u00e9cuter vos plans \u00e0 plus moins long terme.<\/p>\n<\/div>\n<\/div><\/div><\/div><\/div><div id=\"pg-9798-3\"  class=\"panel-grid panel-no-style\" ><div id=\"pgc-9798-3-0\"  class=\"panel-grid-cell\" ><div id=\"panel-9798-3-0-0\" class=\"so-panel widget widget_sow-editor panel-first-child panel-last-child\" data-index=\"8\" ><div\n\t\t\t\n\t\t\tclass=\"so-widget-sow-editor so-widget-sow-editor-base\"\n\t\t\t\n\t\t>\n<div class=\"siteorigin-widget-tinymce textwidget\">\n\t<hr \/>\n<h3 style=\"text-align: center;\">En vid\u00e9o<\/h3>\n<p><a href=\"https:\/\/www.youtube.com\/watch?v=IO1UJxhgRk0&amp;ab_channel=RenardLudique\" target=\"_blank\" rel=\"noopener\"><img loading=\"lazy\" decoding=\"async\" class=\"alignnone size-full wp-image-9090\" src=\"https:\/\/meeplendice.net\/wp-content\/uploads\/2022\/01\/Link_CJ_v2.png\" alt=\"\" width=\"200\" height=\"170\" \/><\/a><\/p>\n<\/div>\n<\/div><\/div><\/div><\/div><div id=\"pg-9798-4\"  class=\"panel-grid panel-no-style\" ><div id=\"pgc-9798-4-0\"  class=\"panel-grid-cell\" ><div id=\"panel-9798-4-0-0\" class=\"so-panel widget widget_sow-editor panel-first-child panel-last-child\" data-index=\"9\" ><div\n\t\t\t\n\t\t\tclass=\"so-widget-sow-editor so-widget-sow-editor-base\"\n\t\t\t\n\t\t>\n<div class=\"siteorigin-widget-tinymce textwidget\">\n\t<hr \/>\n<h3 style=\"text-align: center;\">Extension(s)<\/h3>\n<style type='text\/css' media='all'>#rt-tpg-container-110533749 .read-more a{border-radius:px;}#rt-tpg-container-110533749 .rt-img-holder img.rt-img-responsive,#rt-tpg-container-110533749 .rt-img-holder,\n\t\t\t\t\t#rt-tpg-container-110533749 .rt-post-overlay .post-img,\n\t\t\t\t\t#rt-tpg-container-110533749 .post-sm .post-img,\n\t\t\t\t\t#rt-tpg-container-110533749 .rt-post-grid .post-img,\n\t\t\t\t\t#rt-tpg-container-110533749 .post-img img {border-radius:px;}#rt-tpg-container-110533749 .layout9 .rt-holder h2.entry-title,\n\t\t\t\t\t#rt-tpg-container-110533749 .layout9 .rt-holder h3.entry-title,\n\t\t\t\t\t#rt-tpg-container-110533749 .layout9 .rt-holder h4.entry-title,\n\t\t\t\t\t#rt-tpg-container-110533749 .layout9 .rt-holder h2.entry-title a,\n\t\t\t\t\t#rt-tpg-container-110533749 .layout9 .rt-holder h3.entry-title a,\n\t\t\t\t\t#rt-tpg-container-110533749 .layout9 .rt-holder h4.entry-title a,\n\t\t\t\t\t#rt-tpg-container-110533749 .rt-holder .rt-woo-info h2 a,\n\t\t\t\t\t#rt-tpg-container-110533749 .rt-holder .rt-woo-info h3 a,\n\t\t\t\t\t#rt-tpg-container-110533749 .rt-holder .rt-woo-info h4 a,\n\t\t\t\t\t#rt-tpg-container-110533749 .post-content .post-title,\n\t\t\t\t\t#rt-tpg-container-110533749 .rt-post-grid .post-title,\n\t\t\t\t\t#rt-tpg-container-110533749 .rt-post-grid .post-title a,\n\t\t\t\t\t#rt-tpg-container-110533749 .post-content .post-title a,\n\t\t\t\t\t#rt-tpg-container-110533749 .rt-holder .rt-woo-info h2,\n\t\t\t\t\t#rt-tpg-container-110533749 .rt-holder .rt-woo-info h3,\n\t\t\t\t\t#rt-tpg-container-110533749 .rt-holder .rt-woo-info h4{font-size:16px;line-height:26px;font-weight:normal;text-align:center;}#rt-tpg-container-110533749 .post-grid-lg-style-1 .post-title,\n\t\t\t\t\t\t#rt-tpg-container-110533749 .post-grid-lg-style-1 .post-title a,\n\t\t\t\t\t\t#rt-tpg-container-110533749 .big-layout .post-title,\n\t\t\t\t\t\t#rt-tpg-container-110533749 .big-layout .post-title a,\n\t\t\t\t\t\t#rt-tpg-container-110533749 .post-grid-lg-style-1 .post-title,\n\t\t\t\t\t\t#rt-tpg-container-110533749 .post-grid-lg-style-1 .post-title a {font-size:24px;line-height:34px;}<\/style><div class='rt-container-fluid rt-tpg-container tpg-shortcode-main-wrapper ' id='rt-tpg-container-110533749'   data-layout='layout9' data-grid-style='masonry' data-desktop-col='3'  data-tab-col='2'  data-mobile-col='1' data-sc-id='11749'><div data-title='Loading ...' class='rt-row rt-content-loader   layout9 tpg-masonry '><div class=\"rt-col-md-4 rt-col-sm-6 rt-col-xs-12 masonry-grid-item rt-grid-item img_zoom_in\" data-id=\"11745\"><div class=\"rt-holder\"><div class='overlay'><a data-id='11745' class=' tpg-single-popup' href='https:\/\/meeplendice.net\/?page_id=11745'><img loading=\"lazy\" decoding=\"async\" width=\"350\" height=\"350\" src=\"https:\/\/meeplendice.net\/wp-content\/uploads\/2023\/12\/ArkNova_PlateauSupp.png\" class=\"rt-img-responsive \" alt=\"\" \/><\/a><\/div><div class='post-info'><h3 class=\"entry-title\"><a data-id=\"11745\" class=\" tpg-single-popup\" href=\"https:\/\/meeplendice.net\/?page_id=11745\">Plateau Zoo<\/a><\/h3><div class='post-meta-user '><\/div><\/div><\/div><\/div><div class=\"rt-col-md-4 rt-col-sm-6 rt-col-xs-12 masonry-grid-item rt-grid-item img_zoom_in\" data-id=\"11741\"><div class=\"rt-holder\"><div class='overlay'><a data-id='11741' class=' tpg-single-popup' href='https:\/\/meeplendice.net\/?page_id=11741'><img loading=\"lazy\" decoding=\"async\" width=\"350\" height=\"350\" src=\"https:\/\/meeplendice.net\/wp-content\/uploads\/2023\/12\/ArkNova_MM.png\" class=\"rt-img-responsive \" alt=\"\" \/><\/a><\/div><div class='post-info'><h3 class=\"entry-title\"><a data-id=\"11741\" class=\" tpg-single-popup\" href=\"https:\/\/meeplendice.net\/?page_id=11741\">Mondes Marins<\/a><\/h3><div class='post-meta-user '><\/div><\/div><\/div><\/div><\/div><div class='rt-pagination-wrap' data-total-pages='1' data-posts-per-page='3' data-type='pagination_ajax'  ><div class='rt-page-numbers'><\/div><\/div><\/div>\n<\/div>\n<\/div><\/div><\/div><\/div><div id=\"pg-9798-5\"  class=\"panel-grid panel-no-style\" ><div id=\"pgc-9798-5-0\"  class=\"panel-grid-cell\" ><div id=\"panel-9798-5-0-0\" class=\"so-panel widget widget_sow-editor panel-first-child panel-last-child\" data-index=\"10\" ><div\n\t\t\t\n\t\t\tclass=\"so-widget-sow-editor so-widget-sow-editor-base\"\n\t\t\t\n\t\t>\n<div class=\"siteorigin-widget-tinymce textwidget\">\n\t<hr \/>\n<h3 style=\"text-align: center;\">Pour aller plus loin<\/h3>\n<\/div>\n<\/div><\/div><\/div><\/div><\/div>","protected":false},"excerpt":{"rendered":"<p>Nombre de joueurs : 1 &#8211; 4 Dur\u00e9e moyenne : 120 min Age : 14 ans et plus Auteur(s) : Mathias Wigge Illustrations : Dennis Lohausen Loic Billiau Steffen Bieker \u00c9dition : Super Meeple 2021 Version : Fran\u00e7aise<\/p>\n","protected":false},"author":2,"featured_media":9751,"parent":0,"menu_order":0,"comment_status":"closed","ping_status":"closed","template":"","meta":{"footnotes":""},"class_list":["post-9798","page","type-page","status-publish","has-post-thumbnail","hentry"],"acf":[],"rttpg_featured_image_url":{"full":["https:\/\/meeplendice.net\/wp-content\/uploads\/2022\/05\/Ark_Nova.png",350,350,false],"landscape":["https:\/\/meeplendice.net\/wp-content\/uploads\/2022\/05\/Ark_Nova.png",350,350,false],"portraits":["https:\/\/meeplendice.net\/wp-content\/uploads\/2022\/05\/Ark_Nova.png",350,350,false],"thumbnail":["https:\/\/meeplendice.net\/wp-content\/uploads\/2022\/05\/Ark_Nova-150x150.png",150,150,true],"medium":["https:\/\/meeplendice.net\/wp-content\/uploads\/2022\/05\/Ark_Nova-300x300.png",300,300,true],"large":["https:\/\/meeplendice.net\/wp-content\/uploads\/2022\/05\/Ark_Nova.png",350,350,false],"ug_big":["https:\/\/meeplendice.net\/wp-content\/uploads\/2022\/05\/Ark_Nova.png",350,350,false],"1536x1536":["https:\/\/meeplendice.net\/wp-content\/uploads\/2022\/05\/Ark_Nova.png",350,350,false],"2048x2048":["https:\/\/meeplendice.net\/wp-content\/uploads\/2022\/05\/Ark_Nova.png",350,350,false],"ashe-slider-grid-thumbnail":["https:\/\/meeplendice.net\/wp-content\/uploads\/2022\/05\/Ark_Nova.png",350,350,false],"ashe-full-thumbnail":["https:\/\/meeplendice.net\/wp-content\/uploads\/2022\/05\/Ark_Nova.png",350,350,false],"ashe-grid-thumbnail":["https:\/\/meeplendice.net\/wp-content\/uploads\/2022\/05\/Ark_Nova-350x330.png",350,330,true],"ashe-list-thumbnail":["https:\/\/meeplendice.net\/wp-content\/uploads\/2022\/05\/Ark_Nova-300x300.png",300,300,true],"ashe-single-navigation":["https:\/\/meeplendice.net\/wp-content\/uploads\/2022\/05\/Ark_Nova-75x75.png",75,75,true],"mailpoet_newsletter_max":["https:\/\/meeplendice.net\/wp-content\/uploads\/2022\/05\/Ark_Nova.png",350,350,false],"rpwe-thumbnail":["https:\/\/meeplendice.net\/wp-content\/uploads\/2022\/05\/Ark_Nova-45x45.png",45,45,true],"sow-carousel-default":["https:\/\/meeplendice.net\/wp-content\/uploads\/2022\/05\/Ark_Nova-272x182.png",272,182,true],"rt_custom":["https:\/\/meeplendice.net\/wp-content\/uploads\/2022\/05\/Ark_Nova.png",350,350,false]},"rttpg_author":{"display_name":"Karnby","author_link":"https:\/\/meeplendice.net\/?author=2"},"rttpg_comment":0,"rttpg_category":null,"rttpg_excerpt":"Nombre de joueurs : 1 - 4 Dur\u00e9e moyenne : 120 min Age : 14 ans et plus Auteur(s) : Mathias Wigge Illustrations : Dennis Lohausen Loic Billiau Steffen Bieker \u00c9dition : Super Meeple 2021 Version : Fran\u00e7aise","_links":{"self":[{"href":"https:\/\/meeplendice.net\/index.php?rest_route=\/wp\/v2\/pages\/9798","targetHints":{"allow":["GET"]}}],"collection":[{"href":"https:\/\/meeplendice.net\/index.php?rest_route=\/wp\/v2\/pages"}],"about":[{"href":"https:\/\/meeplendice.net\/index.php?rest_route=\/wp\/v2\/types\/page"}],"author":[{"embeddable":true,"href":"https:\/\/meeplendice.net\/index.php?rest_route=\/wp\/v2\/users\/2"}],"replies":[{"embeddable":true,"href":"https:\/\/meeplendice.net\/index.php?rest_route=%2Fwp%2Fv2%2Fcomments&post=9798"}],"version-history":[{"count":7,"href":"https:\/\/meeplendice.net\/index.php?rest_route=\/wp\/v2\/pages\/9798\/revisions"}],"predecessor-version":[{"id":11751,"href":"https:\/\/meeplendice.net\/index.php?rest_route=\/wp\/v2\/pages\/9798\/revisions\/11751"}],"wp:featuredmedia":[{"embeddable":true,"href":"https:\/\/meeplendice.net\/index.php?rest_route=\/wp\/v2\/media\/9751"}],"wp:attachment":[{"href":"https:\/\/meeplendice.net\/index.php?rest_route=%2Fwp%2Fv2%2Fmedia&parent=9798"}],"curies":[{"name":"wp","href":"https:\/\/api.w.org\/{rel}","templated":true}]}}