{"id":9822,"date":"2022-05-27T14:36:22","date_gmt":"2022-05-27T13:36:22","guid":{"rendered":"https:\/\/meeplendice.net\/?page_id=9822"},"modified":"2022-05-30T23:17:12","modified_gmt":"2022-05-30T22:17:12","slug":"bureau-of-investigation-enquetes-a-arkham-autres-contrees","status":"publish","type":"page","link":"https:\/\/meeplendice.net\/?page_id=9822","title":{"rendered":"Bureau of Investigation : Enqu\u00eates \u00e0 Arkham &#038; Autres Contr\u00e9es"},"content":{"rendered":"<div id=\"pl-9822\"  class=\"panel-layout\" ><div id=\"pg-9822-0\"  class=\"panel-grid panel-no-style\" ><div id=\"pgc-9822-0-0\"  class=\"panel-grid-cell\" ><div id=\"panel-9822-0-0-0\" class=\"so-panel widget widget_sow-editor panel-first-child panel-last-child\" data-index=\"0\" ><div\n\t\t\t\n\t\t\tclass=\"so-widget-sow-editor so-widget-sow-editor-base\"\n\t\t\t\n\t\t>\n<div class=\"siteorigin-widget-tinymce textwidget\">\n\t<p style=\"text-align: center;\"><strong>Nombre de joueurs :<\/strong><br \/>\n1 - 8<\/p>\n<\/div>\n<\/div><\/div><\/div><div id=\"pgc-9822-0-1\"  class=\"panel-grid-cell\" ><div id=\"panel-9822-0-1-0\" class=\"so-panel widget widget_sow-editor panel-first-child panel-last-child\" data-index=\"1\" ><div\n\t\t\t\n\t\t\tclass=\"so-widget-sow-editor so-widget-sow-editor-base\"\n\t\t\t\n\t\t>\n<div class=\"siteorigin-widget-tinymce textwidget\">\n\t<p style=\"text-align: center;\"><strong>Dur\u00e9e moyenne :<\/strong><br \/>\n120 min<\/p>\n<\/div>\n<\/div><\/div><\/div><div id=\"pgc-9822-0-2\"  class=\"panel-grid-cell\" ><div id=\"panel-9822-0-2-0\" class=\"so-panel widget widget_sow-editor panel-first-child panel-last-child\" data-index=\"2\" ><div\n\t\t\t\n\t\t\tclass=\"so-widget-sow-editor so-widget-sow-editor-base\"\n\t\t\t\n\t\t>\n<div class=\"siteorigin-widget-tinymce textwidget\">\n\t<p style=\"text-align: center;\"><strong>Age :<\/strong><br \/>\n16 ans et plus<\/p>\n<\/div>\n<\/div><\/div><\/div><\/div><div id=\"pg-9822-1\"  class=\"panel-grid panel-no-style\" ><div id=\"pgc-9822-1-0\"  class=\"panel-grid-cell\" ><div id=\"panel-9822-1-0-0\" class=\"so-panel widget widget_sow-editor panel-first-child panel-last-child\" data-index=\"3\" ><div\n\t\t\t\n\t\t\tclass=\"so-widget-sow-editor so-widget-sow-editor-base\"\n\t\t\t\n\t\t>\n<div class=\"siteorigin-widget-tinymce textwidget\">\n\t<p style=\"text-align: center;\"><strong>Auteur(s) :<br \/>\n<\/strong><span class=\"data-siloing\" title=\"D\u00e9couvrez tous ces jeux\" data-siloing=\"https:\/\/www.philibertnet.com\/fr\/recherche?feature=31&amp;feature_value=Gregory Privat\">Gregory Privat<\/span><\/p>\n<\/div>\n<\/div><\/div><\/div><div id=\"pgc-9822-1-1\"  class=\"panel-grid-cell\" ><div id=\"panel-9822-1-1-0\" class=\"so-panel widget widget_sow-editor panel-first-child panel-last-child\" data-index=\"4\" ><div\n\t\t\t\n\t\t\tclass=\"so-widget-sow-editor so-widget-sow-editor-base\"\n\t\t\t\n\t\t>\n<div class=\"siteorigin-widget-tinymce textwidget\">\n\t<p style=\"text-align: center;\"><strong>Illustrations :<\/strong><br \/>\n<span class=\"data-siloing\" title=\"D\u00e9couvrez tous ces jeux\" data-siloing=\"https:\/\/www.philibertnet.com\/fr\/recherche?feature=41&amp;feature_value=Bernard Bittler\">Bernard Bittler<br \/>\n<\/span><span class=\"data-siloing\" title=\"Voir tous les jeux\" data-siloing=\"https:\/\/www.philibertnet.com\/fr\/recherche?feature=41&amp;feature_value=Pascal Quidault\">Pascal Quidault<br \/>\n<\/span><span class=\"data-siloing\" title=\"Voir tous les jeux\" data-siloing=\"https:\/\/www.philibertnet.com\/fr\/recherche?feature=41&amp;feature_value=Rene Aigner\">Rene Aigner<br \/>\nGr\u00e9gory Privat<\/span><\/p>\n<\/div>\n<\/div><\/div><\/div><div id=\"pgc-9822-1-2\"  class=\"panel-grid-cell\" ><div id=\"panel-9822-1-2-0\" class=\"so-panel widget widget_sow-editor panel-first-child panel-last-child\" data-index=\"5\" ><div\n\t\t\t\n\t\t\tclass=\"so-widget-sow-editor so-widget-sow-editor-base\"\n\t\t\t\n\t\t>\n<div class=\"siteorigin-widget-tinymce textwidget\">\n\t<p style=\"text-align: center;\"><strong>\u00c9dition :<\/strong><br \/>\nSpace Cowboys<br \/>\n2021<\/p>\n<\/div>\n<\/div><\/div><\/div><div id=\"pgc-9822-1-3\"  class=\"panel-grid-cell\" ><div id=\"panel-9822-1-3-0\" class=\"so-panel widget widget_sow-editor panel-first-child panel-last-child\" data-index=\"6\" ><div\n\t\t\t\n\t\t\tclass=\"so-widget-sow-editor so-widget-sow-editor-base\"\n\t\t\t\n\t\t>\n<div class=\"siteorigin-widget-tinymce textwidget\">\n\t<p style=\"text-align: center;\"><strong>Version :<\/strong><br \/>\nFran\u00e7aise<\/p>\n<\/div>\n<\/div><\/div><\/div><\/div><div id=\"pg-9822-2\"  class=\"panel-grid panel-no-style\" ><div id=\"pgc-9822-2-0\"  class=\"panel-grid-cell\" ><div id=\"panel-9822-2-0-0\" class=\"so-panel widget widget_sow-editor panel-first-child panel-last-child\" data-index=\"7\" ><div\n\t\t\t\n\t\t\tclass=\"so-widget-sow-editor so-widget-sow-editor-base\"\n\t\t\t\n\t\t>\n<div class=\"siteorigin-widget-tinymce textwidget\">\n\t<hr \/>\n<p><em>Soyez les bienvenus au sein du Bureau of Investigation (BOI), anc\u00eatre du Federal Bureau of Investigation (FBI) et d\u00e9j\u00e0 dirig\u00e9 par John Edgar Hoover.<\/em><\/p>\n<p><em>En tant qu'agents du BOI, vous \u00eates l\u00e0 pour mener l'enqu\u00eate. Il y a tout juste un an, sur la foi du t\u00e9moignagne de Robert Olmstead, une importante op\u00e9ration du Bureau eut lieu \u00e0 Innsmouth, une petite ville portuaire du Massachusetts. Les horreurs d\u00e9couvertes sur place firent prendre conscience aux autorit\u00e9s de l'existence de menaces que l'on pensait \u00e9cart\u00e9es depuis les proc\u00e8s de Salem, survenus deux si\u00e8cles plus t\u00f4t.<br \/>\n<\/em><\/p>\n<p><em>La section \u00e0 laquelle vous appartenez est plac\u00e9e directement sous les ordres de Hoover. Elle ne porte pas de nom et est absente de tous les organigrammes. Vous enqu\u00eatez sur toutes les affaires qui pourraient \u00eatre li\u00e9es \u00e0 Innsmouth. Votre mission consiste \u00e0 identifier d'\u00e9ventuelles menaces et \u00e0 les faire cesser.<\/em><\/p>\n<p>Vous incarnez des agents du BOI form\u00e9s aux m\u00e9thodes d'investigation modernes, et votre statut vous offre une grande libert\u00e9 d'action. Dans ce coffret vous seront pr\u00e9sent\u00e9es 5 enqu\u00eates \u00e9pineuses qu'il vous appartiendra de r\u00e9soudre.<br \/>\nPour chaque enqu\u00eate, vous disposerez de diff\u00e9rents \u00e9l\u00e9ments qui seront d\u00e9crits au d\u00e9but de l'affaire. Forts de ces \u00e9l\u00e9ments et de votre imagination, vous sillonnerez les rues d'Arkham ou de Boston - ou de lieux plus exotiques - \u00e0 la recherche des indices qui vous permettront de mettre fin \u00e0 des menaces indicibles.<\/p>\n<p>Soldats de l'ombre dans une lutte dont vous ne ma\u00eetriserez jamais vraiment les enjeux, il vous incombera de sauver le monde libre et parfois l'humanit\u00e9... au risque de sombrer dans la folie.<\/p>\n<\/div>\n<\/div><\/div><\/div><\/div><div id=\"pg-9822-3\"  class=\"panel-grid panel-no-style\" ><div id=\"pgc-9822-3-0\"  class=\"panel-grid-cell\" ><div id=\"panel-9822-3-0-0\" class=\"so-panel widget widget_sow-editor panel-first-child panel-last-child\" data-index=\"8\" ><div\n\t\t\t\n\t\t\tclass=\"so-widget-sow-editor so-widget-sow-editor-base\"\n\t\t\t\n\t\t>\n<div class=\"siteorigin-widget-tinymce textwidget\">\n\t<hr \/>\n<h3 style=\"text-align: center;\">En vid\u00e9o<\/h3>\n<\/div>\n<\/div><\/div><\/div><\/div><div id=\"pg-9822-4\"  class=\"panel-grid panel-no-style\" ><div id=\"pgc-9822-4-0\"  class=\"panel-grid-cell\" ><div id=\"panel-9822-4-0-0\" class=\"so-panel widget widget_sow-editor panel-first-child panel-last-child\" data-index=\"9\" ><div\n\t\t\t\n\t\t\tclass=\"so-widget-sow-editor so-widget-sow-editor-base\"\n\t\t\t\n\t\t>\n<div class=\"siteorigin-widget-tinymce textwidget\">\n\t<hr \/>\n<h3 style=\"text-align: center;\">Pour aller plus loin<\/h3>\n<\/div>\n<\/div><\/div><\/div><\/div><\/div>","protected":false},"excerpt":{"rendered":"<p>Nombre de joueurs : 1 &#8211; 8 Dur\u00e9e moyenne : 120 min Age : 16 ans et plus Auteur(s) : Gregory Privat Illustrations : Bernard Bittler Pascal Quidault Rene Aigner Gr\u00e9gory Privat \u00c9dition : Space Cowboys 2021 Version : Fran\u00e7aise<\/p>\n","protected":false},"author":2,"featured_media":9759,"parent":0,"menu_order":0,"comment_status":"closed","ping_status":"closed","template":"","meta":{"footnotes":""},"class_list":["post-9822","page","type-page","status-publish","has-post-thumbnail","hentry"],"acf":[],"rttpg_featured_image_url":{"full":["https:\/\/meeplendice.net\/wp-content\/uploads\/2022\/05\/BOI_Arkham.png",350,350,false],"landscape":["https:\/\/meeplendice.net\/wp-content\/uploads\/2022\/05\/BOI_Arkham.png",350,350,false],"portraits":["https:\/\/meeplendice.net\/wp-content\/uploads\/2022\/05\/BOI_Arkham.png",350,350,false],"thumbnail":["https:\/\/meeplendice.net\/wp-content\/uploads\/2022\/05\/BOI_Arkham-150x150.png",150,150,true],"medium":["https:\/\/meeplendice.net\/wp-content\/uploads\/2022\/05\/BOI_Arkham-300x300.png",300,300,true],"large":["https:\/\/meeplendice.net\/wp-content\/uploads\/2022\/05\/BOI_Arkham.png",350,350,false],"ug_big":["https:\/\/meeplendice.net\/wp-content\/uploads\/2022\/05\/BOI_Arkham.png",350,350,false],"1536x1536":["https:\/\/meeplendice.net\/wp-content\/uploads\/2022\/05\/BOI_Arkham.png",350,350,false],"2048x2048":["https:\/\/meeplendice.net\/wp-content\/uploads\/2022\/05\/BOI_Arkham.png",350,350,false],"ashe-slider-grid-thumbnail":["https:\/\/meeplendice.net\/wp-content\/uploads\/2022\/05\/BOI_Arkham.png",350,350,false],"ashe-full-thumbnail":["https:\/\/meeplendice.net\/wp-content\/uploads\/2022\/05\/BOI_Arkham.png",350,350,false],"ashe-grid-thumbnail":["https:\/\/meeplendice.net\/wp-content\/uploads\/2022\/05\/BOI_Arkham-350x330.png",350,330,true],"ashe-list-thumbnail":["https:\/\/meeplendice.net\/wp-content\/uploads\/2022\/05\/BOI_Arkham-300x300.png",300,300,true],"ashe-single-navigation":["https:\/\/meeplendice.net\/wp-content\/uploads\/2022\/05\/BOI_Arkham-75x75.png",75,75,true],"mailpoet_newsletter_max":["https:\/\/meeplendice.net\/wp-content\/uploads\/2022\/05\/BOI_Arkham.png",350,350,false],"rpwe-thumbnail":["https:\/\/meeplendice.net\/wp-content\/uploads\/2022\/05\/BOI_Arkham-45x45.png",45,45,true],"sow-carousel-default":["https:\/\/meeplendice.net\/wp-content\/uploads\/2022\/05\/BOI_Arkham-272x182.png",272,182,true],"rt_custom":["https:\/\/meeplendice.net\/wp-content\/uploads\/2022\/05\/BOI_Arkham.png",350,350,false]},"rttpg_author":{"display_name":"Karnby","author_link":"https:\/\/meeplendice.net\/?author=2"},"rttpg_comment":0,"rttpg_category":null,"rttpg_excerpt":"Nombre de joueurs : 1 - 8 Dur\u00e9e moyenne : 120 min Age : 16 ans et plus Auteur(s) : Gregory Privat Illustrations : Bernard Bittler Pascal Quidault Rene Aigner Gr\u00e9gory Privat \u00c9dition : Space Cowboys 2021 Version : Fran\u00e7aise","_links":{"self":[{"href":"https:\/\/meeplendice.net\/index.php?rest_route=\/wp\/v2\/pages\/9822","targetHints":{"allow":["GET"]}}],"collection":[{"href":"https:\/\/meeplendice.net\/index.php?rest_route=\/wp\/v2\/pages"}],"about":[{"href":"https:\/\/meeplendice.net\/index.php?rest_route=\/wp\/v2\/types\/page"}],"author":[{"embeddable":true,"href":"https:\/\/meeplendice.net\/index.php?rest_route=\/wp\/v2\/users\/2"}],"replies":[{"embeddable":true,"href":"https:\/\/meeplendice.net\/index.php?rest_route=%2Fwp%2Fv2%2Fcomments&post=9822"}],"version-history":[{"count":4,"href":"https:\/\/meeplendice.net\/index.php?rest_route=\/wp\/v2\/pages\/9822\/revisions"}],"predecessor-version":[{"id":9919,"href":"https:\/\/meeplendice.net\/index.php?rest_route=\/wp\/v2\/pages\/9822\/revisions\/9919"}],"wp:featuredmedia":[{"embeddable":true,"href":"https:\/\/meeplendice.net\/index.php?rest_route=\/wp\/v2\/media\/9759"}],"wp:attachment":[{"href":"https:\/\/meeplendice.net\/index.php?rest_route=%2Fwp%2Fv2%2Fmedia&parent=9822"}],"curies":[{"name":"wp","href":"https:\/\/api.w.org\/{rel}","templated":true}]}}