{"id":9827,"date":"2022-05-27T14:44:08","date_gmt":"2022-05-27T13:44:08","guid":{"rendered":"https:\/\/meeplendice.net\/?page_id=9827"},"modified":"2022-07-03T18:04:50","modified_gmt":"2022-07-03T17:04:50","slug":"canopee-2","status":"publish","type":"page","link":"https:\/\/meeplendice.net\/?page_id=9827","title":{"rendered":"Canop\u00e9e"},"content":{"rendered":"<div id=\"pl-9827\"  class=\"panel-layout\" ><div id=\"pg-9827-0\"  class=\"panel-grid panel-no-style\" ><div id=\"pgc-9827-0-0\"  class=\"panel-grid-cell\" ><div id=\"panel-9827-0-0-0\" class=\"so-panel widget widget_sow-editor panel-first-child panel-last-child\" data-index=\"0\" ><div\n\t\t\t\n\t\t\tclass=\"so-widget-sow-editor so-widget-sow-editor-base\"\n\t\t\t\n\t\t>\n<div class=\"siteorigin-widget-tinymce textwidget\">\n\t<p style=\"text-align: center;\"><strong>Nombre de joueurs :<\/strong><br \/>\n2 - 2<\/p>\n<\/div>\n<\/div><\/div><\/div><div id=\"pgc-9827-0-1\"  class=\"panel-grid-cell\" ><div id=\"panel-9827-0-1-0\" class=\"so-panel widget widget_sow-editor panel-first-child panel-last-child\" data-index=\"1\" ><div\n\t\t\t\n\t\t\tclass=\"so-widget-sow-editor so-widget-sow-editor-base\"\n\t\t\t\n\t\t>\n<div class=\"siteorigin-widget-tinymce textwidget\">\n\t<p style=\"text-align: center;\"><strong>Dur\u00e9e moyenne :<\/strong><br \/>\n30 min<\/p>\n<\/div>\n<\/div><\/div><\/div><div id=\"pgc-9827-0-2\"  class=\"panel-grid-cell\" ><div id=\"panel-9827-0-2-0\" class=\"so-panel widget widget_sow-editor panel-first-child panel-last-child\" data-index=\"2\" ><div\n\t\t\t\n\t\t\tclass=\"so-widget-sow-editor so-widget-sow-editor-base\"\n\t\t\t\n\t\t>\n<div class=\"siteorigin-widget-tinymce textwidget\">\n\t<p style=\"text-align: center;\"><strong>Age :<\/strong><br \/>\n8 ans et plus<\/p>\n<\/div>\n<\/div><\/div><\/div><\/div><div id=\"pg-9827-1\"  class=\"panel-grid panel-no-style\" ><div id=\"pgc-9827-1-0\"  class=\"panel-grid-cell\" ><div id=\"panel-9827-1-0-0\" class=\"so-panel widget widget_sow-editor panel-first-child panel-last-child\" data-index=\"3\" ><div\n\t\t\t\n\t\t\tclass=\"so-widget-sow-editor so-widget-sow-editor-base\"\n\t\t\t\n\t\t>\n<div class=\"siteorigin-widget-tinymce textwidget\">\n\t<p style=\"text-align: center;\"><strong>Auteur(s) :<br \/>\n<\/strong>Tim Eisner<\/p>\n<\/div>\n<\/div><\/div><\/div><div id=\"pgc-9827-1-1\"  class=\"panel-grid-cell\" ><div id=\"panel-9827-1-1-0\" class=\"so-panel widget widget_sow-editor panel-first-child panel-last-child\" data-index=\"4\" ><div\n\t\t\t\n\t\t\tclass=\"so-widget-sow-editor so-widget-sow-editor-base\"\n\t\t\t\n\t\t>\n<div class=\"siteorigin-widget-tinymce textwidget\">\n\t<p style=\"text-align: center;\"><strong>Illustrations :<\/strong><br \/>\nVincent Dutrait<\/p>\n<\/div>\n<\/div><\/div><\/div><div id=\"pgc-9827-1-2\"  class=\"panel-grid-cell\" ><div id=\"panel-9827-1-2-0\" class=\"so-panel widget widget_sow-editor panel-first-child panel-last-child\" data-index=\"5\" ><div\n\t\t\t\n\t\t\tclass=\"so-widget-sow-editor so-widget-sow-editor-base\"\n\t\t\t\n\t\t>\n<div class=\"siteorigin-widget-tinymce textwidget\">\n\t<p style=\"text-align: center;\"><strong>\u00c9dition :<\/strong><br \/>\n<span class=\"data-siloing\" data-siloing=\"\n\n                                                            https:\/\/www.philibertnet.com\/fr\/1514_lucky-duck-games\n\n                            \">Lucky Duck Games<br \/>\n2022<\/span><\/p>\n<\/div>\n<\/div><\/div><\/div><div id=\"pgc-9827-1-3\"  class=\"panel-grid-cell\" ><div id=\"panel-9827-1-3-0\" class=\"so-panel widget widget_sow-editor panel-first-child panel-last-child\" data-index=\"6\" ><div\n\t\t\t\n\t\t\tclass=\"so-widget-sow-editor so-widget-sow-editor-base\"\n\t\t\t\n\t\t>\n<div class=\"siteorigin-widget-tinymce textwidget\">\n\t<p style=\"text-align: center;\"><strong>Version :<\/strong><br \/>\nFran\u00e7aise<\/p>\n<\/div>\n<\/div><\/div><\/div><\/div><div id=\"pg-9827-2\"  class=\"panel-grid panel-no-style\" ><div id=\"pgc-9827-2-0\"  class=\"panel-grid-cell\" ><div id=\"panel-9827-2-0-0\" class=\"so-panel widget widget_sow-editor panel-first-child panel-last-child\" data-index=\"7\" ><div\n\t\t\t\n\t\t\tclass=\"so-widget-sow-editor so-widget-sow-editor-base\"\n\t\t\t\n\t\t>\n<div class=\"siteorigin-widget-tinymce textwidget\">\n\t<hr \/>\n<p><em>Les rayons du soleil scintillent sur une petite poche d'eau, nich\u00e9e au creux des feuilles pourpres d'un brom\u00e9lia. Un dendrobate bondit hors de l'eau et saute de branche en branche pour se r\u00e9fugier \u00e0 la cime de l'arbre. L'adent soleil amazonien darde intens\u00e9ment ses rayons sur les arbres les plus hauts. Cependant, peu de lumi\u00e8re perce la canop\u00e9e, trop dens\u00e9ment constitu\u00e9e de feuilles et branches entrelac\u00e9es. L'appel rauque et guttural d'un hurleur noir retentit et des toucans aux couleurs chatoyantes prennent leur envol, surgissant du feuillage. La for\u00eat vibre de vie et d'une intense activit\u00e9.<br \/>\nIci-bas, tout est vivant et n'aspire qu'\u00e0 atteindre la canop\u00e9e.<\/em><\/p>\n<p>Au sein de la jungle et de son \u00e9cosyst\u00e8me, les symbioses sont nombreuses.<\/p>\n<p>Canop\u00e9e est un jeu pour deux joueurs o\u00f9 vous vous affrontez pour faire cro\u00eetre la for\u00eat tropicale la plus luxuriante. Au sein de la jungle et de son \u00e9cosyst\u00e8me, les symbioses sont nombreuses. Faites pousser de grands arbres, accueillez des plantes tropicales foisonnantes et attirez une faune aussi diverse que possible. S\u00e9lectionnez soigneusement ce qui cro\u00eet dans votre for\u00eat afin de cr\u00e9er un \u00e9quilibre parfait entre faune et flore, et ainsi faire prosp\u00e9rer votre \u00e9cosyst\u00e8me.<\/p>\n<\/div>\n<\/div><\/div><\/div><\/div><div id=\"pg-9827-3\"  class=\"panel-grid panel-no-style\" ><div id=\"pgc-9827-3-0\"  class=\"panel-grid-cell\" ><div id=\"panel-9827-3-0-0\" class=\"so-panel widget widget_sow-editor panel-first-child panel-last-child\" data-index=\"8\" ><div\n\t\t\t\n\t\t\tclass=\"so-widget-sow-editor so-widget-sow-editor-base\"\n\t\t\t\n\t\t>\n<div class=\"siteorigin-widget-tinymce textwidget\">\n\t<hr \/>\n<h3 style=\"text-align: center;\">En vid\u00e9o<\/h3>\n<p><a href=\"https:\/\/www.youtube.com\/watch?v=zhvfZM0CO1g&amp;ab_channel=ExtraLifefr\" target=\"_blank\" rel=\"noopener\"><img loading=\"lazy\" decoding=\"async\" class=\"alignnone size-full wp-image-9090\" src=\"https:\/\/meeplendice.net\/wp-content\/uploads\/2022\/01\/Link_CJ_v2.png\" alt=\"\" width=\"200\" height=\"170\" \/><\/a><\/p>\n<\/div>\n<\/div><\/div><\/div><\/div><div id=\"pg-9827-4\"  class=\"panel-grid panel-no-style\" ><div id=\"pgc-9827-4-0\"  class=\"panel-grid-cell\" ><div id=\"panel-9827-4-0-0\" class=\"so-panel widget widget_sow-editor panel-first-child panel-last-child\" data-index=\"9\" ><div\n\t\t\t\n\t\t\tclass=\"so-widget-sow-editor so-widget-sow-editor-base\"\n\t\t\t\n\t\t>\n<div class=\"siteorigin-widget-tinymce textwidget\">\n\t<hr \/>\n<h3 style=\"text-align: center;\">Pour aller plus loin<\/h3>\n<\/div>\n<\/div><\/div><\/div><\/div><\/div>","protected":false},"excerpt":{"rendered":"<p>Nombre de joueurs : 2 &#8211; 2 Dur\u00e9e moyenne : 30 min Age : 8 ans et plus Auteur(s) : Tim Eisner Illustrations : Vincent Dutrait \u00c9dition : Lucky Duck Games 2022 Version : Fran\u00e7aise<\/p>\n","protected":false},"author":2,"featured_media":9758,"parent":0,"menu_order":0,"comment_status":"closed","ping_status":"closed","template":"","meta":{"footnotes":""},"class_list":["post-9827","page","type-page","status-publish","has-post-thumbnail","hentry"],"acf":[],"rttpg_featured_image_url":{"full":["https:\/\/meeplendice.net\/wp-content\/uploads\/2022\/05\/Canopee.png",350,350,false],"landscape":["https:\/\/meeplendice.net\/wp-content\/uploads\/2022\/05\/Canopee.png",350,350,false],"portraits":["https:\/\/meeplendice.net\/wp-content\/uploads\/2022\/05\/Canopee.png",350,350,false],"thumbnail":["https:\/\/meeplendice.net\/wp-content\/uploads\/2022\/05\/Canopee-150x150.png",150,150,true],"medium":["https:\/\/meeplendice.net\/wp-content\/uploads\/2022\/05\/Canopee-300x300.png",300,300,true],"large":["https:\/\/meeplendice.net\/wp-content\/uploads\/2022\/05\/Canopee.png",350,350,false],"ug_big":["https:\/\/meeplendice.net\/wp-content\/uploads\/2022\/05\/Canopee.png",350,350,false],"1536x1536":["https:\/\/meeplendice.net\/wp-content\/uploads\/2022\/05\/Canopee.png",350,350,false],"2048x2048":["https:\/\/meeplendice.net\/wp-content\/uploads\/2022\/05\/Canopee.png",350,350,false],"ashe-slider-grid-thumbnail":["https:\/\/meeplendice.net\/wp-content\/uploads\/2022\/05\/Canopee.png",350,350,false],"ashe-full-thumbnail":["https:\/\/meeplendice.net\/wp-content\/uploads\/2022\/05\/Canopee.png",350,350,false],"ashe-grid-thumbnail":["https:\/\/meeplendice.net\/wp-content\/uploads\/2022\/05\/Canopee-350x330.png",350,330,true],"ashe-list-thumbnail":["https:\/\/meeplendice.net\/wp-content\/uploads\/2022\/05\/Canopee-300x300.png",300,300,true],"ashe-single-navigation":["https:\/\/meeplendice.net\/wp-content\/uploads\/2022\/05\/Canopee-75x75.png",75,75,true],"mailpoet_newsletter_max":["https:\/\/meeplendice.net\/wp-content\/uploads\/2022\/05\/Canopee.png",350,350,false],"rpwe-thumbnail":["https:\/\/meeplendice.net\/wp-content\/uploads\/2022\/05\/Canopee-45x45.png",45,45,true],"sow-carousel-default":["https:\/\/meeplendice.net\/wp-content\/uploads\/2022\/05\/Canopee-272x182.png",272,182,true],"rt_custom":["https:\/\/meeplendice.net\/wp-content\/uploads\/2022\/05\/Canopee.png",350,350,false]},"rttpg_author":{"display_name":"Karnby","author_link":"https:\/\/meeplendice.net\/?author=2"},"rttpg_comment":0,"rttpg_category":null,"rttpg_excerpt":"Nombre de joueurs : 2 - 2 Dur\u00e9e moyenne : 30 min Age : 8 ans et plus Auteur(s) : Tim Eisner Illustrations : Vincent Dutrait \u00c9dition : Lucky Duck Games 2022 Version : Fran\u00e7aise","_links":{"self":[{"href":"https:\/\/meeplendice.net\/index.php?rest_route=\/wp\/v2\/pages\/9827","targetHints":{"allow":["GET"]}}],"collection":[{"href":"https:\/\/meeplendice.net\/index.php?rest_route=\/wp\/v2\/pages"}],"about":[{"href":"https:\/\/meeplendice.net\/index.php?rest_route=\/wp\/v2\/types\/page"}],"author":[{"embeddable":true,"href":"https:\/\/meeplendice.net\/index.php?rest_route=\/wp\/v2\/users\/2"}],"replies":[{"embeddable":true,"href":"https:\/\/meeplendice.net\/index.php?rest_route=%2Fwp%2Fv2%2Fcomments&post=9827"}],"version-history":[{"count":5,"href":"https:\/\/meeplendice.net\/index.php?rest_route=\/wp\/v2\/pages\/9827\/revisions"}],"predecessor-version":[{"id":10031,"href":"https:\/\/meeplendice.net\/index.php?rest_route=\/wp\/v2\/pages\/9827\/revisions\/10031"}],"wp:featuredmedia":[{"embeddable":true,"href":"https:\/\/meeplendice.net\/index.php?rest_route=\/wp\/v2\/media\/9758"}],"wp:attachment":[{"href":"https:\/\/meeplendice.net\/index.php?rest_route=%2Fwp%2Fv2%2Fmedia&parent=9827"}],"curies":[{"name":"wp","href":"https:\/\/api.w.org\/{rel}","templated":true}]}}