{"id":9832,"date":"2022-05-27T14:48:12","date_gmt":"2022-05-27T13:48:12","guid":{"rendered":"https:\/\/meeplendice.net\/?page_id=9832"},"modified":"2022-07-18T11:11:25","modified_gmt":"2022-07-18T10:11:25","slug":"cthulhu-wars-duel","status":"publish","type":"page","link":"https:\/\/meeplendice.net\/?page_id=9832","title":{"rendered":"Cthulhu Wars : Duel"},"content":{"rendered":"<div id=\"pl-9832\"  class=\"panel-layout\" ><div id=\"pg-9832-0\"  class=\"panel-grid panel-no-style\" ><div id=\"pgc-9832-0-0\"  class=\"panel-grid-cell\" ><div id=\"panel-9832-0-0-0\" class=\"so-panel widget widget_sow-editor panel-first-child panel-last-child\" data-index=\"0\" ><div\n\t\t\t\n\t\t\tclass=\"so-widget-sow-editor so-widget-sow-editor-base\"\n\t\t\t\n\t\t>\n<div class=\"siteorigin-widget-tinymce textwidget\">\n\t<p style=\"text-align: center;\"><strong>Nombre de joueurs :<\/strong><br \/>\n2 - 2<\/p>\n<\/div>\n<\/div><\/div><\/div><div id=\"pgc-9832-0-1\"  class=\"panel-grid-cell\" ><div id=\"panel-9832-0-1-0\" class=\"so-panel widget widget_sow-editor panel-first-child panel-last-child\" data-index=\"1\" ><div\n\t\t\t\n\t\t\tclass=\"so-widget-sow-editor so-widget-sow-editor-base\"\n\t\t\t\n\t\t>\n<div class=\"siteorigin-widget-tinymce textwidget\">\n\t<p style=\"text-align: center;\"><strong>Dur\u00e9e moyenne :<\/strong><br \/>\n30 min<\/p>\n<\/div>\n<\/div><\/div><\/div><div id=\"pgc-9832-0-2\"  class=\"panel-grid-cell\" ><div id=\"panel-9832-0-2-0\" class=\"so-panel widget widget_sow-editor panel-first-child panel-last-child\" data-index=\"2\" ><div\n\t\t\t\n\t\t\tclass=\"so-widget-sow-editor so-widget-sow-editor-base\"\n\t\t\t\n\t\t>\n<div class=\"siteorigin-widget-tinymce textwidget\">\n\t<p style=\"text-align: center;\"><strong>Age :<\/strong><br \/>\n8 ans et plus<\/p>\n<\/div>\n<\/div><\/div><\/div><\/div><div id=\"pg-9832-1\"  class=\"panel-grid panel-no-style\" ><div id=\"pgc-9832-1-0\"  class=\"panel-grid-cell\" ><div id=\"panel-9832-1-0-0\" class=\"so-panel widget widget_sow-editor panel-first-child panel-last-child\" data-index=\"3\" ><div\n\t\t\t\n\t\t\tclass=\"so-widget-sow-editor so-widget-sow-editor-base\"\n\t\t\t\n\t\t>\n<div class=\"siteorigin-widget-tinymce textwidget\">\n\t<p style=\"text-align: center;\"><strong>Auteur(s) :<br \/>\n<\/strong><span class=\"data-siloing\" title=\"D\u00e9couvrez tous ces jeux\" data-siloing=\"https:\/\/www.philibertnet.com\/fr\/recherche?feature=31&amp;feature_value=Sandy Petersen\">Sandy Petersen<\/span><\/p>\n<\/div>\n<\/div><\/div><\/div><div id=\"pgc-9832-1-1\"  class=\"panel-grid-cell\" ><div id=\"panel-9832-1-1-0\" class=\"so-panel widget widget_sow-editor panel-first-child panel-last-child\" data-index=\"4\" ><div\n\t\t\t\n\t\t\tclass=\"so-widget-sow-editor so-widget-sow-editor-base\"\n\t\t\t\n\t\t>\n<div class=\"siteorigin-widget-tinymce textwidget\">\n\t<p style=\"text-align: center;\"><strong>Illustrations :<br \/>\n<\/strong><\/p>\n<\/div>\n<\/div><\/div><\/div><div id=\"pgc-9832-1-2\"  class=\"panel-grid-cell\" ><div id=\"panel-9832-1-2-0\" class=\"so-panel widget widget_sow-editor panel-first-child panel-last-child\" data-index=\"5\" ><div\n\t\t\t\n\t\t\tclass=\"so-widget-sow-editor so-widget-sow-editor-base\"\n\t\t\t\n\t\t>\n<div class=\"siteorigin-widget-tinymce textwidget\">\n\t<p style=\"text-align: center;\"><strong>\u00c9dition :<\/strong><br \/>\n<span class=\"data-siloing\" data-siloing=\"\n\n                                                            https:\/\/www.philibertnet.com\/fr\/1192_petersen-games\n\n                            \">Petersen Games<br \/>\n2020<\/span><\/p>\n<\/div>\n<\/div><\/div><\/div><div id=\"pgc-9832-1-3\"  class=\"panel-grid-cell\" ><div id=\"panel-9832-1-3-0\" class=\"so-panel widget widget_sow-editor panel-first-child panel-last-child\" data-index=\"6\" ><div\n\t\t\t\n\t\t\tclass=\"so-widget-sow-editor so-widget-sow-editor-base\"\n\t\t\t\n\t\t>\n<div class=\"siteorigin-widget-tinymce textwidget\">\n\t<p style=\"text-align: center;\"><strong>Version :<\/strong><br \/>\nFran\u00e7aise<\/p>\n<\/div>\n<\/div><\/div><\/div><\/div><div id=\"pg-9832-2\"  class=\"panel-grid panel-no-style\" ><div id=\"pgc-9832-2-0\"  class=\"panel-grid-cell\" ><div id=\"panel-9832-2-0-0\" class=\"so-panel widget widget_sow-editor panel-first-child panel-last-child\" data-index=\"7\" ><div\n\t\t\t\n\t\t\tclass=\"so-widget-sow-editor so-widget-sow-editor-base\"\n\t\t\t\n\t\t>\n<div class=\"siteorigin-widget-tinymce textwidget\">\n\t<hr \/>\n<p><em>Les Grands Anciens se sont r\u00e9veill\u00e9s. Les monstres ont envahi la Terre. L'humanit\u00e9 est an\u00e9antie, mais le combat continue. L'un des Grands Anciens r\u00e8gnera sur ce champs de ruines, mais lequel ? La r\u00e9ponse d\u00e9pend de vous !<\/em><\/p>\n<p>Cthulhu Wars Duel est un jeu de strat\u00e9gie dynamique pour 2 joueurs dans lequel vous incarnez le Grand Cthulhu lui-m\u00eame ou Shub-Niggurath, la Ch\u00e8vre Noire - une d\u00e9esse cosmique de la fertilit\u00e9, enfourn\u00e9e de son hideuse prog\u00e9niture.<br \/>\nChaque faction poss\u00e8de une identit\u00e9 bien \u00e0 elle, des unit\u00e9s uniques ainsi que ses propres strat\u00e9gies et capacit\u00e9s.<\/p>\n<\/div>\n<\/div><\/div><\/div><\/div><div id=\"pg-9832-3\"  class=\"panel-grid panel-no-style\" ><div id=\"pgc-9832-3-0\"  class=\"panel-grid-cell\" ><div id=\"panel-9832-3-0-0\" class=\"so-panel widget widget_sow-editor panel-first-child panel-last-child\" data-index=\"8\" ><div\n\t\t\t\n\t\t\tclass=\"so-widget-sow-editor so-widget-sow-editor-base\"\n\t\t\t\n\t\t>\n<div class=\"siteorigin-widget-tinymce textwidget\">\n\t<hr \/>\n<h3 style=\"text-align: center;\">En vid\u00e9o<\/h3>\n<\/div>\n<\/div><\/div><\/div><\/div><div id=\"pg-9832-4\"  class=\"panel-grid panel-no-style\" ><div id=\"pgc-9832-4-0\"  class=\"panel-grid-cell\" ><div id=\"panel-9832-4-0-0\" class=\"so-panel widget widget_sow-editor panel-first-child panel-last-child\" data-index=\"9\" ><div\n\t\t\t\n\t\t\tclass=\"so-widget-sow-editor so-widget-sow-editor-base\"\n\t\t\t\n\t\t>\n<div class=\"siteorigin-widget-tinymce textwidget\">\n\t<hr \/>\n<h3 style=\"text-align: center;\">Pour aller plus loin<\/h3>\n<\/div>\n<\/div><\/div><\/div><\/div><\/div>","protected":false},"excerpt":{"rendered":"<p>Nombre de joueurs : 2 &#8211; 2 Dur\u00e9e moyenne : 30 min Age : 8 ans et plus Auteur(s) : Sandy Petersen Illustrations : \u00c9dition : Petersen Games 2020 Version : Fran\u00e7aise<\/p>\n","protected":false},"author":2,"featured_media":9742,"parent":0,"menu_order":0,"comment_status":"closed","ping_status":"closed","template":"","meta":{"footnotes":""},"class_list":["post-9832","page","type-page","status-publish","has-post-thumbnail","hentry"],"acf":[],"rttpg_featured_image_url":{"full":["https:\/\/meeplendice.net\/wp-content\/uploads\/2022\/05\/Cthulhu_wars_duel.png",350,350,false],"landscape":["https:\/\/meeplendice.net\/wp-content\/uploads\/2022\/05\/Cthulhu_wars_duel.png",350,350,false],"portraits":["https:\/\/meeplendice.net\/wp-content\/uploads\/2022\/05\/Cthulhu_wars_duel.png",350,350,false],"thumbnail":["https:\/\/meeplendice.net\/wp-content\/uploads\/2022\/05\/Cthulhu_wars_duel-150x150.png",150,150,true],"medium":["https:\/\/meeplendice.net\/wp-content\/uploads\/2022\/05\/Cthulhu_wars_duel-300x300.png",300,300,true],"large":["https:\/\/meeplendice.net\/wp-content\/uploads\/2022\/05\/Cthulhu_wars_duel.png",350,350,false],"ug_big":["https:\/\/meeplendice.net\/wp-content\/uploads\/2022\/05\/Cthulhu_wars_duel.png",350,350,false],"1536x1536":["https:\/\/meeplendice.net\/wp-content\/uploads\/2022\/05\/Cthulhu_wars_duel.png",350,350,false],"2048x2048":["https:\/\/meeplendice.net\/wp-content\/uploads\/2022\/05\/Cthulhu_wars_duel.png",350,350,false],"ashe-slider-grid-thumbnail":["https:\/\/meeplendice.net\/wp-content\/uploads\/2022\/05\/Cthulhu_wars_duel.png",350,350,false],"ashe-full-thumbnail":["https:\/\/meeplendice.net\/wp-content\/uploads\/2022\/05\/Cthulhu_wars_duel.png",350,350,false],"ashe-grid-thumbnail":["https:\/\/meeplendice.net\/wp-content\/uploads\/2022\/05\/Cthulhu_wars_duel-350x330.png",350,330,true],"ashe-list-thumbnail":["https:\/\/meeplendice.net\/wp-content\/uploads\/2022\/05\/Cthulhu_wars_duel-300x300.png",300,300,true],"ashe-single-navigation":["https:\/\/meeplendice.net\/wp-content\/uploads\/2022\/05\/Cthulhu_wars_duel-75x75.png",75,75,true],"mailpoet_newsletter_max":["https:\/\/meeplendice.net\/wp-content\/uploads\/2022\/05\/Cthulhu_wars_duel.png",350,350,false],"rpwe-thumbnail":["https:\/\/meeplendice.net\/wp-content\/uploads\/2022\/05\/Cthulhu_wars_duel-45x45.png",45,45,true],"sow-carousel-default":["https:\/\/meeplendice.net\/wp-content\/uploads\/2022\/05\/Cthulhu_wars_duel-272x182.png",272,182,true],"rt_custom":["https:\/\/meeplendice.net\/wp-content\/uploads\/2022\/05\/Cthulhu_wars_duel.png",350,350,false]},"rttpg_author":{"display_name":"Karnby","author_link":"https:\/\/meeplendice.net\/?author=2"},"rttpg_comment":0,"rttpg_category":null,"rttpg_excerpt":"Nombre de joueurs : 2 - 2 Dur\u00e9e moyenne : 30 min Age : 8 ans et plus Auteur(s) : Sandy Petersen Illustrations : \u00c9dition : Petersen Games 2020 Version : Fran\u00e7aise","_links":{"self":[{"href":"https:\/\/meeplendice.net\/index.php?rest_route=\/wp\/v2\/pages\/9832","targetHints":{"allow":["GET"]}}],"collection":[{"href":"https:\/\/meeplendice.net\/index.php?rest_route=\/wp\/v2\/pages"}],"about":[{"href":"https:\/\/meeplendice.net\/index.php?rest_route=\/wp\/v2\/types\/page"}],"author":[{"embeddable":true,"href":"https:\/\/meeplendice.net\/index.php?rest_route=\/wp\/v2\/users\/2"}],"replies":[{"embeddable":true,"href":"https:\/\/meeplendice.net\/index.php?rest_route=%2Fwp%2Fv2%2Fcomments&post=9832"}],"version-history":[{"count":4,"href":"https:\/\/meeplendice.net\/index.php?rest_route=\/wp\/v2\/pages\/9832\/revisions"}],"predecessor-version":[{"id":10102,"href":"https:\/\/meeplendice.net\/index.php?rest_route=\/wp\/v2\/pages\/9832\/revisions\/10102"}],"wp:featuredmedia":[{"embeddable":true,"href":"https:\/\/meeplendice.net\/index.php?rest_route=\/wp\/v2\/media\/9742"}],"wp:attachment":[{"href":"https:\/\/meeplendice.net\/index.php?rest_route=%2Fwp%2Fv2%2Fmedia&parent=9832"}],"curies":[{"name":"wp","href":"https:\/\/api.w.org\/{rel}","templated":true}]}}