{"id":9842,"date":"2022-05-27T14:56:41","date_gmt":"2022-05-27T13:56:41","guid":{"rendered":"https:\/\/meeplendice.net\/?page_id=9842"},"modified":"2024-07-22T12:36:33","modified_gmt":"2024-07-22T10:36:33","slug":"dodo-riding-dinos","status":"publish","type":"page","link":"https:\/\/meeplendice.net\/?page_id=9842","title":{"rendered":"Dodos Riding Dinos"},"content":{"rendered":"<div id=\"pl-9842\"  class=\"panel-layout\" ><div id=\"pg-9842-0\"  class=\"panel-grid panel-no-style\" ><div id=\"pgc-9842-0-0\"  class=\"panel-grid-cell\" ><div id=\"panel-9842-0-0-0\" class=\"so-panel widget widget_sow-editor panel-first-child panel-last-child\" data-index=\"0\" ><div\n\t\t\t\n\t\t\tclass=\"so-widget-sow-editor so-widget-sow-editor-base\"\n\t\t\t\n\t\t>\n<div class=\"siteorigin-widget-tinymce textwidget\">\n\t<p style=\"text-align: center;\"><strong>Nombre de joueurs :<\/strong><br \/>\n1 - 6<\/p>\n<\/div>\n<\/div><\/div><\/div><div id=\"pgc-9842-0-1\"  class=\"panel-grid-cell\" ><div id=\"panel-9842-0-1-0\" class=\"so-panel widget widget_sow-editor panel-first-child panel-last-child\" data-index=\"1\" ><div\n\t\t\t\n\t\t\tclass=\"so-widget-sow-editor so-widget-sow-editor-base\"\n\t\t\t\n\t\t>\n<div class=\"siteorigin-widget-tinymce textwidget\">\n\t<p style=\"text-align: center;\"><strong>Dur\u00e9e moyenne :<\/strong><br \/>\n30 min<\/p>\n<\/div>\n<\/div><\/div><\/div><div id=\"pgc-9842-0-2\"  class=\"panel-grid-cell\" ><div id=\"panel-9842-0-2-0\" class=\"so-panel widget widget_sow-editor panel-first-child panel-last-child\" data-index=\"2\" ><div\n\t\t\t\n\t\t\tclass=\"so-widget-sow-editor so-widget-sow-editor-base\"\n\t\t\t\n\t\t>\n<div class=\"siteorigin-widget-tinymce textwidget\">\n\t<p style=\"text-align: center;\"><strong>Age :<\/strong><br \/>\n14 ans et plus<\/p>\n<\/div>\n<\/div><\/div><\/div><\/div><div id=\"pg-9842-1\"  class=\"panel-grid panel-no-style\" ><div id=\"pgc-9842-1-0\"  class=\"panel-grid-cell\" ><div id=\"panel-9842-1-0-0\" class=\"so-panel widget widget_sow-editor panel-first-child panel-last-child\" data-index=\"3\" ><div\n\t\t\t\n\t\t\tclass=\"so-widget-sow-editor so-widget-sow-editor-base\"\n\t\t\t\n\t\t>\n<div class=\"siteorigin-widget-tinymce textwidget\">\n\t<p style=\"text-align: center;\"><strong>Auteur(s) :<br \/>\n<\/strong><span class=\"data-siloing\" title=\"D\u00e9couvrez tous ces jeux\" data-siloing=\"https:\/\/www.philibertnet.com\/fr\/recherche?feature=31&amp;feature_value=Rub\u00e9n Hern\u00e1ndez\">Rub\u00e9n Hern\u00e1ndez<\/span><\/p>\n<\/div>\n<\/div><\/div><\/div><div id=\"pgc-9842-1-1\"  class=\"panel-grid-cell\" ><div id=\"panel-9842-1-1-0\" class=\"so-panel widget widget_sow-editor panel-first-child panel-last-child\" data-index=\"4\" ><div\n\t\t\t\n\t\t\tclass=\"so-widget-sow-editor so-widget-sow-editor-base\"\n\t\t\t\n\t\t>\n<div class=\"siteorigin-widget-tinymce textwidget\">\n\t<p style=\"text-align: center;\"><strong>Illustrations :<\/strong><br \/>\n<span class=\"data-siloing\" title=\"D\u00e9couvrez tous ces jeux\" data-siloing=\"https:\/\/www.philibertnet.com\/fr\/recherche?feature=41&amp;feature_value=Ivan Escalante\">Ivan Escalante<\/span><\/p>\n<\/div>\n<\/div><\/div><\/div><div id=\"pgc-9842-1-2\"  class=\"panel-grid-cell\" ><div id=\"panel-9842-1-2-0\" class=\"so-panel widget widget_sow-editor panel-first-child panel-last-child\" data-index=\"5\" ><div\n\t\t\t\n\t\t\tclass=\"so-widget-sow-editor so-widget-sow-editor-base\"\n\t\t\t\n\t\t>\n<div class=\"siteorigin-widget-tinymce textwidget\">\n\t<p style=\"text-align: center;\"><strong>\u00c9dition :<\/strong><br \/>\n<span class=\"data-siloing\" data-siloing=\"\n\n                                                            https:\/\/www.philibertnet.com\/fr\/2326_legion-distribution\n\n                            \">L\u00e9gion Distribution<\/span><br \/>\n2021<\/p>\n<\/div>\n<\/div><\/div><\/div><div id=\"pgc-9842-1-3\"  class=\"panel-grid-cell\" ><div id=\"panel-9842-1-3-0\" class=\"so-panel widget widget_sow-editor panel-first-child panel-last-child\" data-index=\"6\" ><div\n\t\t\t\n\t\t\tclass=\"so-widget-sow-editor so-widget-sow-editor-base\"\n\t\t\t\n\t\t>\n<div class=\"siteorigin-widget-tinymce textwidget\">\n\t<p style=\"text-align: center;\"><strong>Version :<\/strong><br \/>\nFran\u00e7aise<\/p>\n<\/div>\n<\/div><\/div><\/div><\/div><div id=\"pg-9842-2\"  class=\"panel-grid panel-no-style\" ><div id=\"pgc-9842-2-0\"  class=\"panel-grid-cell\" ><div id=\"panel-9842-2-0-0\" class=\"so-panel widget widget_sow-editor panel-first-child panel-last-child\" data-index=\"7\" ><div\n\t\t\t\n\t\t\tclass=\"so-widget-sow-editor so-widget-sow-editor-base\"\n\t\t\t\n\t\t>\n<div class=\"siteorigin-widget-tinymce textwidget\">\n\t<hr \/>\n<p><strong><em>Dodino Island a besoin d'un nouveau chef !<\/em><\/strong><\/p>\n<p><em>L'ancien rituel de succession a commenc\u00e9. Les Dinos doivent choisir un Dodo valeureux et courir pour atteindre le Tr\u00f4ne de l'Oeuf du Dodosaure avant les autres !<\/em><\/p>\n<p>Choisissez votre figurine de Dodino favorite. Avancez avec les cartes de mouvement bleues et rouges et r\u00e9solvez leurs effets loufoques. Testez votre dext\u00e9rit\u00e9 face \u00e0 vos Rivaux en jetant des Bananes, en bousculant des \u0152ufs de dodo ou en faisant tomber de m\u00e9t\u00e9orites.<\/p>\n<\/div>\n<\/div><\/div><\/div><\/div><div id=\"pg-9842-3\"  class=\"panel-grid panel-no-style\" ><div id=\"pgc-9842-3-0\"  class=\"panel-grid-cell\" ><div id=\"panel-9842-3-0-0\" class=\"so-panel widget widget_sow-editor panel-first-child panel-last-child\" data-index=\"8\" ><div\n\t\t\t\n\t\t\tclass=\"so-widget-sow-editor so-widget-sow-editor-base\"\n\t\t\t\n\t\t>\n<div class=\"siteorigin-widget-tinymce textwidget\">\n\t<hr \/>\n<h3 style=\"text-align: center;\">En vid\u00e9o<\/h3>\n<\/div>\n<\/div><\/div><\/div><\/div><div id=\"pg-9842-4\"  class=\"panel-grid panel-no-style\" ><div id=\"pgc-9842-4-0\"  class=\"panel-grid-cell\" ><div id=\"panel-9842-4-0-0\" class=\"so-panel widget widget_sow-editor panel-first-child panel-last-child\" data-index=\"9\" ><div\n\t\t\t\n\t\t\tclass=\"so-widget-sow-editor so-widget-sow-editor-base\"\n\t\t\t\n\t\t>\n<div class=\"siteorigin-widget-tinymce textwidget\">\n\t<hr \/>\n<h3 style=\"text-align: center;\">Extension(s)<\/h3>\n<style type='text\/css' media='all'>#rt-tpg-container-3490090812 .read-more a{border-radius:px;}#rt-tpg-container-3490090812 .rt-img-holder img.rt-img-responsive,#rt-tpg-container-3490090812 .rt-img-holder,\n\t\t\t\t\t#rt-tpg-container-3490090812 .rt-post-overlay .post-img,\n\t\t\t\t\t#rt-tpg-container-3490090812 .post-sm .post-img,\n\t\t\t\t\t#rt-tpg-container-3490090812 .rt-post-grid .post-img,\n\t\t\t\t\t#rt-tpg-container-3490090812 .post-img img {border-radius:px;}#rt-tpg-container-3490090812 .layout9 .rt-holder h2.entry-title,\n\t\t\t\t\t#rt-tpg-container-3490090812 .layout9 .rt-holder h3.entry-title,\n\t\t\t\t\t#rt-tpg-container-3490090812 .layout9 .rt-holder h4.entry-title,\n\t\t\t\t\t#rt-tpg-container-3490090812 .layout9 .rt-holder h2.entry-title a,\n\t\t\t\t\t#rt-tpg-container-3490090812 .layout9 .rt-holder h3.entry-title a,\n\t\t\t\t\t#rt-tpg-container-3490090812 .layout9 .rt-holder h4.entry-title a,\n\t\t\t\t\t#rt-tpg-container-3490090812 .rt-holder .rt-woo-info h2 a,\n\t\t\t\t\t#rt-tpg-container-3490090812 .rt-holder .rt-woo-info h3 a,\n\t\t\t\t\t#rt-tpg-container-3490090812 .rt-holder .rt-woo-info h4 a,\n\t\t\t\t\t#rt-tpg-container-3490090812 .post-content .post-title,\n\t\t\t\t\t#rt-tpg-container-3490090812 .rt-post-grid .post-title,\n\t\t\t\t\t#rt-tpg-container-3490090812 .rt-post-grid .post-title a,\n\t\t\t\t\t#rt-tpg-container-3490090812 .post-content .post-title a,\n\t\t\t\t\t#rt-tpg-container-3490090812 .rt-holder .rt-woo-info h2,\n\t\t\t\t\t#rt-tpg-container-3490090812 .rt-holder .rt-woo-info h3,\n\t\t\t\t\t#rt-tpg-container-3490090812 .rt-holder .rt-woo-info h4{font-size:16px;line-height:26px;font-weight:normal;text-align:center;}#rt-tpg-container-3490090812 .post-grid-lg-style-1 .post-title,\n\t\t\t\t\t\t#rt-tpg-container-3490090812 .post-grid-lg-style-1 .post-title a,\n\t\t\t\t\t\t#rt-tpg-container-3490090812 .big-layout .post-title,\n\t\t\t\t\t\t#rt-tpg-container-3490090812 .big-layout .post-title a,\n\t\t\t\t\t\t#rt-tpg-container-3490090812 .post-grid-lg-style-1 .post-title,\n\t\t\t\t\t\t#rt-tpg-container-3490090812 .post-grid-lg-style-1 .post-title a {font-size:24px;line-height:34px;}<\/style><div class='rt-container-fluid rt-tpg-container tpg-shortcode-main-wrapper ' id='rt-tpg-container-3490090812'   data-layout='layout9' data-grid-style='masonry' data-desktop-col='3'  data-tab-col='2'  data-mobile-col='1' data-sc-id='12373'><div data-title='Loading ...' class='rt-row rt-content-loader   layout9 tpg-masonry '><div class=\"rt-col-md-4 rt-col-sm-6 rt-col-xs-12 masonry-grid-item rt-grid-item img_zoom_in\" data-id=\"12363\"><div class=\"rt-holder\"><div class='overlay'><a data-id='12363' class=' tpg-single-popup' href='https:\/\/meeplendice.net\/?page_id=12363'><img loading=\"lazy\" decoding=\"async\" width=\"350\" height=\"350\" src=\"https:\/\/meeplendice.net\/wp-content\/uploads\/2024\/07\/DRD_Dodo_dash.png\" class=\"rt-img-responsive \" alt=\"\" \/><\/a><\/div><div class='post-info'><h3 class=\"entry-title\"><a data-id=\"12363\" class=\" tpg-single-popup\" href=\"https:\/\/meeplendice.net\/?page_id=12363\">Dodo Dash<\/a><\/h3><div class='post-meta-user '><\/div><\/div><\/div><\/div><div class=\"rt-col-md-4 rt-col-sm-6 rt-col-xs-12 masonry-grid-item rt-grid-item img_zoom_in\" data-id=\"12367\"><div class=\"rt-holder\"><div class='overlay'><a data-id='12367' class=' tpg-single-popup' href='https:\/\/meeplendice.net\/?page_id=12367'><img loading=\"lazy\" decoding=\"async\" width=\"350\" height=\"350\" src=\"https:\/\/meeplendice.net\/wp-content\/uploads\/2024\/07\/DRD_BabbeyKux.jpg\" class=\"rt-img-responsive \" alt=\"\" \/><\/a><\/div><div class='post-info'><h3 class=\"entry-title\"><a data-id=\"12367\" class=\" tpg-single-popup\" href=\"https:\/\/meeplendice.net\/?page_id=12367\">Babbey &#038; Kux<\/a><\/h3><div class='post-meta-user '><\/div><\/div><\/div><\/div><div class=\"rt-col-md-4 rt-col-sm-6 rt-col-xs-12 masonry-grid-item rt-grid-item img_zoom_in\" data-id=\"12371\"><div class=\"rt-holder\"><div class='overlay'><a data-id='12371' class=' tpg-single-popup' href='https:\/\/meeplendice.net\/?page_id=12371'><img loading=\"lazy\" decoding=\"async\" width=\"350\" height=\"350\" src=\"https:\/\/meeplendice.net\/wp-content\/uploads\/2024\/07\/DRD_ServitAureus.png\" class=\"rt-img-responsive \" alt=\"\" \/><\/a><\/div><div class='post-info'><h3 class=\"entry-title\"><a data-id=\"12371\" class=\" tpg-single-popup\" href=\"https:\/\/meeplendice.net\/?page_id=12371\">Servit &#038; Aureus<\/a><\/h3><div class='post-meta-user '><\/div><\/div><\/div><\/div><\/div><div class='rt-pagination-wrap' data-total-pages='2' data-posts-per-page='3' data-type='pagination_ajax'  ><div class='rt-page-numbers'><\/div><\/div><\/div>\n<\/div>\n<\/div><\/div><\/div><\/div><div id=\"pg-9842-5\"  class=\"panel-grid panel-no-style\" ><div id=\"pgc-9842-5-0\"  class=\"panel-grid-cell\" ><div id=\"panel-9842-5-0-0\" class=\"so-panel widget widget_sow-editor panel-first-child panel-last-child\" data-index=\"10\" ><div\n\t\t\t\n\t\t\tclass=\"so-widget-sow-editor so-widget-sow-editor-base\"\n\t\t\t\n\t\t>\n<div class=\"siteorigin-widget-tinymce textwidget\">\n\t<hr \/>\n<h3 style=\"text-align: center;\">Pour aller plus loin<\/h3>\n<\/div>\n<\/div><\/div><\/div><\/div><\/div>","protected":false},"excerpt":{"rendered":"<p>Nombre de joueurs : 1 &#8211; 6 Dur\u00e9e moyenne : 30 min Age : 14 ans et plus Auteur(s) : Rub\u00e9n Hern\u00e1ndez Illustrations : Ivan Escalante \u00c9dition : L\u00e9gion Distribution 2021 Version : Fran\u00e7aise<\/p>\n","protected":false},"author":2,"featured_media":9843,"parent":0,"menu_order":0,"comment_status":"closed","ping_status":"closed","template":"","meta":{"footnotes":""},"class_list":["post-9842","page","type-page","status-publish","has-post-thumbnail","hentry"],"acf":[],"rttpg_featured_image_url":{"full":["https:\/\/meeplendice.net\/wp-content\/uploads\/2022\/05\/Dodo_Riding_Dinos.png",350,350,false],"landscape":["https:\/\/meeplendice.net\/wp-content\/uploads\/2022\/05\/Dodo_Riding_Dinos.png",350,350,false],"portraits":["https:\/\/meeplendice.net\/wp-content\/uploads\/2022\/05\/Dodo_Riding_Dinos.png",350,350,false],"thumbnail":["https:\/\/meeplendice.net\/wp-content\/uploads\/2022\/05\/Dodo_Riding_Dinos-150x150.png",150,150,true],"medium":["https:\/\/meeplendice.net\/wp-content\/uploads\/2022\/05\/Dodo_Riding_Dinos-300x300.png",300,300,true],"large":["https:\/\/meeplendice.net\/wp-content\/uploads\/2022\/05\/Dodo_Riding_Dinos.png",350,350,false],"ug_big":["https:\/\/meeplendice.net\/wp-content\/uploads\/2022\/05\/Dodo_Riding_Dinos.png",350,350,false],"1536x1536":["https:\/\/meeplendice.net\/wp-content\/uploads\/2022\/05\/Dodo_Riding_Dinos.png",350,350,false],"2048x2048":["https:\/\/meeplendice.net\/wp-content\/uploads\/2022\/05\/Dodo_Riding_Dinos.png",350,350,false],"ashe-slider-grid-thumbnail":["https:\/\/meeplendice.net\/wp-content\/uploads\/2022\/05\/Dodo_Riding_Dinos.png",350,350,false],"ashe-full-thumbnail":["https:\/\/meeplendice.net\/wp-content\/uploads\/2022\/05\/Dodo_Riding_Dinos.png",350,350,false],"ashe-grid-thumbnail":["https:\/\/meeplendice.net\/wp-content\/uploads\/2022\/05\/Dodo_Riding_Dinos-350x330.png",350,330,true],"ashe-list-thumbnail":["https:\/\/meeplendice.net\/wp-content\/uploads\/2022\/05\/Dodo_Riding_Dinos-300x300.png",300,300,true],"ashe-single-navigation":["https:\/\/meeplendice.net\/wp-content\/uploads\/2022\/05\/Dodo_Riding_Dinos-75x75.png",75,75,true],"mailpoet_newsletter_max":["https:\/\/meeplendice.net\/wp-content\/uploads\/2022\/05\/Dodo_Riding_Dinos.png",350,350,false],"rpwe-thumbnail":["https:\/\/meeplendice.net\/wp-content\/uploads\/2022\/05\/Dodo_Riding_Dinos-45x45.png",45,45,true],"sow-carousel-default":["https:\/\/meeplendice.net\/wp-content\/uploads\/2022\/05\/Dodo_Riding_Dinos-272x182.png",272,182,true],"rt_custom":["https:\/\/meeplendice.net\/wp-content\/uploads\/2022\/05\/Dodo_Riding_Dinos.png",350,350,false]},"rttpg_author":{"display_name":"Karnby","author_link":"https:\/\/meeplendice.net\/?author=2"},"rttpg_comment":0,"rttpg_category":null,"rttpg_excerpt":"Nombre de joueurs : 1 - 6 Dur\u00e9e moyenne : 30 min Age : 14 ans et plus Auteur(s) : Rub\u00e9n Hern\u00e1ndez Illustrations : Ivan Escalante \u00c9dition : L\u00e9gion Distribution 2021 Version : Fran\u00e7aise","_links":{"self":[{"href":"https:\/\/meeplendice.net\/index.php?rest_route=\/wp\/v2\/pages\/9842","targetHints":{"allow":["GET"]}}],"collection":[{"href":"https:\/\/meeplendice.net\/index.php?rest_route=\/wp\/v2\/pages"}],"about":[{"href":"https:\/\/meeplendice.net\/index.php?rest_route=\/wp\/v2\/types\/page"}],"author":[{"embeddable":true,"href":"https:\/\/meeplendice.net\/index.php?rest_route=\/wp\/v2\/users\/2"}],"replies":[{"embeddable":true,"href":"https:\/\/meeplendice.net\/index.php?rest_route=%2Fwp%2Fv2%2Fcomments&post=9842"}],"version-history":[{"count":8,"href":"https:\/\/meeplendice.net\/index.php?rest_route=\/wp\/v2\/pages\/9842\/revisions"}],"predecessor-version":[{"id":12374,"href":"https:\/\/meeplendice.net\/index.php?rest_route=\/wp\/v2\/pages\/9842\/revisions\/12374"}],"wp:featuredmedia":[{"embeddable":true,"href":"https:\/\/meeplendice.net\/index.php?rest_route=\/wp\/v2\/media\/9843"}],"wp:attachment":[{"href":"https:\/\/meeplendice.net\/index.php?rest_route=%2Fwp%2Fv2%2Fmedia&parent=9842"}],"curies":[{"name":"wp","href":"https:\/\/api.w.org\/{rel}","templated":true}]}}