{"id":9871,"date":"2022-05-30T18:44:57","date_gmt":"2022-05-30T17:44:57","guid":{"rendered":"https:\/\/meeplendice.net\/?page_id=9871"},"modified":"2022-05-30T18:45:11","modified_gmt":"2022-05-30T17:45:11","slug":"9871-2","status":"publish","type":"page","link":"https:\/\/meeplendice.net\/?page_id=9871","title":{"rendered":"Eiffel"},"content":{"rendered":"<p><em>C\u2019est l\u2019Exposition universelle ! Elle fait d\u00e9couvrir au monde entier le tout nouveau monument parisien : la tour Eiffel !<\/em><\/p>\n<p><em>Arriv\u00e9s au sommet, les visiteurs profitent d\u2019une vue imprenable sur les merveilles de la capitale.<\/em><\/p>\n<p>Ajoutez huit nouvelles cartes postales \u00e0 vos parties de Paris : Ville Lumi\u00e8re pour les \u00e9clairer d\u2019un jour nouveau !<\/p>\n","protected":false},"excerpt":{"rendered":"<p>C\u2019est l\u2019Exposition universelle ! Elle fait d\u00e9couvrir au monde entier le tout nouveau monument parisien : la tour Eiffel ! Arriv\u00e9s au sommet, les visiteurs profitent d\u2019une vue imprenable sur les merveilles de la capitale. Ajoutez huit nouvelles cartes postales \u00e0 vos parties de Paris : Ville Lumi\u00e8re pour les \u00e9clairer d\u2019un jour nouveau !<\/p>\n","protected":false},"author":2,"featured_media":9785,"parent":6997,"menu_order":1,"comment_status":"closed","ping_status":"closed","template":"","meta":{"footnotes":""},"class_list":["post-9871","page","type-page","status-publish","has-post-thumbnail","hentry"],"acf":[],"rttpg_featured_image_url":{"full":["https:\/\/meeplendice.net\/wp-content\/uploads\/2022\/05\/Paris_VL_Eiffel.png",350,350,false],"landscape":["https:\/\/meeplendice.net\/wp-content\/uploads\/2022\/05\/Paris_VL_Eiffel.png",350,350,false],"portraits":["https:\/\/meeplendice.net\/wp-content\/uploads\/2022\/05\/Paris_VL_Eiffel.png",350,350,false],"thumbnail":["https:\/\/meeplendice.net\/wp-content\/uploads\/2022\/05\/Paris_VL_Eiffel-150x150.png",150,150,true],"medium":["https:\/\/meeplendice.net\/wp-content\/uploads\/2022\/05\/Paris_VL_Eiffel-300x300.png",300,300,true],"large":["https:\/\/meeplendice.net\/wp-content\/uploads\/2022\/05\/Paris_VL_Eiffel.png",350,350,false],"ug_big":["https:\/\/meeplendice.net\/wp-content\/uploads\/2022\/05\/Paris_VL_Eiffel.png",350,350,false],"1536x1536":["https:\/\/meeplendice.net\/wp-content\/uploads\/2022\/05\/Paris_VL_Eiffel.png",350,350,false],"2048x2048":["https:\/\/meeplendice.net\/wp-content\/uploads\/2022\/05\/Paris_VL_Eiffel.png",350,350,false],"ashe-slider-grid-thumbnail":["https:\/\/meeplendice.net\/wp-content\/uploads\/2022\/05\/Paris_VL_Eiffel.png",350,350,false],"ashe-full-thumbnail":["https:\/\/meeplendice.net\/wp-content\/uploads\/2022\/05\/Paris_VL_Eiffel.png",350,350,false],"ashe-grid-thumbnail":["https:\/\/meeplendice.net\/wp-content\/uploads\/2022\/05\/Paris_VL_Eiffel-350x330.png",350,330,true],"ashe-list-thumbnail":["https:\/\/meeplendice.net\/wp-content\/uploads\/2022\/05\/Paris_VL_Eiffel-300x300.png",300,300,true],"ashe-single-navigation":["https:\/\/meeplendice.net\/wp-content\/uploads\/2022\/05\/Paris_VL_Eiffel-75x75.png",75,75,true],"mailpoet_newsletter_max":["https:\/\/meeplendice.net\/wp-content\/uploads\/2022\/05\/Paris_VL_Eiffel.png",350,350,false],"rpwe-thumbnail":["https:\/\/meeplendice.net\/wp-content\/uploads\/2022\/05\/Paris_VL_Eiffel-45x45.png",45,45,true],"sow-carousel-default":["https:\/\/meeplendice.net\/wp-content\/uploads\/2022\/05\/Paris_VL_Eiffel-272x182.png",272,182,true],"rt_custom":["https:\/\/meeplendice.net\/wp-content\/uploads\/2022\/05\/Paris_VL_Eiffel.png",350,350,false]},"rttpg_author":{"display_name":"Karnby","author_link":"https:\/\/meeplendice.net\/?author=2"},"rttpg_comment":0,"rttpg_category":null,"rttpg_excerpt":"C\u2019est l\u2019Exposition universelle ! Elle fait d\u00e9couvrir au monde entier le tout nouveau monument parisien : la tour Eiffel ! Arriv\u00e9s au sommet, les visiteurs profitent d\u2019une vue imprenable sur les merveilles de la capitale. Ajoutez huit nouvelles cartes postales \u00e0 vos parties de Paris : Ville Lumi\u00e8re pour les \u00e9clairer d\u2019un jour nouveau !","_links":{"self":[{"href":"https:\/\/meeplendice.net\/index.php?rest_route=\/wp\/v2\/pages\/9871","targetHints":{"allow":["GET"]}}],"collection":[{"href":"https:\/\/meeplendice.net\/index.php?rest_route=\/wp\/v2\/pages"}],"about":[{"href":"https:\/\/meeplendice.net\/index.php?rest_route=\/wp\/v2\/types\/page"}],"author":[{"embeddable":true,"href":"https:\/\/meeplendice.net\/index.php?rest_route=\/wp\/v2\/users\/2"}],"replies":[{"embeddable":true,"href":"https:\/\/meeplendice.net\/index.php?rest_route=%2Fwp%2Fv2%2Fcomments&post=9871"}],"version-history":[{"count":2,"href":"https:\/\/meeplendice.net\/index.php?rest_route=\/wp\/v2\/pages\/9871\/revisions"}],"predecessor-version":[{"id":9873,"href":"https:\/\/meeplendice.net\/index.php?rest_route=\/wp\/v2\/pages\/9871\/revisions\/9873"}],"up":[{"embeddable":true,"href":"https:\/\/meeplendice.net\/index.php?rest_route=\/wp\/v2\/pages\/6997"}],"wp:featuredmedia":[{"embeddable":true,"href":"https:\/\/meeplendice.net\/index.php?rest_route=\/wp\/v2\/media\/9785"}],"wp:attachment":[{"href":"https:\/\/meeplendice.net\/index.php?rest_route=%2Fwp%2Fv2%2Fmedia&parent=9871"}],"curies":[{"name":"wp","href":"https:\/\/api.w.org\/{rel}","templated":true}]}}