{"id":9885,"date":"2022-05-30T19:48:56","date_gmt":"2022-05-30T18:48:56","guid":{"rendered":"https:\/\/meeplendice.net\/?page_id=9885"},"modified":"2022-05-30T19:56:31","modified_gmt":"2022-05-30T18:56:31","slug":"noblesse","status":"publish","type":"page","link":"https:\/\/meeplendice.net\/?page_id=9885","title":{"rendered":"Noblesse"},"content":{"rendered":"<p><em>\u00c0 l\u2019\u00e9poque m\u00e9di\u00e9vale, de nombreuses charges d\u2019\u00e9tat incombaient \u00e0 la noblesse : rois et reines confiaient \u00e0 leurs bannerets, comtes et h\u00e9rauts le soin de faire appliquer leur volont\u00e9. Ils s\u2019appuyaient \u00e9galement sur le pouvoir de l\u2019\u00c9glise, incarn\u00e9 par les \u00e9v\u00eaques, qui \u00e9taient des personnages de haut rang \u00e0 l\u2019influence consid\u00e9rable.<br \/>\nSaurez-vous triompher de vos adversaires sur le champ de bataille gr\u00e2ce \u00e0 ces nouvelles recrues ? Le plus fin strat\u00e8ge l&#8217;emportera !<br \/>\n<\/em><\/p>\n<p>La chevalerie a jou\u00e9 un r\u00f4le important dans l\u00a0\u00bbart de la guerre au Moyen-Age. Prouvez que vous \u00eates digne de votre rang avec <em>l&rsquo;extension Noblesse pour Champ d&rsquo;Honneur<\/em> !<\/p>\n","protected":false},"excerpt":{"rendered":"<p>\u00c0 l\u2019\u00e9poque m\u00e9di\u00e9vale, de nombreuses charges d\u2019\u00e9tat incombaient \u00e0 la noblesse : rois et reines confiaient \u00e0 leurs bannerets, comtes et h\u00e9rauts le soin de faire appliquer leur volont\u00e9. Ils s\u2019appuyaient \u00e9galement sur le pouvoir de l\u2019\u00c9glise, incarn\u00e9 par les \u00e9v\u00eaques, qui \u00e9taient des personnages de haut rang \u00e0 l\u2019influence consid\u00e9rable. Saurez-vous triompher de vos adversaires sur le champ de bataille gr\u00e2ce \u00e0 ces nouvelles recrues ? Le plus fin strat\u00e8ge l&#8217;emportera ! La chevalerie a jou\u00e9 un r\u00f4le important dans l\u00a0\u00bbart de la guerre au Moyen-Age. Prouvez que vous \u00eates digne de votre rang avec l&rsquo;extension Noblesse pour Champ d&rsquo;Honneur !<\/p>\n","protected":false},"author":2,"featured_media":9739,"parent":9860,"menu_order":1,"comment_status":"closed","ping_status":"closed","template":"","meta":{"footnotes":""},"class_list":["post-9885","page","type-page","status-publish","has-post-thumbnail","hentry"],"acf":[],"rttpg_featured_image_url":{"full":["https:\/\/meeplendice.net\/wp-content\/uploads\/2022\/05\/CH_Noblesse.png",350,350,false],"landscape":["https:\/\/meeplendice.net\/wp-content\/uploads\/2022\/05\/CH_Noblesse.png",350,350,false],"portraits":["https:\/\/meeplendice.net\/wp-content\/uploads\/2022\/05\/CH_Noblesse.png",350,350,false],"thumbnail":["https:\/\/meeplendice.net\/wp-content\/uploads\/2022\/05\/CH_Noblesse-150x150.png",150,150,true],"medium":["https:\/\/meeplendice.net\/wp-content\/uploads\/2022\/05\/CH_Noblesse-300x300.png",300,300,true],"large":["https:\/\/meeplendice.net\/wp-content\/uploads\/2022\/05\/CH_Noblesse.png",350,350,false],"ug_big":["https:\/\/meeplendice.net\/wp-content\/uploads\/2022\/05\/CH_Noblesse.png",350,350,false],"1536x1536":["https:\/\/meeplendice.net\/wp-content\/uploads\/2022\/05\/CH_Noblesse.png",350,350,false],"2048x2048":["https:\/\/meeplendice.net\/wp-content\/uploads\/2022\/05\/CH_Noblesse.png",350,350,false],"ashe-slider-grid-thumbnail":["https:\/\/meeplendice.net\/wp-content\/uploads\/2022\/05\/CH_Noblesse.png",350,350,false],"ashe-full-thumbnail":["https:\/\/meeplendice.net\/wp-content\/uploads\/2022\/05\/CH_Noblesse.png",350,350,false],"ashe-grid-thumbnail":["https:\/\/meeplendice.net\/wp-content\/uploads\/2022\/05\/CH_Noblesse-350x330.png",350,330,true],"ashe-list-thumbnail":["https:\/\/meeplendice.net\/wp-content\/uploads\/2022\/05\/CH_Noblesse-300x300.png",300,300,true],"ashe-single-navigation":["https:\/\/meeplendice.net\/wp-content\/uploads\/2022\/05\/CH_Noblesse-75x75.png",75,75,true],"mailpoet_newsletter_max":["https:\/\/meeplendice.net\/wp-content\/uploads\/2022\/05\/CH_Noblesse.png",350,350,false],"rpwe-thumbnail":["https:\/\/meeplendice.net\/wp-content\/uploads\/2022\/05\/CH_Noblesse-45x45.png",45,45,true],"sow-carousel-default":["https:\/\/meeplendice.net\/wp-content\/uploads\/2022\/05\/CH_Noblesse-272x182.png",272,182,true],"rt_custom":["https:\/\/meeplendice.net\/wp-content\/uploads\/2022\/05\/CH_Noblesse.png",350,350,false]},"rttpg_author":{"display_name":"Karnby","author_link":"https:\/\/meeplendice.net\/?author=2"},"rttpg_comment":0,"rttpg_category":null,"rttpg_excerpt":"\u00c0 l\u2019\u00e9poque m\u00e9di\u00e9vale, de nombreuses charges d\u2019\u00e9tat incombaient \u00e0 la noblesse : rois et reines confiaient \u00e0 leurs bannerets, comtes et h\u00e9rauts le soin de faire appliquer leur volont\u00e9. Ils s\u2019appuyaient \u00e9galement sur le pouvoir de l\u2019\u00c9glise, incarn\u00e9 par les \u00e9v\u00eaques, qui \u00e9taient des personnages de haut rang \u00e0 l\u2019influence consid\u00e9rable. Saurez-vous triompher de vos\u2026","_links":{"self":[{"href":"https:\/\/meeplendice.net\/index.php?rest_route=\/wp\/v2\/pages\/9885","targetHints":{"allow":["GET"]}}],"collection":[{"href":"https:\/\/meeplendice.net\/index.php?rest_route=\/wp\/v2\/pages"}],"about":[{"href":"https:\/\/meeplendice.net\/index.php?rest_route=\/wp\/v2\/types\/page"}],"author":[{"embeddable":true,"href":"https:\/\/meeplendice.net\/index.php?rest_route=\/wp\/v2\/users\/2"}],"replies":[{"embeddable":true,"href":"https:\/\/meeplendice.net\/index.php?rest_route=%2Fwp%2Fv2%2Fcomments&post=9885"}],"version-history":[{"count":3,"href":"https:\/\/meeplendice.net\/index.php?rest_route=\/wp\/v2\/pages\/9885\/revisions"}],"predecessor-version":[{"id":9893,"href":"https:\/\/meeplendice.net\/index.php?rest_route=\/wp\/v2\/pages\/9885\/revisions\/9893"}],"up":[{"embeddable":true,"href":"https:\/\/meeplendice.net\/index.php?rest_route=\/wp\/v2\/pages\/9860"}],"wp:featuredmedia":[{"embeddable":true,"href":"https:\/\/meeplendice.net\/index.php?rest_route=\/wp\/v2\/media\/9739"}],"wp:attachment":[{"href":"https:\/\/meeplendice.net\/index.php?rest_route=%2Fwp%2Fv2%2Fmedia&parent=9885"}],"curies":[{"name":"wp","href":"https:\/\/api.w.org\/{rel}","templated":true}]}}