{"id":9902,"date":"2022-05-30T22:32:30","date_gmt":"2022-05-30T21:32:30","guid":{"rendered":"https:\/\/meeplendice.net\/?page_id=9902"},"modified":"2022-05-30T22:32:30","modified_gmt":"2022-05-30T21:32:30","slug":"lavenement-dix","status":"publish","type":"page","link":"https:\/\/meeplendice.net\/?page_id=9902","title":{"rendered":"L&rsquo;Av\u00e8nement d&rsquo;Ix"},"content":{"rendered":"<p><em>La lutte pour le contr\u00f4le de l&rsquo;Imperium se poursuit ! Les innovations technologiques de la plan\u00e8te Ix offrent un ascendant strat\u00e9gique certain aux puissances en mesure d&rsquo;en faire l&rsquo;acquisition. L&rsquo;omnipr\u00e9sence de la CHOM procure des ressources commerciales pour alimenter votre d\u00e9veloppement. L&rsquo;arriv\u00e9e de redoutables vaisseaux de guerre sur Arrakis impose de repenser les approches traditionnelles du conflit. Sans compter l&rsquo;entr\u00e9e en lice des trois Grandes Maisons suppl\u00e9mentaires&#8230;<\/em><\/p>\n<p><em>L&rsquo;Av\u00e8nement d&rsquo;Ix<\/em> \u00e9tend et approfondit le gameplay palpitant de <em>Dune : Imperium<\/em>. Faites l&rsquo;acquisition de technologies aux b\u00e9n\u00e9fices \u00e0 long terme. Dominez le champ de bataille avec de puissants cuirass\u00e9s. Envoyez des agents s&rsquo;infiltrer dans des lieux d\u00e9j\u00e0 occup\u00e9s par vos adversaires. Confrontez-vous au nouveau mode de jeu \u00e9pique pour un d\u00e9fi plus long et plus intense aux enjeux plus \u00e9lev\u00e9s. D\u00e9ployez les ailes de votre Maison avec <em>l&rsquo;Av\u00e8nement d&rsquo;Ix<\/em>.<\/p>\n","protected":false},"excerpt":{"rendered":"<p>La lutte pour le contr\u00f4le de l&rsquo;Imperium se poursuit ! Les innovations technologiques de la plan\u00e8te Ix offrent un ascendant strat\u00e9gique certain aux puissances en mesure d&rsquo;en faire l&rsquo;acquisition. L&rsquo;omnipr\u00e9sence de la CHOM procure des ressources commerciales pour alimenter votre d\u00e9veloppement. L&rsquo;arriv\u00e9e de redoutables vaisseaux de guerre sur Arrakis impose de repenser les approches traditionnelles du conflit. Sans compter l&rsquo;entr\u00e9e en lice des trois Grandes Maisons suppl\u00e9mentaires&#8230; L&rsquo;Av\u00e8nement d&rsquo;Ix \u00e9tend et approfondit le gameplay palpitant de Dune : Imperium. Faites l&rsquo;acquisition de technologies aux b\u00e9n\u00e9fices \u00e0 long terme. Dominez le champ de bataille avec de puissants cuirass\u00e9s. Envoyez des agents s&rsquo;infiltrer dans des lieux d\u00e9j\u00e0 occup\u00e9s par vos adversaires. Confrontez-vous au nouveau mode de jeu \u00e9pique pour un d\u00e9fi plus long et plus intense aux enjeux plus \u00e9lev\u00e9s. D\u00e9ployez les ailes de votre Maison avec l&rsquo;Av\u00e8nement d&rsquo;Ix.<\/p>\n","protected":false},"author":2,"featured_media":9774,"parent":8627,"menu_order":1,"comment_status":"closed","ping_status":"closed","template":"","meta":{"footnotes":""},"class_list":["post-9902","page","type-page","status-publish","has-post-thumbnail","hentry"],"acf":[],"rttpg_featured_image_url":{"full":["https:\/\/meeplendice.net\/wp-content\/uploads\/2022\/05\/DI_AvenementIx.png",350,350,false],"landscape":["https:\/\/meeplendice.net\/wp-content\/uploads\/2022\/05\/DI_AvenementIx.png",350,350,false],"portraits":["https:\/\/meeplendice.net\/wp-content\/uploads\/2022\/05\/DI_AvenementIx.png",350,350,false],"thumbnail":["https:\/\/meeplendice.net\/wp-content\/uploads\/2022\/05\/DI_AvenementIx-150x150.png",150,150,true],"medium":["https:\/\/meeplendice.net\/wp-content\/uploads\/2022\/05\/DI_AvenementIx-300x300.png",300,300,true],"large":["https:\/\/meeplendice.net\/wp-content\/uploads\/2022\/05\/DI_AvenementIx.png",350,350,false],"ug_big":["https:\/\/meeplendice.net\/wp-content\/uploads\/2022\/05\/DI_AvenementIx.png",350,350,false],"1536x1536":["https:\/\/meeplendice.net\/wp-content\/uploads\/2022\/05\/DI_AvenementIx.png",350,350,false],"2048x2048":["https:\/\/meeplendice.net\/wp-content\/uploads\/2022\/05\/DI_AvenementIx.png",350,350,false],"ashe-slider-grid-thumbnail":["https:\/\/meeplendice.net\/wp-content\/uploads\/2022\/05\/DI_AvenementIx.png",350,350,false],"ashe-full-thumbnail":["https:\/\/meeplendice.net\/wp-content\/uploads\/2022\/05\/DI_AvenementIx.png",350,350,false],"ashe-grid-thumbnail":["https:\/\/meeplendice.net\/wp-content\/uploads\/2022\/05\/DI_AvenementIx-350x330.png",350,330,true],"ashe-list-thumbnail":["https:\/\/meeplendice.net\/wp-content\/uploads\/2022\/05\/DI_AvenementIx-300x300.png",300,300,true],"ashe-single-navigation":["https:\/\/meeplendice.net\/wp-content\/uploads\/2022\/05\/DI_AvenementIx-75x75.png",75,75,true],"mailpoet_newsletter_max":["https:\/\/meeplendice.net\/wp-content\/uploads\/2022\/05\/DI_AvenementIx.png",350,350,false],"rpwe-thumbnail":["https:\/\/meeplendice.net\/wp-content\/uploads\/2022\/05\/DI_AvenementIx-45x45.png",45,45,true],"sow-carousel-default":["https:\/\/meeplendice.net\/wp-content\/uploads\/2022\/05\/DI_AvenementIx-272x182.png",272,182,true],"rt_custom":["https:\/\/meeplendice.net\/wp-content\/uploads\/2022\/05\/DI_AvenementIx.png",350,350,false]},"rttpg_author":{"display_name":"Karnby","author_link":"https:\/\/meeplendice.net\/?author=2"},"rttpg_comment":0,"rttpg_category":null,"rttpg_excerpt":"La lutte pour le contr\u00f4le de l&rsquo;Imperium se poursuit ! Les innovations technologiques de la plan\u00e8te Ix offrent un ascendant strat\u00e9gique certain aux puissances en mesure d&rsquo;en faire l&rsquo;acquisition. L&rsquo;omnipr\u00e9sence de la CHOM procure des ressources commerciales pour alimenter votre d\u00e9veloppement. L&rsquo;arriv\u00e9e de redoutables vaisseaux de guerre sur Arrakis impose de repenser les approches traditionnelles\u2026","_links":{"self":[{"href":"https:\/\/meeplendice.net\/index.php?rest_route=\/wp\/v2\/pages\/9902","targetHints":{"allow":["GET"]}}],"collection":[{"href":"https:\/\/meeplendice.net\/index.php?rest_route=\/wp\/v2\/pages"}],"about":[{"href":"https:\/\/meeplendice.net\/index.php?rest_route=\/wp\/v2\/types\/page"}],"author":[{"embeddable":true,"href":"https:\/\/meeplendice.net\/index.php?rest_route=\/wp\/v2\/users\/2"}],"replies":[{"embeddable":true,"href":"https:\/\/meeplendice.net\/index.php?rest_route=%2Fwp%2Fv2%2Fcomments&post=9902"}],"version-history":[{"count":1,"href":"https:\/\/meeplendice.net\/index.php?rest_route=\/wp\/v2\/pages\/9902\/revisions"}],"predecessor-version":[{"id":9903,"href":"https:\/\/meeplendice.net\/index.php?rest_route=\/wp\/v2\/pages\/9902\/revisions\/9903"}],"up":[{"embeddable":true,"href":"https:\/\/meeplendice.net\/index.php?rest_route=\/wp\/v2\/pages\/8627"}],"wp:featuredmedia":[{"embeddable":true,"href":"https:\/\/meeplendice.net\/index.php?rest_route=\/wp\/v2\/media\/9774"}],"wp:attachment":[{"href":"https:\/\/meeplendice.net\/index.php?rest_route=%2Fwp%2Fv2%2Fmedia&parent=9902"}],"curies":[{"name":"wp","href":"https:\/\/api.w.org\/{rel}","templated":true}]}}