{"id":9920,"date":"2022-05-31T13:53:11","date_gmt":"2022-05-31T12:53:11","guid":{"rendered":"https:\/\/meeplendice.net\/?page_id=9920"},"modified":"2022-05-31T20:28:50","modified_gmt":"2022-05-31T19:28:50","slug":"tribunal1920-2","status":"publish","type":"page","link":"https:\/\/meeplendice.net\/?page_id=9920","title":{"rendered":"Tribunal 1920"},"content":{"rendered":"<div id=\"pl-9920\"  class=\"panel-layout\" ><div id=\"pg-9920-0\"  class=\"panel-grid panel-no-style\" ><div id=\"pgc-9920-0-0\"  class=\"panel-grid-cell\" ><div id=\"panel-9920-0-0-0\" class=\"so-panel widget widget_sow-editor panel-first-child panel-last-child\" data-index=\"0\" ><div\n\t\t\t\n\t\t\tclass=\"so-widget-sow-editor so-widget-sow-editor-base\"\n\t\t\t\n\t\t>\n<div class=\"siteorigin-widget-tinymce textwidget\">\n\t<p style=\"text-align: center;\"><strong>Nombre de joueurs :<\/strong><br \/>\n2 - 2<\/p>\n<\/div>\n<\/div><\/div><\/div><div id=\"pgc-9920-0-1\"  class=\"panel-grid-cell\" ><div id=\"panel-9920-0-1-0\" class=\"so-panel widget widget_sow-editor panel-first-child panel-last-child\" data-index=\"1\" ><div\n\t\t\t\n\t\t\tclass=\"so-widget-sow-editor so-widget-sow-editor-base\"\n\t\t\t\n\t\t>\n<div class=\"siteorigin-widget-tinymce textwidget\">\n\t<p style=\"text-align: center;\"><strong>Dur\u00e9e moyenne :<\/strong><br \/>\n20 min<\/p>\n<\/div>\n<\/div><\/div><\/div><div id=\"pgc-9920-0-2\"  class=\"panel-grid-cell\" ><div id=\"panel-9920-0-2-0\" class=\"so-panel widget widget_sow-editor panel-first-child panel-last-child\" data-index=\"2\" ><div\n\t\t\t\n\t\t\tclass=\"so-widget-sow-editor so-widget-sow-editor-base\"\n\t\t\t\n\t\t>\n<div class=\"siteorigin-widget-tinymce textwidget\">\n\t<p style=\"text-align: center;\"><strong>Age :<\/strong><br \/>\n8 ans et plus<\/p>\n<\/div>\n<\/div><\/div><\/div><\/div><div id=\"pg-9920-1\"  class=\"panel-grid panel-no-style\" ><div id=\"pgc-9920-1-0\"  class=\"panel-grid-cell\" ><div id=\"panel-9920-1-0-0\" class=\"so-panel widget widget_sow-editor panel-first-child panel-last-child\" data-index=\"3\" ><div\n\t\t\t\n\t\t\tclass=\"so-widget-sow-editor so-widget-sow-editor-base\"\n\t\t\t\n\t\t>\n<div class=\"siteorigin-widget-tinymce textwidget\">\n\t<p style=\"text-align: center;\"><strong>Auteur(s) :<br \/>\n<\/strong>Gr\u00e9gory Grard<\/p>\n<\/div>\n<\/div><\/div><\/div><div id=\"pgc-9920-1-1\"  class=\"panel-grid-cell\" ><div id=\"panel-9920-1-1-0\" class=\"so-panel widget widget_sow-editor panel-first-child panel-last-child\" data-index=\"4\" ><div\n\t\t\t\n\t\t\tclass=\"so-widget-sow-editor so-widget-sow-editor-base\"\n\t\t\t\n\t\t>\n<div class=\"siteorigin-widget-tinymce textwidget\">\n\t<p style=\"text-align: center;\"><strong>Illustrations :<\/strong><br \/>\nWeberson Santiago<\/p>\n<\/div>\n<\/div><\/div><\/div><div id=\"pgc-9920-1-2\"  class=\"panel-grid-cell\" ><div id=\"panel-9920-1-2-0\" class=\"so-panel widget widget_sow-editor panel-first-child panel-last-child\" data-index=\"5\" ><div\n\t\t\t\n\t\t\tclass=\"so-widget-sow-editor so-widget-sow-editor-base\"\n\t\t\t\n\t\t>\n<div class=\"siteorigin-widget-tinymce textwidget\">\n\t<p style=\"text-align: center;\"><strong>\u00c9dition :<\/strong><br \/>\nGhost Dog<br \/>\n2021<\/p>\n<\/div>\n<\/div><\/div><\/div><div id=\"pgc-9920-1-3\"  class=\"panel-grid-cell\" ><div id=\"panel-9920-1-3-0\" class=\"so-panel widget widget_sow-editor panel-first-child panel-last-child\" data-index=\"6\" ><div\n\t\t\t\n\t\t\tclass=\"so-widget-sow-editor so-widget-sow-editor-base\"\n\t\t\t\n\t\t>\n<div class=\"siteorigin-widget-tinymce textwidget\">\n\t<p style=\"text-align: center;\"><strong>Version :<\/strong><br \/>\nFran\u00e7aise<\/p>\n<\/div>\n<\/div><\/div><\/div><\/div><div id=\"pg-9920-2\"  class=\"panel-grid panel-no-style\" ><div id=\"pgc-9920-2-0\"  class=\"panel-grid-cell\" ><div id=\"panel-9920-2-0-0\" class=\"so-panel widget widget_sow-editor panel-first-child panel-last-child\" data-index=\"7\" ><div\n\t\t\t\n\t\t\tclass=\"so-widget-sow-editor so-widget-sow-editor-base\"\n\t\t\t\n\t\t>\n<div class=\"siteorigin-widget-tinymce textwidget\">\n\t<hr \/>\n<p><em>Ao\u00fbt 1920. Deux c\u00e9l\u00e8bre avocats New-yorkais se livrent un combat acharn\u00e9 lors d'un retentissant proc\u00e8s. Soutenez votre plaidoirie avec de solides preuves et bluffez quand il faut pour remporter la victoire dans le plus grand tribunal du monde !<\/em><\/p>\n<p>Alliant bluff et jeu de morpion, Tribunal 1920 vous fera vivre le frisson des grands proc\u00e8s !<\/p>\n<p><em>Tribunal 1920<\/em> est un jeu pour 2 joueurs qui vous fera vivre le frisson des grands proc\u00e8s. Alliant bluff et jeu de morpion, Tribunal 1920 est un jeu dans lequel les joueurs doivent aligner 3 pions Plaidoirie de leur couleur sur la Grille du tribunal pour remporter 1'Audience.<\/p>\n<p>Une partie est compos\u00e9e de 3 \u00e0 5 manches appel\u00e9es Audiences. Une Audience est compos\u00e9e d'une succession de tours. Les joueurs effectuent leurs tours l'un apr\u00e8s l'autre. Lors de la premi\u00e8re Audience, le premier joueur est d\u00e9termin\u00e9 al\u00e9atoirement. Lors des Audiences suivantes, c\u2019est le perdant de l\u2019Audience pr\u00e9c\u00e9dente qui commence.<\/p>\n<p>Au cours de la partie, d\u00e9signez un emplacement du tribunal pour y placer un pion. Si votre adversaire vous laisse faire, vous posez votre pion. Mais s'il s'y oppose, vous devez pr\u00e9senter les preuves n\u00e9cessaires puis enrichir votre main... Ou avouez que vous ne les avez pas et voir votre objecteur placer son pion o\u00f9 il le souhaite !<\/p>\n<p>Pour gagner une manche et l'audience du jour, alignez 3 pions de votre couleur sur le plateau. Pour gagner la partie, remportez 3 manches<\/p>\n<\/div>\n<\/div><\/div><\/div><\/div><div id=\"pg-9920-3\"  class=\"panel-grid panel-no-style\" ><div id=\"pgc-9920-3-0\"  class=\"panel-grid-cell\" ><div id=\"panel-9920-3-0-0\" class=\"so-panel widget widget_sow-editor panel-first-child panel-last-child\" data-index=\"8\" ><div\n\t\t\t\n\t\t\tclass=\"so-widget-sow-editor so-widget-sow-editor-base\"\n\t\t\t\n\t\t>\n<div class=\"siteorigin-widget-tinymce textwidget\">\n\t<hr \/>\n<h3 style=\"text-align: center;\">En vid\u00e9o<\/h3>\n<p><a href=\"https:\/\/www.youtube.com\/embed\/KKsVM7Hl3ZE\" target=\"_blank\" rel=\"noopener\"><img loading=\"lazy\" decoding=\"async\" class=\"alignnone size-full wp-image-9090\" src=\"https:\/\/meeplendice.net\/wp-content\/uploads\/2022\/01\/Link_CJ_v2.png\" alt=\"\" width=\"200\" height=\"170\" \/><\/a><\/p>\n<\/div>\n<\/div><\/div><\/div><\/div><div id=\"pg-9920-4\"  class=\"panel-grid panel-no-style\" ><div id=\"pgc-9920-4-0\"  class=\"panel-grid-cell\" ><div id=\"panel-9920-4-0-0\" class=\"so-panel widget widget_sow-editor panel-first-child panel-last-child\" data-index=\"9\" ><div\n\t\t\t\n\t\t\tclass=\"so-widget-sow-editor so-widget-sow-editor-base\"\n\t\t\t\n\t\t>\n<div class=\"siteorigin-widget-tinymce textwidget\">\n\t<hr \/>\n<h3 style=\"text-align: center;\">Pour aller plus loin<\/h3>\n<\/div>\n<\/div><\/div><\/div><\/div><\/div>","protected":false},"excerpt":{"rendered":"<p>Nombre de joueurs : 2 &#8211; 2 Dur\u00e9e moyenne : 20 min Age : 8 ans et plus Auteur(s) : Gr\u00e9gory Grard Illustrations : Weberson Santiago \u00c9dition : Ghost Dog 2021 Version : Fran\u00e7aise<\/p>\n","protected":false},"author":2,"featured_media":9747,"parent":0,"menu_order":0,"comment_status":"closed","ping_status":"closed","template":"","meta":{"footnotes":""},"class_list":["post-9920","page","type-page","status-publish","has-post-thumbnail","hentry"],"acf":[],"rttpg_featured_image_url":{"full":["https:\/\/meeplendice.net\/wp-content\/uploads\/2022\/05\/Tribunal1920.png",350,350,false],"landscape":["https:\/\/meeplendice.net\/wp-content\/uploads\/2022\/05\/Tribunal1920.png",350,350,false],"portraits":["https:\/\/meeplendice.net\/wp-content\/uploads\/2022\/05\/Tribunal1920.png",350,350,false],"thumbnail":["https:\/\/meeplendice.net\/wp-content\/uploads\/2022\/05\/Tribunal1920-150x150.png",150,150,true],"medium":["https:\/\/meeplendice.net\/wp-content\/uploads\/2022\/05\/Tribunal1920-300x300.png",300,300,true],"large":["https:\/\/meeplendice.net\/wp-content\/uploads\/2022\/05\/Tribunal1920.png",350,350,false],"ug_big":["https:\/\/meeplendice.net\/wp-content\/uploads\/2022\/05\/Tribunal1920.png",350,350,false],"1536x1536":["https:\/\/meeplendice.net\/wp-content\/uploads\/2022\/05\/Tribunal1920.png",350,350,false],"2048x2048":["https:\/\/meeplendice.net\/wp-content\/uploads\/2022\/05\/Tribunal1920.png",350,350,false],"ashe-slider-grid-thumbnail":["https:\/\/meeplendice.net\/wp-content\/uploads\/2022\/05\/Tribunal1920.png",350,350,false],"ashe-full-thumbnail":["https:\/\/meeplendice.net\/wp-content\/uploads\/2022\/05\/Tribunal1920.png",350,350,false],"ashe-grid-thumbnail":["https:\/\/meeplendice.net\/wp-content\/uploads\/2022\/05\/Tribunal1920-350x330.png",350,330,true],"ashe-list-thumbnail":["https:\/\/meeplendice.net\/wp-content\/uploads\/2022\/05\/Tribunal1920-300x300.png",300,300,true],"ashe-single-navigation":["https:\/\/meeplendice.net\/wp-content\/uploads\/2022\/05\/Tribunal1920-75x75.png",75,75,true],"mailpoet_newsletter_max":["https:\/\/meeplendice.net\/wp-content\/uploads\/2022\/05\/Tribunal1920.png",350,350,false],"rpwe-thumbnail":["https:\/\/meeplendice.net\/wp-content\/uploads\/2022\/05\/Tribunal1920-45x45.png",45,45,true],"sow-carousel-default":["https:\/\/meeplendice.net\/wp-content\/uploads\/2022\/05\/Tribunal1920-272x182.png",272,182,true],"rt_custom":["https:\/\/meeplendice.net\/wp-content\/uploads\/2022\/05\/Tribunal1920.png",350,350,false]},"rttpg_author":{"display_name":"Karnby","author_link":"https:\/\/meeplendice.net\/?author=2"},"rttpg_comment":0,"rttpg_category":null,"rttpg_excerpt":"Nombre de joueurs : 2 - 2 Dur\u00e9e moyenne : 20 min Age : 8 ans et plus Auteur(s) : Gr\u00e9gory Grard Illustrations : Weberson Santiago \u00c9dition : Ghost Dog 2021 Version : Fran\u00e7aise","_links":{"self":[{"href":"https:\/\/meeplendice.net\/index.php?rest_route=\/wp\/v2\/pages\/9920","targetHints":{"allow":["GET"]}}],"collection":[{"href":"https:\/\/meeplendice.net\/index.php?rest_route=\/wp\/v2\/pages"}],"about":[{"href":"https:\/\/meeplendice.net\/index.php?rest_route=\/wp\/v2\/types\/page"}],"author":[{"embeddable":true,"href":"https:\/\/meeplendice.net\/index.php?rest_route=\/wp\/v2\/users\/2"}],"replies":[{"embeddable":true,"href":"https:\/\/meeplendice.net\/index.php?rest_route=%2Fwp%2Fv2%2Fcomments&post=9920"}],"version-history":[{"count":7,"href":"https:\/\/meeplendice.net\/index.php?rest_route=\/wp\/v2\/pages\/9920\/revisions"}],"predecessor-version":[{"id":9948,"href":"https:\/\/meeplendice.net\/index.php?rest_route=\/wp\/v2\/pages\/9920\/revisions\/9948"}],"wp:featuredmedia":[{"embeddable":true,"href":"https:\/\/meeplendice.net\/index.php?rest_route=\/wp\/v2\/media\/9747"}],"wp:attachment":[{"href":"https:\/\/meeplendice.net\/index.php?rest_route=%2Fwp%2Fv2%2Fmedia&parent=9920"}],"curies":[{"name":"wp","href":"https:\/\/api.w.org\/{rel}","templated":true}]}}