{"id":9937,"date":"2022-05-31T14:19:41","date_gmt":"2022-05-31T13:19:41","guid":{"rendered":"https:\/\/meeplendice.net\/?page_id=9937"},"modified":"2022-05-31T20:47:50","modified_gmt":"2022-05-31T19:47:50","slug":"pessoa-2","status":"publish","type":"page","link":"https:\/\/meeplendice.net\/?page_id=9937","title":{"rendered":"Pessoa"},"content":{"rendered":"<div id=\"pl-9937\"  class=\"panel-layout\" ><div id=\"pg-9937-0\"  class=\"panel-grid panel-no-style\" ><div id=\"pgc-9937-0-0\"  class=\"panel-grid-cell\" ><div id=\"panel-9937-0-0-0\" class=\"so-panel widget widget_sow-editor panel-first-child panel-last-child\" data-index=\"0\" ><div\n\t\t\t\n\t\t\tclass=\"so-widget-sow-editor so-widget-sow-editor-base\"\n\t\t\t\n\t\t>\n<div class=\"siteorigin-widget-tinymce textwidget\">\n\t<p style=\"text-align: center;\"><strong>Nombre de joueurs :<\/strong><br \/>\n1 - 4<\/p>\n<\/div>\n<\/div><\/div><\/div><div id=\"pgc-9937-0-1\"  class=\"panel-grid-cell\" ><div id=\"panel-9937-0-1-0\" class=\"so-panel widget widget_sow-editor panel-first-child panel-last-child\" data-index=\"1\" ><div\n\t\t\t\n\t\t\tclass=\"so-widget-sow-editor so-widget-sow-editor-base\"\n\t\t\t\n\t\t>\n<div class=\"siteorigin-widget-tinymce textwidget\">\n\t<p style=\"text-align: center;\"><strong>Dur\u00e9e moyenne :<\/strong><br \/>\n60 min<\/p>\n<\/div>\n<\/div><\/div><\/div><div id=\"pgc-9937-0-2\"  class=\"panel-grid-cell\" ><div id=\"panel-9937-0-2-0\" class=\"so-panel widget widget_sow-editor panel-first-child panel-last-child\" data-index=\"2\" ><div\n\t\t\t\n\t\t\tclass=\"so-widget-sow-editor so-widget-sow-editor-base\"\n\t\t\t\n\t\t>\n<div class=\"siteorigin-widget-tinymce textwidget\">\n\t<p style=\"text-align: center;\"><strong>Age :<\/strong><br \/>\n12 ans et plus<\/p>\n<\/div>\n<\/div><\/div><\/div><\/div><div id=\"pg-9937-1\"  class=\"panel-grid panel-no-style\" ><div id=\"pgc-9937-1-0\"  class=\"panel-grid-cell\" ><div id=\"panel-9937-1-0-0\" class=\"so-panel widget widget_sow-editor panel-first-child panel-last-child\" data-index=\"3\" ><div\n\t\t\t\n\t\t\tclass=\"so-widget-sow-editor so-widget-sow-editor-base\"\n\t\t\t\n\t\t>\n<div class=\"siteorigin-widget-tinymce textwidget\">\n\t<p style=\"text-align: center;\"><strong>Auteur(s) :<br \/>\n<\/strong>Orlando S\u00e1<\/p>\n<\/div>\n<\/div><\/div><\/div><div id=\"pgc-9937-1-1\"  class=\"panel-grid-cell\" ><div id=\"panel-9937-1-1-0\" class=\"so-panel widget widget_sow-editor panel-first-child panel-last-child\" data-index=\"4\" ><div\n\t\t\t\n\t\t\tclass=\"so-widget-sow-editor so-widget-sow-editor-base\"\n\t\t\t\n\t\t>\n<div class=\"siteorigin-widget-tinymce textwidget\">\n\t<p style=\"text-align: center;\"><strong>Illustrations :<\/strong><br \/>\nMarina Costa<\/p>\n<\/div>\n<\/div><\/div><\/div><div id=\"pgc-9937-1-2\"  class=\"panel-grid-cell\" ><div id=\"panel-9937-1-2-0\" class=\"so-panel widget widget_sow-editor panel-first-child panel-last-child\" data-index=\"5\" ><div\n\t\t\t\n\t\t\tclass=\"so-widget-sow-editor so-widget-sow-editor-base\"\n\t\t\t\n\t\t>\n<div class=\"siteorigin-widget-tinymce textwidget\">\n\t<p style=\"text-align: center;\"><strong>\u00c9dition :<\/strong><br \/>\n<span class=\"data-siloing\" data-siloing=\"\n\n                                                            https:\/\/www.philibertnet.com\/fr\/1090_geek-attitude-games\n\n                            \">Geek Attitude Games<br \/>\n2021<\/span><\/p>\n<\/div>\n<\/div><\/div><\/div><div id=\"pgc-9937-1-3\"  class=\"panel-grid-cell\" ><div id=\"panel-9937-1-3-0\" class=\"so-panel widget widget_sow-editor panel-first-child panel-last-child\" data-index=\"6\" ><div\n\t\t\t\n\t\t\tclass=\"so-widget-sow-editor so-widget-sow-editor-base\"\n\t\t\t\n\t\t>\n<div class=\"siteorigin-widget-tinymce textwidget\">\n\t<p style=\"text-align: center;\"><strong>Version :<\/strong><br \/>\nFran\u00e7aise<\/p>\n<\/div>\n<\/div><\/div><\/div><\/div><div id=\"pg-9937-2\"  class=\"panel-grid panel-no-style\" ><div id=\"pgc-9937-2-0\"  class=\"panel-grid-cell\" ><div id=\"panel-9937-2-0-0\" class=\"so-panel widget widget_sow-editor panel-first-child panel-last-child\" data-index=\"7\" ><div\n\t\t\t\n\t\t\tclass=\"so-widget-sow-editor so-widget-sow-editor-base\"\n\t\t\t\n\t\t>\n<div class=\"siteorigin-widget-tinymce textwidget\">\n\t<hr \/>\n<p><em>Po\u00e8te, \u00e9crivain, traducteur, \u00e9diteur et philosophe portugais, Fernando Ant\u00f3nio Nogueira Pessoa (13 juin 1888 - 30 novembre 1935) est l\u2019une des figures litt\u00e9raires les plus intrigantes et les plus prolifiques du XX\u00e8me si\u00e8cle, non seulement sous sa propre identit\u00e9, mais \u00e9galement sous de nombreux autres noms. <\/em><\/p>\n<p><em>Pessoa se d\u00e9clarait litt\u00e9ralement constitu\u00e9 d\u2019une multitude de personnalit\u00e9s, chacune ind\u00e9pendante des autres et de sa propre personne physique. Il les appelait ses h\u00e9t\u00e9ronymes.<\/em><\/p>\n<p><em>Pessoa<\/em> est un jeu de placement d\u2019ouvriers dans\u00a0 lequel chaque joueur interpr\u00e8te un des plus c\u00e9l\u00e8bres\u00a0 h\u00e9t\u00e9ronymes de l\u2019\u00e9crivain : Alberto Caeiro, Ricardo Reis, \u00c1lvaro de Campos ou Bernardo Soares.\u00a0 Vous devrez vous d\u00e9placer entre l'espace m\u00e9taphysique de la t\u00eate de Pessoa et les espaces physiques de Lisbonne pour vous inspirer des caf\u00e9s embl\u00e9matiques, visiter les librairies pour enrichir votre biblioth\u00e8que et vos connaissances, et chercher l'inspiration pour \u00e9crire des po\u00e8mes, marquant ainsi des points de victoire.<\/p>\n<p>\u00c0 son tour de jeu, un joueur d\u00e9place son pion\u00a0 H\u00e9t\u00e9ronyme, ou le pion Pessoa, dans l\u2019un des quartiers\u00a0 de Lisbonne pour y effectuer une action sp\u00e9cifique.<\/p>\n<p><em>Pessoa<\/em> propose deux modules pouvant \u00eatre ajout\u00e9s,\u00a0 ensemble ou s\u00e9par\u00e9ment, aux r\u00e8gles de base. Ceux-ci apportent de l\u2019asym\u00e9trie dans le jeu. Les joueurs\u00a0 exp\u00e9riment\u00e9s peuvent les utiliser d\u00e8s la premi\u00e8re partie.<\/p>\n<\/div>\n<\/div><\/div><\/div><\/div><div id=\"pg-9937-3\"  class=\"panel-grid panel-no-style\" ><div id=\"pgc-9937-3-0\"  class=\"panel-grid-cell\" ><div id=\"panel-9937-3-0-0\" class=\"so-panel widget widget_sow-editor panel-first-child panel-last-child\" data-index=\"8\" ><div\n\t\t\t\n\t\t\tclass=\"so-widget-sow-editor so-widget-sow-editor-base\"\n\t\t\t\n\t\t>\n<div class=\"siteorigin-widget-tinymce textwidget\">\n\t<hr \/>\n<h3 style=\"text-align: center;\">En vid\u00e9o<\/h3>\n<p><a href=\"https:\/\/www.youtube.com\/watch?v=5OKKHfDtPS4&amp;ab_channel=Jevousexpliquelesr%C3%A8gles\" target=\"_blank\" rel=\"noopener\"><img loading=\"lazy\" decoding=\"async\" class=\"alignnone size-full wp-image-9090\" src=\"https:\/\/meeplendice.net\/wp-content\/uploads\/2022\/01\/Link_CJ_v2.png\" alt=\"\" width=\"200\" height=\"170\" \/><\/a><\/p>\n<\/div>\n<\/div><\/div><\/div><\/div><div id=\"pg-9937-4\"  class=\"panel-grid panel-no-style\" ><div id=\"pgc-9937-4-0\"  class=\"panel-grid-cell\" ><div id=\"panel-9937-4-0-0\" class=\"so-panel widget widget_sow-editor panel-first-child panel-last-child\" data-index=\"9\" ><div\n\t\t\t\n\t\t\tclass=\"so-widget-sow-editor so-widget-sow-editor-base\"\n\t\t\t\n\t\t>\n<div class=\"siteorigin-widget-tinymce textwidget\">\n\t<hr \/>\n<h3 style=\"text-align: center;\">Pour aller plus loin<\/h3>\n<\/div>\n<\/div><\/div><\/div><\/div><\/div>","protected":false},"excerpt":{"rendered":"<p>Nombre de joueurs : 1 &#8211; 4 Dur\u00e9e moyenne : 60 min Age : 12 ans et plus Auteur(s) : Orlando S\u00e1 Illustrations : Marina Costa \u00c9dition : Geek Attitude Games 2021 Version : Fran\u00e7aise<\/p>\n","protected":false},"author":2,"featured_media":9746,"parent":0,"menu_order":0,"comment_status":"closed","ping_status":"closed","template":"","meta":{"footnotes":""},"class_list":["post-9937","page","type-page","status-publish","has-post-thumbnail","hentry"],"acf":[],"rttpg_featured_image_url":{"full":["https:\/\/meeplendice.net\/wp-content\/uploads\/2022\/05\/Pessoa.png",350,350,false],"landscape":["https:\/\/meeplendice.net\/wp-content\/uploads\/2022\/05\/Pessoa.png",350,350,false],"portraits":["https:\/\/meeplendice.net\/wp-content\/uploads\/2022\/05\/Pessoa.png",350,350,false],"thumbnail":["https:\/\/meeplendice.net\/wp-content\/uploads\/2022\/05\/Pessoa-150x150.png",150,150,true],"medium":["https:\/\/meeplendice.net\/wp-content\/uploads\/2022\/05\/Pessoa-300x300.png",300,300,true],"large":["https:\/\/meeplendice.net\/wp-content\/uploads\/2022\/05\/Pessoa.png",350,350,false],"ug_big":["https:\/\/meeplendice.net\/wp-content\/uploads\/2022\/05\/Pessoa.png",350,350,false],"1536x1536":["https:\/\/meeplendice.net\/wp-content\/uploads\/2022\/05\/Pessoa.png",350,350,false],"2048x2048":["https:\/\/meeplendice.net\/wp-content\/uploads\/2022\/05\/Pessoa.png",350,350,false],"ashe-slider-grid-thumbnail":["https:\/\/meeplendice.net\/wp-content\/uploads\/2022\/05\/Pessoa.png",350,350,false],"ashe-full-thumbnail":["https:\/\/meeplendice.net\/wp-content\/uploads\/2022\/05\/Pessoa.png",350,350,false],"ashe-grid-thumbnail":["https:\/\/meeplendice.net\/wp-content\/uploads\/2022\/05\/Pessoa-350x330.png",350,330,true],"ashe-list-thumbnail":["https:\/\/meeplendice.net\/wp-content\/uploads\/2022\/05\/Pessoa-300x300.png",300,300,true],"ashe-single-navigation":["https:\/\/meeplendice.net\/wp-content\/uploads\/2022\/05\/Pessoa-75x75.png",75,75,true],"mailpoet_newsletter_max":["https:\/\/meeplendice.net\/wp-content\/uploads\/2022\/05\/Pessoa.png",350,350,false],"rpwe-thumbnail":["https:\/\/meeplendice.net\/wp-content\/uploads\/2022\/05\/Pessoa-45x45.png",45,45,true],"sow-carousel-default":["https:\/\/meeplendice.net\/wp-content\/uploads\/2022\/05\/Pessoa-272x182.png",272,182,true],"rt_custom":["https:\/\/meeplendice.net\/wp-content\/uploads\/2022\/05\/Pessoa.png",350,350,false]},"rttpg_author":{"display_name":"Karnby","author_link":"https:\/\/meeplendice.net\/?author=2"},"rttpg_comment":0,"rttpg_category":null,"rttpg_excerpt":"Nombre de joueurs : 1 - 4 Dur\u00e9e moyenne : 60 min Age : 12 ans et plus Auteur(s) : Orlando S\u00e1 Illustrations : Marina Costa \u00c9dition : Geek Attitude Games 2021 Version : Fran\u00e7aise","_links":{"self":[{"href":"https:\/\/meeplendice.net\/index.php?rest_route=\/wp\/v2\/pages\/9937","targetHints":{"allow":["GET"]}}],"collection":[{"href":"https:\/\/meeplendice.net\/index.php?rest_route=\/wp\/v2\/pages"}],"about":[{"href":"https:\/\/meeplendice.net\/index.php?rest_route=\/wp\/v2\/types\/page"}],"author":[{"embeddable":true,"href":"https:\/\/meeplendice.net\/index.php?rest_route=\/wp\/v2\/users\/2"}],"replies":[{"embeddable":true,"href":"https:\/\/meeplendice.net\/index.php?rest_route=%2Fwp%2Fv2%2Fcomments&post=9937"}],"version-history":[{"count":5,"href":"https:\/\/meeplendice.net\/index.php?rest_route=\/wp\/v2\/pages\/9937\/revisions"}],"predecessor-version":[{"id":9941,"href":"https:\/\/meeplendice.net\/index.php?rest_route=\/wp\/v2\/pages\/9937\/revisions\/9941"}],"wp:featuredmedia":[{"embeddable":true,"href":"https:\/\/meeplendice.net\/index.php?rest_route=\/wp\/v2\/media\/9746"}],"wp:attachment":[{"href":"https:\/\/meeplendice.net\/index.php?rest_route=%2Fwp%2Fv2%2Fmedia&parent=9937"}],"curies":[{"name":"wp","href":"https:\/\/api.w.org\/{rel}","templated":true}]}}