{"id":9959,"date":"2022-06-03T09:45:34","date_gmt":"2022-06-03T08:45:34","guid":{"rendered":"https:\/\/meeplendice.net\/?page_id=9959"},"modified":"2022-06-03T09:45:34","modified_gmt":"2022-06-03T08:45:34","slug":"racers-of-the-lost-arena","status":"publish","type":"page","link":"https:\/\/meeplendice.net\/?page_id=9959","title":{"rendered":"Racers of The Lost Arena"},"content":{"rendered":"<div><em>Passez \u00e0 la vitesse sup\u00e9rieure !<\/em><\/div>\n<div><\/div>\n<div>Premi\u00e8re extension pour Hollywood Racers, Racers Of The Lost Arena vous permet d\u2019enrichir grandement vos parties d\u2019Hollywood Racers :<\/div>\n<ul>\n<li>2 nouveaux modes de jeu (un mode Ar\u00e8ne et un mode Solo \u2013 de type Tower Defense)<\/li>\n<li>2 nouveaux managers<\/li>\n<li>10 nouveaux pilotes<\/li>\n<li>3 nouveaux plateaux recto-verso<\/li>\n<li>Possibilit\u00e9 d\u2019ajouter un 6\u00e8me joueur \u00e0 vos courses<\/li>\n<\/ul>\n","protected":false},"excerpt":{"rendered":"<p>Passez \u00e0 la vitesse sup\u00e9rieure ! Premi\u00e8re extension pour Hollywood Racers, Racers Of The Lost Arena vous permet d\u2019enrichir grandement vos parties d\u2019Hollywood Racers : 2 nouveaux modes de jeu (un mode Ar\u00e8ne et un mode Solo \u2013 de type Tower Defense) 2 nouveaux managers 10 nouveaux pilotes 3 nouveaux plateaux recto-verso Possibilit\u00e9 d\u2019ajouter un 6\u00e8me joueur \u00e0 vos courses<\/p>\n","protected":false},"author":2,"featured_media":9737,"parent":9956,"menu_order":1,"comment_status":"closed","ping_status":"closed","template":"","meta":{"footnotes":""},"class_list":["post-9959","page","type-page","status-publish","has-post-thumbnail","hentry"],"acf":[],"rttpg_featured_image_url":{"full":["https:\/\/meeplendice.net\/wp-content\/uploads\/2022\/05\/HR_RotLA.png",350,350,false],"landscape":["https:\/\/meeplendice.net\/wp-content\/uploads\/2022\/05\/HR_RotLA.png",350,350,false],"portraits":["https:\/\/meeplendice.net\/wp-content\/uploads\/2022\/05\/HR_RotLA.png",350,350,false],"thumbnail":["https:\/\/meeplendice.net\/wp-content\/uploads\/2022\/05\/HR_RotLA-150x150.png",150,150,true],"medium":["https:\/\/meeplendice.net\/wp-content\/uploads\/2022\/05\/HR_RotLA-300x300.png",300,300,true],"large":["https:\/\/meeplendice.net\/wp-content\/uploads\/2022\/05\/HR_RotLA.png",350,350,false],"ug_big":["https:\/\/meeplendice.net\/wp-content\/uploads\/2022\/05\/HR_RotLA.png",350,350,false],"1536x1536":["https:\/\/meeplendice.net\/wp-content\/uploads\/2022\/05\/HR_RotLA.png",350,350,false],"2048x2048":["https:\/\/meeplendice.net\/wp-content\/uploads\/2022\/05\/HR_RotLA.png",350,350,false],"ashe-slider-grid-thumbnail":["https:\/\/meeplendice.net\/wp-content\/uploads\/2022\/05\/HR_RotLA.png",350,350,false],"ashe-full-thumbnail":["https:\/\/meeplendice.net\/wp-content\/uploads\/2022\/05\/HR_RotLA.png",350,350,false],"ashe-grid-thumbnail":["https:\/\/meeplendice.net\/wp-content\/uploads\/2022\/05\/HR_RotLA-350x330.png",350,330,true],"ashe-list-thumbnail":["https:\/\/meeplendice.net\/wp-content\/uploads\/2022\/05\/HR_RotLA-300x300.png",300,300,true],"ashe-single-navigation":["https:\/\/meeplendice.net\/wp-content\/uploads\/2022\/05\/HR_RotLA-75x75.png",75,75,true],"mailpoet_newsletter_max":["https:\/\/meeplendice.net\/wp-content\/uploads\/2022\/05\/HR_RotLA.png",350,350,false],"rpwe-thumbnail":["https:\/\/meeplendice.net\/wp-content\/uploads\/2022\/05\/HR_RotLA-45x45.png",45,45,true],"sow-carousel-default":["https:\/\/meeplendice.net\/wp-content\/uploads\/2022\/05\/HR_RotLA-272x182.png",272,182,true],"rt_custom":["https:\/\/meeplendice.net\/wp-content\/uploads\/2022\/05\/HR_RotLA.png",350,350,false]},"rttpg_author":{"display_name":"Karnby","author_link":"https:\/\/meeplendice.net\/?author=2"},"rttpg_comment":0,"rttpg_category":null,"rttpg_excerpt":"Passez \u00e0 la vitesse sup\u00e9rieure ! Premi\u00e8re extension pour Hollywood Racers, Racers Of The Lost Arena vous permet d\u2019enrichir grandement vos parties d\u2019Hollywood Racers : 2 nouveaux modes de jeu (un mode Ar\u00e8ne et un mode Solo \u2013 de type Tower Defense) 2 nouveaux managers 10 nouveaux pilotes 3 nouveaux plateaux recto-verso Possibilit\u00e9 d\u2019ajouter un\u2026","_links":{"self":[{"href":"https:\/\/meeplendice.net\/index.php?rest_route=\/wp\/v2\/pages\/9959","targetHints":{"allow":["GET"]}}],"collection":[{"href":"https:\/\/meeplendice.net\/index.php?rest_route=\/wp\/v2\/pages"}],"about":[{"href":"https:\/\/meeplendice.net\/index.php?rest_route=\/wp\/v2\/types\/page"}],"author":[{"embeddable":true,"href":"https:\/\/meeplendice.net\/index.php?rest_route=\/wp\/v2\/users\/2"}],"replies":[{"embeddable":true,"href":"https:\/\/meeplendice.net\/index.php?rest_route=%2Fwp%2Fv2%2Fcomments&post=9959"}],"version-history":[{"count":1,"href":"https:\/\/meeplendice.net\/index.php?rest_route=\/wp\/v2\/pages\/9959\/revisions"}],"predecessor-version":[{"id":9960,"href":"https:\/\/meeplendice.net\/index.php?rest_route=\/wp\/v2\/pages\/9959\/revisions\/9960"}],"up":[{"embeddable":true,"href":"https:\/\/meeplendice.net\/index.php?rest_route=\/wp\/v2\/pages\/9956"}],"wp:featuredmedia":[{"embeddable":true,"href":"https:\/\/meeplendice.net\/index.php?rest_route=\/wp\/v2\/media\/9737"}],"wp:attachment":[{"href":"https:\/\/meeplendice.net\/index.php?rest_route=%2Fwp%2Fv2%2Fmedia&parent=9959"}],"curies":[{"name":"wp","href":"https:\/\/api.w.org\/{rel}","templated":true}]}}