{"id":9971,"date":"2022-06-03T10:18:54","date_gmt":"2022-06-03T09:18:54","guid":{"rendered":"https:\/\/meeplendice.net\/?page_id=9971"},"modified":"2022-06-03T10:18:54","modified_gmt":"2022-06-03T09:18:54","slug":"mini-extension-personnages","status":"publish","type":"page","link":"https:\/\/meeplendice.net\/?page_id=9971","title":{"rendered":"Mini extension personnages"},"content":{"rendered":"<p><em>2 nouveaux personnages viennent \u00e9largir la s\u00e9lection de cartes !<\/em><\/p>\n<p>&#8211; <strong>Le Faune :<\/strong> Si votre d\u00e9 devait \u00eatre annul\u00e9, faites le tout d&rsquo;abord pivoter sur la face de plus grande valeur qui n&rsquo;est pas visible sur les autres d\u00e9s, puis comparez de nouveau les valeurs. Cet effet s&rsquo;applique lors de l&rsquo;\u00e9tape 3.<\/p>\n<p>&#8211; <strong>La Collectionneuse :<\/strong> Si votre d\u00e9 est annul\u00e9, vous \u00eates le champion. Le joueur qui devait \u00eatre champion devient le dauphin. Cet effet s&rsquo;applique lors de l&rsquo;\u00e9tape 3.<\/p>\n<p>&nbsp;<\/p>\n","protected":false},"excerpt":{"rendered":"<p>2 nouveaux personnages viennent \u00e9largir la s\u00e9lection de cartes ! &#8211; Le Faune : Si votre d\u00e9 devait \u00eatre annul\u00e9, faites le tout d&rsquo;abord pivoter sur la face de plus grande valeur qui n&rsquo;est pas visible sur les autres d\u00e9s, puis comparez de nouveau les valeurs. Cet effet s&rsquo;applique lors de l&rsquo;\u00e9tape 3. &#8211; La Collectionneuse : Si votre d\u00e9 est annul\u00e9, vous \u00eates le champion. Le joueur qui devait \u00eatre champion devient le dauphin. Cet effet s&rsquo;applique lors de l&rsquo;\u00e9tape 3. &nbsp;<\/p>\n","protected":false},"author":2,"featured_media":9736,"parent":9966,"menu_order":1,"comment_status":"closed","ping_status":"closed","template":"","meta":{"footnotes":""},"class_list":["post-9971","page","type-page","status-publish","has-post-thumbnail","hentry"],"acf":[],"rttpg_featured_image_url":{"full":["https:\/\/meeplendice.net\/wp-content\/uploads\/2022\/05\/LR12_Miniextension.png",350,350,false],"landscape":["https:\/\/meeplendice.net\/wp-content\/uploads\/2022\/05\/LR12_Miniextension.png",350,350,false],"portraits":["https:\/\/meeplendice.net\/wp-content\/uploads\/2022\/05\/LR12_Miniextension.png",350,350,false],"thumbnail":["https:\/\/meeplendice.net\/wp-content\/uploads\/2022\/05\/LR12_Miniextension-150x150.png",150,150,true],"medium":["https:\/\/meeplendice.net\/wp-content\/uploads\/2022\/05\/LR12_Miniextension-300x300.png",300,300,true],"large":["https:\/\/meeplendice.net\/wp-content\/uploads\/2022\/05\/LR12_Miniextension.png",350,350,false],"ug_big":["https:\/\/meeplendice.net\/wp-content\/uploads\/2022\/05\/LR12_Miniextension.png",350,350,false],"1536x1536":["https:\/\/meeplendice.net\/wp-content\/uploads\/2022\/05\/LR12_Miniextension.png",350,350,false],"2048x2048":["https:\/\/meeplendice.net\/wp-content\/uploads\/2022\/05\/LR12_Miniextension.png",350,350,false],"ashe-slider-grid-thumbnail":["https:\/\/meeplendice.net\/wp-content\/uploads\/2022\/05\/LR12_Miniextension.png",350,350,false],"ashe-full-thumbnail":["https:\/\/meeplendice.net\/wp-content\/uploads\/2022\/05\/LR12_Miniextension.png",350,350,false],"ashe-grid-thumbnail":["https:\/\/meeplendice.net\/wp-content\/uploads\/2022\/05\/LR12_Miniextension-350x330.png",350,330,true],"ashe-list-thumbnail":["https:\/\/meeplendice.net\/wp-content\/uploads\/2022\/05\/LR12_Miniextension-300x300.png",300,300,true],"ashe-single-navigation":["https:\/\/meeplendice.net\/wp-content\/uploads\/2022\/05\/LR12_Miniextension-75x75.png",75,75,true],"mailpoet_newsletter_max":["https:\/\/meeplendice.net\/wp-content\/uploads\/2022\/05\/LR12_Miniextension.png",350,350,false],"rpwe-thumbnail":["https:\/\/meeplendice.net\/wp-content\/uploads\/2022\/05\/LR12_Miniextension-45x45.png",45,45,true],"sow-carousel-default":["https:\/\/meeplendice.net\/wp-content\/uploads\/2022\/05\/LR12_Miniextension-272x182.png",272,182,true],"rt_custom":["https:\/\/meeplendice.net\/wp-content\/uploads\/2022\/05\/LR12_Miniextension.png",350,350,false]},"rttpg_author":{"display_name":"Karnby","author_link":"https:\/\/meeplendice.net\/?author=2"},"rttpg_comment":0,"rttpg_category":null,"rttpg_excerpt":"2 nouveaux personnages viennent \u00e9largir la s\u00e9lection de cartes ! &#8211; Le Faune : Si votre d\u00e9 devait \u00eatre annul\u00e9, faites le tout d&rsquo;abord pivoter sur la face de plus grande valeur qui n&rsquo;est pas visible sur les autres d\u00e9s, puis comparez de nouveau les valeurs. Cet effet s&rsquo;applique lors de l&rsquo;\u00e9tape 3. &#8211; La\u2026","_links":{"self":[{"href":"https:\/\/meeplendice.net\/index.php?rest_route=\/wp\/v2\/pages\/9971","targetHints":{"allow":["GET"]}}],"collection":[{"href":"https:\/\/meeplendice.net\/index.php?rest_route=\/wp\/v2\/pages"}],"about":[{"href":"https:\/\/meeplendice.net\/index.php?rest_route=\/wp\/v2\/types\/page"}],"author":[{"embeddable":true,"href":"https:\/\/meeplendice.net\/index.php?rest_route=\/wp\/v2\/users\/2"}],"replies":[{"embeddable":true,"href":"https:\/\/meeplendice.net\/index.php?rest_route=%2Fwp%2Fv2%2Fcomments&post=9971"}],"version-history":[{"count":1,"href":"https:\/\/meeplendice.net\/index.php?rest_route=\/wp\/v2\/pages\/9971\/revisions"}],"predecessor-version":[{"id":9972,"href":"https:\/\/meeplendice.net\/index.php?rest_route=\/wp\/v2\/pages\/9971\/revisions\/9972"}],"up":[{"embeddable":true,"href":"https:\/\/meeplendice.net\/index.php?rest_route=\/wp\/v2\/pages\/9966"}],"wp:featuredmedia":[{"embeddable":true,"href":"https:\/\/meeplendice.net\/index.php?rest_route=\/wp\/v2\/media\/9736"}],"wp:attachment":[{"href":"https:\/\/meeplendice.net\/index.php?rest_route=%2Fwp%2Fv2%2Fmedia&parent=9971"}],"curies":[{"name":"wp","href":"https:\/\/api.w.org\/{rel}","templated":true}]}}