{"id":9977,"date":"2022-06-03T11:28:41","date_gmt":"2022-06-03T10:28:41","guid":{"rendered":"https:\/\/meeplendice.net\/?page_id=9977"},"modified":"2022-07-03T18:41:17","modified_gmt":"2022-07-03T17:41:17","slug":"mob-big-apple","status":"publish","type":"page","link":"https:\/\/meeplendice.net\/?page_id=9977","title":{"rendered":"MOB &#8211; Big Apple"},"content":{"rendered":"<div id=\"pl-9977\"  class=\"panel-layout\" ><div id=\"pg-9977-0\"  class=\"panel-grid panel-no-style\" ><div id=\"pgc-9977-0-0\"  class=\"panel-grid-cell\" ><div id=\"panel-9977-0-0-0\" class=\"so-panel widget widget_sow-editor panel-first-child panel-last-child\" data-index=\"0\" ><div\n\t\t\t\n\t\t\tclass=\"so-widget-sow-editor so-widget-sow-editor-base\"\n\t\t\t\n\t\t>\n<div class=\"siteorigin-widget-tinymce textwidget\">\n\t<p style=\"text-align: center;\"><strong>Nombre de joueurs :<\/strong><br \/>\n2 - 2<\/p>\n<\/div>\n<\/div><\/div><\/div><div id=\"pgc-9977-0-1\"  class=\"panel-grid-cell\" ><div id=\"panel-9977-0-1-0\" class=\"so-panel widget widget_sow-editor panel-first-child panel-last-child\" data-index=\"1\" ><div\n\t\t\t\n\t\t\tclass=\"so-widget-sow-editor so-widget-sow-editor-base\"\n\t\t\t\n\t\t>\n<div class=\"siteorigin-widget-tinymce textwidget\">\n\t<p style=\"text-align: center;\"><strong>Dur\u00e9e moyenne :<\/strong><br \/>\n40 min<\/p>\n<\/div>\n<\/div><\/div><\/div><div id=\"pgc-9977-0-2\"  class=\"panel-grid-cell\" ><div id=\"panel-9977-0-2-0\" class=\"so-panel widget widget_sow-editor panel-first-child panel-last-child\" data-index=\"2\" ><div\n\t\t\t\n\t\t\tclass=\"so-widget-sow-editor so-widget-sow-editor-base\"\n\t\t\t\n\t\t>\n<div class=\"siteorigin-widget-tinymce textwidget\">\n\t<p style=\"text-align: center;\"><strong>Age :<\/strong><br \/>\n14 ans et plus<\/p>\n<\/div>\n<\/div><\/div><\/div><\/div><div id=\"pg-9977-1\"  class=\"panel-grid panel-no-style\" ><div id=\"pgc-9977-1-0\"  class=\"panel-grid-cell\" ><div id=\"panel-9977-1-0-0\" class=\"so-panel widget widget_sow-editor panel-first-child panel-last-child\" data-index=\"3\" ><div\n\t\t\t\n\t\t\tclass=\"so-widget-sow-editor so-widget-sow-editor-base\"\n\t\t\t\n\t\t>\n<div class=\"siteorigin-widget-tinymce textwidget\">\n\t<p style=\"text-align: center;\"><strong>Auteur(s) :<br \/>\n<\/strong>Steve Finn<\/p>\n<\/div>\n<\/div><\/div><\/div><div id=\"pgc-9977-1-1\"  class=\"panel-grid-cell\" ><div id=\"panel-9977-1-1-0\" class=\"so-panel widget widget_sow-editor panel-first-child panel-last-child\" data-index=\"4\" ><div\n\t\t\t\n\t\t\tclass=\"so-widget-sow-editor so-widget-sow-editor-base\"\n\t\t\t\n\t\t>\n<div class=\"siteorigin-widget-tinymce textwidget\">\n\t<p style=\"text-align: center;\"><strong>Illustrations :<br \/>\n<\/strong>Ossi Hiekkala<br \/>\nDavid Sookochoff<\/p>\n<\/div>\n<\/div><\/div><\/div><div id=\"pgc-9977-1-2\"  class=\"panel-grid-cell\" ><div id=\"panel-9977-1-2-0\" class=\"so-panel widget widget_sow-editor panel-first-child panel-last-child\" data-index=\"5\" ><div\n\t\t\t\n\t\t\tclass=\"so-widget-sow-editor so-widget-sow-editor-base\"\n\t\t\t\n\t\t>\n<div class=\"siteorigin-widget-tinymce textwidget\">\n\t<p style=\"text-align: center;\"><strong>\u00c9dition :<\/strong><br \/>\n<span class=\"data-siloing\" data-siloing=\"\n\n                                                            https:\/\/www.philibertnet.com\/fr\/2664_tgg-games\n\n                            \">TGG Games <\/span><br \/>\n2020<\/p>\n<\/div>\n<\/div><\/div><\/div><div id=\"pgc-9977-1-3\"  class=\"panel-grid-cell\" ><div id=\"panel-9977-1-3-0\" class=\"so-panel widget widget_sow-editor panel-first-child panel-last-child\" data-index=\"6\" ><div\n\t\t\t\n\t\t\tclass=\"so-widget-sow-editor so-widget-sow-editor-base\"\n\t\t\t\n\t\t>\n<div class=\"siteorigin-widget-tinymce textwidget\">\n\t<p style=\"text-align: center;\"><strong>Version :<\/strong><br \/>\nFran\u00e7aise<\/p>\n<\/div>\n<\/div><\/div><\/div><\/div><div id=\"pg-9977-2\"  class=\"panel-grid panel-no-style\" ><div id=\"pgc-9977-2-0\"  class=\"panel-grid-cell\" ><div id=\"panel-9977-2-0-0\" class=\"so-panel widget widget_sow-editor panel-first-child panel-last-child\" data-index=\"7\" ><div\n\t\t\t\n\t\t\tclass=\"so-widget-sow-editor so-widget-sow-editor-base\"\n\t\t\t\n\t\t>\n<div class=\"siteorigin-widget-tinymce textwidget\">\n\t<hr \/>\n<p><em>Prohibition, New York City - 1926.<\/em><\/p>\n<p><em>Deux familles mafieuses se battent pour le contr\u00f4le du territoire afin d'extorquer les entreprises locales et de contr\u00f4le la distribution clandestine de spiritueux.<br \/>\nChaque famille se bat de mani\u00e8re d\u00e9loyale, faisant tout ce qu'elles peuvent afin de r\u00e9cup\u00e9rer les caisses de contrebande, m\u00eame si cela signifie d'envoyer leur rivaux six pieds sous terre.<\/em><\/p>\n<p>Vous \u00eates le \"Capodecima\" d'une de ces familles. Commandes vos hommes de main pour prendre le dessus dans la ville de New York en r\u00e9cup\u00e9rant la contrebande, en \u00e9liminant vos rivaux, en d\u00e9masquant les mouchards et en informant le procureur sur les actions de vos adversaires.<\/p>\n<p>Avez-vous ce qu'il faut pour que votre famille contr\u00f4le Bip Apple ?\n<\/p>\n<p><em>MOB : Big Apple<\/em> est un jeu passionnant pour deux, qui se joue en moins d'une heure. Par le biais du contr\u00f4le de zone, du placement de d\u00e9s et d'ouvriers, vous tenterez d'\u00eatre plus sournois que votre adversaire afin de remporter la victoire !<\/p>\n<\/div>\n<\/div><\/div><\/div><\/div><div id=\"pg-9977-3\"  class=\"panel-grid panel-no-style\" ><div id=\"pgc-9977-3-0\"  class=\"panel-grid-cell\" ><div id=\"panel-9977-3-0-0\" class=\"so-panel widget widget_sow-editor panel-first-child panel-last-child\" data-index=\"8\" ><div\n\t\t\t\n\t\t\tclass=\"so-widget-sow-editor so-widget-sow-editor-base\"\n\t\t\t\n\t\t>\n<div class=\"siteorigin-widget-tinymce textwidget\">\n\t<hr \/>\n<h3 style=\"text-align: center;\">En vid\u00e9o<\/h3>\n<\/div>\n<\/div><\/div><\/div><\/div><div id=\"pg-9977-4\"  class=\"panel-grid panel-no-style\" ><div id=\"pgc-9977-4-0\"  class=\"panel-grid-cell\" ><div id=\"panel-9977-4-0-0\" class=\"so-panel widget widget_sow-editor panel-first-child panel-last-child\" data-index=\"9\" ><div\n\t\t\t\n\t\t\tclass=\"so-widget-sow-editor so-widget-sow-editor-base\"\n\t\t\t\n\t\t>\n<div class=\"siteorigin-widget-tinymce textwidget\">\n\t<hr \/>\n<h3 style=\"text-align: center;\">Pour aller plus loin<\/h3>\n<\/div>\n<\/div><\/div><\/div><\/div><\/div>","protected":false},"excerpt":{"rendered":"<p>Nombre de joueurs : 2 &#8211; 2 Dur\u00e9e moyenne : 40 min Age : 14 ans et plus Auteur(s) : Steve Finn Illustrations : Ossi Hiekkala David Sookochoff \u00c9dition : TGG Games 2020 Version : Fran\u00e7aise<\/p>\n","protected":false},"author":2,"featured_media":9755,"parent":0,"menu_order":0,"comment_status":"closed","ping_status":"closed","template":"","meta":{"footnotes":""},"class_list":["post-9977","page","type-page","status-publish","has-post-thumbnail","hentry"],"acf":[],"rttpg_featured_image_url":{"full":["https:\/\/meeplendice.net\/wp-content\/uploads\/2022\/05\/MOB_BigApple.png",350,350,false],"landscape":["https:\/\/meeplendice.net\/wp-content\/uploads\/2022\/05\/MOB_BigApple.png",350,350,false],"portraits":["https:\/\/meeplendice.net\/wp-content\/uploads\/2022\/05\/MOB_BigApple.png",350,350,false],"thumbnail":["https:\/\/meeplendice.net\/wp-content\/uploads\/2022\/05\/MOB_BigApple-150x150.png",150,150,true],"medium":["https:\/\/meeplendice.net\/wp-content\/uploads\/2022\/05\/MOB_BigApple-300x300.png",300,300,true],"large":["https:\/\/meeplendice.net\/wp-content\/uploads\/2022\/05\/MOB_BigApple.png",350,350,false],"ug_big":["https:\/\/meeplendice.net\/wp-content\/uploads\/2022\/05\/MOB_BigApple.png",350,350,false],"1536x1536":["https:\/\/meeplendice.net\/wp-content\/uploads\/2022\/05\/MOB_BigApple.png",350,350,false],"2048x2048":["https:\/\/meeplendice.net\/wp-content\/uploads\/2022\/05\/MOB_BigApple.png",350,350,false],"ashe-slider-grid-thumbnail":["https:\/\/meeplendice.net\/wp-content\/uploads\/2022\/05\/MOB_BigApple.png",350,350,false],"ashe-full-thumbnail":["https:\/\/meeplendice.net\/wp-content\/uploads\/2022\/05\/MOB_BigApple.png",350,350,false],"ashe-grid-thumbnail":["https:\/\/meeplendice.net\/wp-content\/uploads\/2022\/05\/MOB_BigApple-350x330.png",350,330,true],"ashe-list-thumbnail":["https:\/\/meeplendice.net\/wp-content\/uploads\/2022\/05\/MOB_BigApple-300x300.png",300,300,true],"ashe-single-navigation":["https:\/\/meeplendice.net\/wp-content\/uploads\/2022\/05\/MOB_BigApple-75x75.png",75,75,true],"mailpoet_newsletter_max":["https:\/\/meeplendice.net\/wp-content\/uploads\/2022\/05\/MOB_BigApple.png",350,350,false],"rpwe-thumbnail":["https:\/\/meeplendice.net\/wp-content\/uploads\/2022\/05\/MOB_BigApple-45x45.png",45,45,true],"sow-carousel-default":["https:\/\/meeplendice.net\/wp-content\/uploads\/2022\/05\/MOB_BigApple-272x182.png",272,182,true],"rt_custom":["https:\/\/meeplendice.net\/wp-content\/uploads\/2022\/05\/MOB_BigApple.png",350,350,false]},"rttpg_author":{"display_name":"Karnby","author_link":"https:\/\/meeplendice.net\/?author=2"},"rttpg_comment":0,"rttpg_category":null,"rttpg_excerpt":"Nombre de joueurs : 2 - 2 Dur\u00e9e moyenne : 40 min Age : 14 ans et plus Auteur(s) : Steve Finn Illustrations : Ossi Hiekkala David Sookochoff \u00c9dition : TGG Games 2020 Version : Fran\u00e7aise","_links":{"self":[{"href":"https:\/\/meeplendice.net\/index.php?rest_route=\/wp\/v2\/pages\/9977","targetHints":{"allow":["GET"]}}],"collection":[{"href":"https:\/\/meeplendice.net\/index.php?rest_route=\/wp\/v2\/pages"}],"about":[{"href":"https:\/\/meeplendice.net\/index.php?rest_route=\/wp\/v2\/types\/page"}],"author":[{"embeddable":true,"href":"https:\/\/meeplendice.net\/index.php?rest_route=\/wp\/v2\/users\/2"}],"replies":[{"embeddable":true,"href":"https:\/\/meeplendice.net\/index.php?rest_route=%2Fwp%2Fv2%2Fcomments&post=9977"}],"version-history":[{"count":5,"href":"https:\/\/meeplendice.net\/index.php?rest_route=\/wp\/v2\/pages\/9977\/revisions"}],"predecessor-version":[{"id":9986,"href":"https:\/\/meeplendice.net\/index.php?rest_route=\/wp\/v2\/pages\/9977\/revisions\/9986"}],"wp:featuredmedia":[{"embeddable":true,"href":"https:\/\/meeplendice.net\/index.php?rest_route=\/wp\/v2\/media\/9755"}],"wp:attachment":[{"href":"https:\/\/meeplendice.net\/index.php?rest_route=%2Fwp%2Fv2%2Fmedia&parent=9977"}],"curies":[{"name":"wp","href":"https:\/\/api.w.org\/{rel}","templated":true}]}}